{"id":8659,"date":"2024-08-29T13:20:33","date_gmt":"2024-08-29T11:20:33","guid":{"rendered":"https:\/\/fidertas-awareness.com\/?page_id=8659"},"modified":"2024-08-29T13:20:36","modified_gmt":"2024-08-29T11:20:36","slug":"disclaimer","status":"publish","type":"page","link":"https:\/\/fidertas-awareness.com\/en\/disclaimer\/","title":{"rendered":"Disclaimer"},"content":{"rendered":"<p><strong>Disclaimer regarding medical and therapeutic information<\/strong><\/p>\n\n\n\n<p>The content provided on this website, as well as on our social media channels, in products and courses, is for informational and educational purposes only. Julia and Steffen Bl\u00f6mer are not medical professionals and do not offer psychiatric care.<\/p>\n\n\n\n<p>Our content is not a substitute for professional medical advice, diagnosis, or treatment. It is not intended as a replacement for specialized services from qualified professionals.<\/p>\n\n\n\n<p>Coaching differs significantly from psychotherapy. Coaching does not involve making diagnoses or treating conditions such as depression, anxiety disorders, or addiction problems.<\/p>\n\n\n\n<p>Participation in our courses and coaching in general requires stable mental health. We therefore ask you to take responsibility for your own well-being.<\/p>\n\n\n\n<p>If you are or have been under medical or therapeutic treatment, we recommend that you consult with your therapist or doctor before participating in our courses to ensure that no exercises or methods are contraindicated.<\/p>\n\n\n\n<p>If you have or suspect you have health or mental health problems, please consult a doctor or mental health professional immediately. For questions about an illness or its treatment, always contact a qualified healthcare provider and never ignore professional advice in favor of our content. In case of experiencing violence, contact the police or a qualified counseling center immediately.<\/p>","protected":false},"excerpt":{"rendered":"<p>Haftungsausschluss f\u00fcr medizinische und therapeutische Informationen Die auf dieser Website sowie auf unseren Social-Media-Kan\u00e4len, in Produkten und Kursen bereitgestellten Inhalte dienen ausschlie\u00dflich Informations- und Bildungszwecken. Julia und Steffen Bl\u00f6mer sind keine medizinische Fachkraft und bietet keine psychiatrische Betreuung an. Unsere Inhalte ersetzen keine professionelle medizinische Beratung, Diagnose oder Behandlung. Sie sind nicht als Ersatz f\u00fcr [&hellip;]<\/p>","protected":false},"author":1,"featured_media":0,"parent":0,"menu_order":0,"comment_status":"closed","ping_status":"open","template":"","meta":{"_acf_changed":false,"footnotes":""},"class_list":["post-8659","page","type-page","status-publish","hentry"],"acf":[],"yoast_head":"<!-- This site is optimized with the Yoast SEO Premium plugin v23.1 (Yoast SEO v26.6) - https:\/\/yoast.com\/wordpress\/plugins\/seo\/ -->\n<title>Disclaimer - Fidertas - Awareness<\/title>\n<meta name=\"robots\" content=\"noindex, follow\" \/>\n<meta property=\"og:locale\" content=\"en_US\" \/>\n<meta property=\"og:type\" content=\"article\" \/>\n<meta property=\"og:title\" content=\"Disclaimer\" \/>\n<meta property=\"og:description\" content=\"Haftungsausschluss f\u00fcr medizinische und therapeutische Informationen Die auf dieser Website sowie auf unseren Social-Media-Kan\u00e4len, in Produkten und Kursen bereitgestellten Inhalte dienen ausschlie\u00dflich Informations- und Bildungszwecken. Julia und Steffen Bl\u00f6mer sind keine medizinische Fachkraft und bietet keine psychiatrische Betreuung an. Unsere Inhalte ersetzen keine professionelle medizinische Beratung, Diagnose oder Behandlung. Sie sind nicht als Ersatz f\u00fcr [&hellip;]\" \/>\n<meta property=\"og:url\" content=\"https:\/\/fidertas-awareness.com\/en\/disclaimer\/\" \/>\n<meta property=\"og:site_name\" content=\"Fidertas - Awareness\" \/>\n<meta property=\"article:modified_time\" content=\"2024-08-29T11:20:36+00:00\" \/>\n<meta name=\"twitter:card\" content=\"summary_large_image\" \/>\n<meta name=\"twitter:label1\" content=\"Est. reading time\" \/>\n\t<meta name=\"twitter:data1\" content=\"2 minutes\" \/>\n<script type=\"application\/ld+json\" class=\"yoast-schema-graph\">{\"@context\":\"https:\/\/schema.org\",\"@graph\":[{\"@type\":\"Article\",\"@id\":\"https:\/\/fidertas-awareness.com\/disclaimer\/#article\",\"isPartOf\":{\"@id\":\"https:\/\/fidertas-awareness.com\/disclaimer\/\"},\"author\":{\"name\":\"werbeonkel\",\"@id\":\"https:\/\/fidertas-awareness.com\/#\/schema\/person\/7ec3a452f03581037cc2881b8e5f555a\"},\"headline\":\"Disclaimer\",\"datePublished\":\"2024-08-29T11:20:33+00:00\",\"dateModified\":\"2024-08-29T11:20:36+00:00\",\"mainEntityOfPage\":{\"@id\":\"https:\/\/fidertas-awareness.com\/disclaimer\/\"},\"wordCount\":205,\"publisher\":{\"@id\":\"https:\/\/fidertas-awareness.com\/#organization\"},\"inLanguage\":\"en-US\"},{\"@type\":\"WebPage\",\"@id\":\"https:\/\/fidertas-awareness.com\/disclaimer\/\",\"url\":\"https:\/\/fidertas-awareness.com\/disclaimer\/\",\"name\":\"Disclaimer - Fidertas - Awareness\",\"isPartOf\":{\"@id\":\"https:\/\/fidertas-awareness.com\/#website\"},\"datePublished\":\"2024-08-29T11:20:33+00:00\",\"dateModified\":\"2024-08-29T11:20:36+00:00\",\"breadcrumb\":{\"@id\":\"https:\/\/fidertas-awareness.com\/disclaimer\/#breadcrumb\"},\"inLanguage\":\"en-US\",\"potentialAction\":[{\"@type\":\"ReadAction\",\"target\":[\"https:\/\/fidertas-awareness.com\/disclaimer\/\"]}]},{\"@type\":\"BreadcrumbList\",\"@id\":\"https:\/\/fidertas-awareness.com\/disclaimer\/#breadcrumb\",\"itemListElement\":[{\"@type\":\"ListItem\",\"position\":1,\"name\":\"Startseite\",\"item\":\"https:\/\/fidertas-awareness.com\/\"},{\"@type\":\"ListItem\",\"position\":2,\"name\":\"Disclaimer\"}]},{\"@type\":\"WebSite\",\"@id\":\"https:\/\/fidertas-awareness.com\/#website\",\"url\":\"https:\/\/fidertas-awareness.com\/\",\"name\":\"Fidertas - Awareness\",\"description\":\"\",\"publisher\":{\"@id\":\"https:\/\/fidertas-awareness.com\/#organization\"},\"potentialAction\":[{\"@type\":\"SearchAction\",\"target\":{\"@type\":\"EntryPoint\",\"urlTemplate\":\"https:\/\/fidertas-awareness.com\/?s={search_term_string}\"},\"query-input\":{\"@type\":\"PropertyValueSpecification\",\"valueRequired\":true,\"valueName\":\"search_term_string\"}}],\"inLanguage\":\"en-US\"},{\"@type\":\"Organization\",\"@id\":\"https:\/\/fidertas-awareness.com\/#organization\",\"name\":\"Fidertas - Awareness\",\"url\":\"https:\/\/fidertas-awareness.com\/\",\"logo\":{\"@type\":\"ImageObject\",\"inLanguage\":\"en-US\",\"@id\":\"https:\/\/fidertas-awareness.com\/#\/schema\/logo\/image\/\",\"url\":\"https:\/\/fidertas-awareness.com\/wp-content\/uploads\/2023\/10\/cropped-Fidertas_Logo_RGB.png\",\"contentUrl\":\"https:\/\/fidertas-awareness.com\/wp-content\/uploads\/2023\/10\/cropped-Fidertas_Logo_RGB.png\",\"width\":2160,\"height\":1181,\"caption\":\"Fidertas - Awareness\"},\"image\":{\"@id\":\"https:\/\/fidertas-awareness.com\/#\/schema\/logo\/image\/\"}},{\"@type\":\"Person\",\"@id\":\"https:\/\/fidertas-awareness.com\/#\/schema\/person\/7ec3a452f03581037cc2881b8e5f555a\",\"name\":\"werbeonkel\",\"image\":{\"@type\":\"ImageObject\",\"inLanguage\":\"en-US\",\"@id\":\"https:\/\/fidertas-awareness.com\/#\/schema\/person\/image\/\",\"url\":\"https:\/\/secure.gravatar.com\/avatar\/c3100906425a1b1918f4f9d4814e78a161b6d51ea5ce8e652343f07f05fcf895?s=96&d=mm&r=g\",\"contentUrl\":\"https:\/\/secure.gravatar.com\/avatar\/c3100906425a1b1918f4f9d4814e78a161b6d51ea5ce8e652343f07f05fcf895?s=96&d=mm&r=g\",\"caption\":\"werbeonkel\"}}]}<\/script>\n<!-- \/ Yoast SEO Premium plugin. -->","yoast_head_json":{"title":"Disclaimer - Fidertas - Awareness","robots":{"index":"noindex","follow":"follow"},"og_locale":"en_US","og_type":"article","og_title":"Disclaimer","og_description":"Haftungsausschluss f\u00fcr medizinische und therapeutische Informationen Die auf dieser Website sowie auf unseren Social-Media-Kan\u00e4len, in Produkten und Kursen bereitgestellten Inhalte dienen ausschlie\u00dflich Informations- und Bildungszwecken. Julia und Steffen Bl\u00f6mer sind keine medizinische Fachkraft und bietet keine psychiatrische Betreuung an. Unsere Inhalte ersetzen keine professionelle medizinische Beratung, Diagnose oder Behandlung. Sie sind nicht als Ersatz f\u00fcr [&hellip;]","og_url":"https:\/\/fidertas-awareness.com\/en\/disclaimer\/","og_site_name":"Fidertas - Awareness","article_modified_time":"2024-08-29T11:20:36+00:00","twitter_card":"summary_large_image","twitter_misc":{"Est. reading time":"2 minutes"},"schema":{"@context":"https:\/\/schema.org","@graph":[{"@type":"Article","@id":"https:\/\/fidertas-awareness.com\/disclaimer\/#article","isPartOf":{"@id":"https:\/\/fidertas-awareness.com\/disclaimer\/"},"author":{"name":"werbeonkel","@id":"https:\/\/fidertas-awareness.com\/#\/schema\/person\/7ec3a452f03581037cc2881b8e5f555a"},"headline":"Disclaimer","datePublished":"2024-08-29T11:20:33+00:00","dateModified":"2024-08-29T11:20:36+00:00","mainEntityOfPage":{"@id":"https:\/\/fidertas-awareness.com\/disclaimer\/"},"wordCount":205,"publisher":{"@id":"https:\/\/fidertas-awareness.com\/#organization"},"inLanguage":"en-US"},{"@type":"WebPage","@id":"https:\/\/fidertas-awareness.com\/disclaimer\/","url":"https:\/\/fidertas-awareness.com\/disclaimer\/","name":"Disclaimer - Fidertas - Awareness","isPartOf":{"@id":"https:\/\/fidertas-awareness.com\/#website"},"datePublished":"2024-08-29T11:20:33+00:00","dateModified":"2024-08-29T11:20:36+00:00","breadcrumb":{"@id":"https:\/\/fidertas-awareness.com\/disclaimer\/#breadcrumb"},"inLanguage":"en-US","potentialAction":[{"@type":"ReadAction","target":["https:\/\/fidertas-awareness.com\/disclaimer\/"]}]},{"@type":"BreadcrumbList","@id":"https:\/\/fidertas-awareness.com\/disclaimer\/#breadcrumb","itemListElement":[{"@type":"ListItem","position":1,"name":"Startseite","item":"https:\/\/fidertas-awareness.com\/"},{"@type":"ListItem","position":2,"name":"Disclaimer"}]},{"@type":"WebSite","@id":"https:\/\/fidertas-awareness.com\/#website","url":"https:\/\/fidertas-awareness.com\/","name":"Fidertas - Awareness","description":"","publisher":{"@id":"https:\/\/fidertas-awareness.com\/#organization"},"potentialAction":[{"@type":"SearchAction","target":{"@type":"EntryPoint","urlTemplate":"https:\/\/fidertas-awareness.com\/?s={search_term_string}"},"query-input":{"@type":"PropertyValueSpecification","valueRequired":true,"valueName":"search_term_string"}}],"inLanguage":"en-US"},{"@type":"Organization","@id":"https:\/\/fidertas-awareness.com\/#organization","name":"Fidertas - Awareness","url":"https:\/\/fidertas-awareness.com\/","logo":{"@type":"ImageObject","inLanguage":"en-US","@id":"https:\/\/fidertas-awareness.com\/#\/schema\/logo\/image\/","url":"https:\/\/fidertas-awareness.com\/wp-content\/uploads\/2023\/10\/cropped-Fidertas_Logo_RGB.png","contentUrl":"https:\/\/fidertas-awareness.com\/wp-content\/uploads\/2023\/10\/cropped-Fidertas_Logo_RGB.png","width":2160,"height":1181,"caption":"Fidertas - Awareness"},"image":{"@id":"https:\/\/fidertas-awareness.com\/#\/schema\/logo\/image\/"}},{"@type":"Person","@id":"https:\/\/fidertas-awareness.com\/#\/schema\/person\/7ec3a452f03581037cc2881b8e5f555a","name":"advertising uncle","image":{"@type":"ImageObject","inLanguage":"en-US","@id":"https:\/\/fidertas-awareness.com\/#\/schema\/person\/image\/","url":"https:\/\/secure.gravatar.com\/avatar\/c3100906425a1b1918f4f9d4814e78a161b6d51ea5ce8e652343f07f05fcf895?s=96&d=mm&r=g","contentUrl":"https:\/\/secure.gravatar.com\/avatar\/c3100906425a1b1918f4f9d4814e78a161b6d51ea5ce8e652343f07f05fcf895?s=96&d=mm&r=g","caption":"werbeonkel"}}]}},"_links":{"self":[{"href":"https:\/\/fidertas-awareness.com\/en\/wp-json\/wp\/v2\/pages\/8659","targetHints":{"allow":["GET"]}}],"collection":[{"href":"https:\/\/fidertas-awareness.com\/en\/wp-json\/wp\/v2\/pages"}],"about":[{"href":"https:\/\/fidertas-awareness.com\/en\/wp-json\/wp\/v2\/types\/page"}],"author":[{"embeddable":true,"href":"https:\/\/fidertas-awareness.com\/en\/wp-json\/wp\/v2\/users\/1"}],"replies":[{"embeddable":true,"href":"https:\/\/fidertas-awareness.com\/en\/wp-json\/wp\/v2\/comments?post=8659"}],"version-history":[{"count":1,"href":"https:\/\/fidertas-awareness.com\/en\/wp-json\/wp\/v2\/pages\/8659\/revisions"}],"predecessor-version":[{"id":8660,"href":"https:\/\/fidertas-awareness.com\/en\/wp-json\/wp\/v2\/pages\/8659\/revisions\/8660"}],"wp:attachment":[{"href":"https:\/\/fidertas-awareness.com\/en\/wp-json\/wp\/v2\/media?parent=8659"}],"curies":[{"name":"wp","href":"https:\/\/api.w.org\/{rel}","templated":true}]}}