{"id":10029,"date":"2025-03-20T09:44:36","date_gmt":"2025-03-20T08:44:36","guid":{"rendered":"https:\/\/fidertas-awareness.com\/?post_type=product&#038;p=10029"},"modified":"2025-10-03T09:51:11","modified_gmt":"2025-10-03T07:51:11","slug":"distanz-ueberwinden-und-die-verbindung-zu-deiner-erwachsenen-tochter-staerken","status":"publish","type":"product","link":"https:\/\/fidertas-awareness.com\/en\/product\/distanz-ueberwinden-und-die-verbindung-zu-deiner-erwachsenen-tochter-staerken\/","title":{"rendered":"Overcome distance and strengthen the connection with your adult daughter through 1:1 coaching (45 min)"},"content":{"rendered":"<h2><b><strong>Problems that many mothers struggle with:<\/strong><\/b><\/h2>\n<p>\u274c <strong>Sudden distance:<\/strong>\u00a0Your daughter is withdrawing emotionally, and you feel abandoned and misunderstood.<\/p>\n<p>\ud83d\udea8 <strong>Old wounds are reopened:<\/strong>\u00a0You sense that old hurts and unfulfilled expectations stand between you.<\/p>\n<p>\u274c <strong>Never enough:<\/strong>\u00a0You struggle with the feeling of never being good enough for your daughter.<\/p>\n<p>\ud83d\udea8 <strong>Communication fails:<\/strong>\u00a0Every attempt at rapprochement ends in misunderstandings or radio silence.<\/p>\n<p>\u274c <strong>Insurmountable differences:<\/strong>\u00a0Different lifestyles and values seem to create an insurmountable gap.<\/p>\n<p>\ud83d\udea8 <strong>Feeling of powerlessness:<\/strong>\u00a0You feel like you no longer have any influence on your relationship.<\/p>\n<p>&nbsp;<\/p>\n<h2><b><strong>My 1:1 coaching will help you:<\/strong><\/b><\/h2>\n<p>\u2705 <strong>Experience connection anew:<\/strong>\u00a0Restoring a loving and respectful relationship with space for both personalities.<\/p>\n<p>\ud83d\udc95 <strong>Overcoming emotional blocks:<\/strong>\u00a0You will learn to recognize and resolve emotional triggers in order to overcome old blockages.<\/p>\n<p>\u2705 <strong>Setting healthy boundaries:<\/strong>\u00a0You protect your needs and give your daughter the freedom she needs.<\/p>\n<p>\ud83d\udc95 <strong>Enabling a change of perspective:<\/strong>\u00a0Develop an understanding of your daughter&#039;s point of view in order to defuse conflicts.<\/p>\n<p>\u2705 <strong>Communicate mindfully:<\/strong>\u00a0Tools for communication that reduces misunderstandings and promotes trust.<\/p>\n<p>\ud83d\udc95 <strong>Gaining inner stability:<\/strong>\u00a0Self-care and emotional balance, even in difficult times.<\/p>\n<hr \/>\n<h2><b><strong>Enthusiastic customer reviews:<\/strong><\/b><\/h2>\n<p>\ud83d\ude4b\u200d\u2640\ufe0f <em>The coaching session with Ms. Bl\u00f6mer on the topic of &quot;mother-daughter&quot; gave me some important and new ways of thinking and behaving in my interactions with my adult daughter. I especially appreciated Ms. Bl\u00f6mer&#039;s empathetic approach.<\/em><\/p>\n<p><span style=\"font-weight: var(--bs-body-font-weight);\">\u2b50\ufe0f <em>Throughout our entire conversation, she was very friendly and empathetic. I never felt out of place or like I couldn&#039;t confide in her. Julia guided me confidently through the whole process and simply gave me all the time I needed. Even with the things I couldn&#039;t talk about, she didn&#039;t pressure me.<\/em><br \/>\n<em>Even after our conversation, which had deeply upset me, Julia didn&#039;t abandon me. She was always available and checked in on me, which shows me that she does what she does with all her heart. <\/em><em>It takes a lot of courage, but it&#039;s definitely worth it. <\/em><em>I highly recommend it!<\/em><\/span><\/p>\n<hr \/>\n<h2><b>Frequently Asked Questions:<\/b><\/h2>\n<div>\u2753\u00a0<b>How long will it take before I see results?<\/b><br \/>\nMany of my clients report noticing positive changes after just the first session. But for long-term success, several factors play a role. For example, how much someone wants to change and how intensive the support is.<\/div>\n<div>\u2014<\/div>\n<div>\u2753<b> Is online coaching possible?<\/b><br \/>\nYes, I offer exclusively online sessions. This allows me to be more flexible with my clients&#039; schedules and offers time-saving advantages for both parties.<\/div>\n<div>\u2014<\/div>\n<div>\u2753\u00a0<b>How do you deal with emotional blocks and childhood experiences?<\/b><br \/>\nAs a certified coach, I specialize in identifying and working through deeply rooted emotional blocks and limiting beliefs with you. (Disclaimer: In cases of severe trauma, please consult a therapist or psychologist.)<\/div>\n<div>\u2014<\/div>\n<div>\u2753<b>How long does the coaching last?<\/b><br \/>\nYou are purchasing one 45-minute single session.<\/div>\n<div>\u2014<\/div>\n<div>\u2753<strong>If my daughter were willing to work with me on our problems, what other options are there?<\/strong><br \/>\nIf both sides are open to working together on the relationship, the <a href=\"https:\/\/fidertas-awareness.com\/en\/produkt\/loese-alte-wunden-und-emotionale-blockaden-aus-dem-mutter-tochter-konflikt-2zu1-coachings\/\">2:1 sessions<\/a> This represents an ideal expansion. Here, mother and daughter can work through existing issues together with me in a safe space. Furthermore, they can directly address conflicts and develop solutions that consider both perspectives. This form of coaching strengthens communication and creates a foundation for greater understanding and connection.<\/div>\n<div>\u2014<\/div>\n<div>\u2753\u00a0<b>What happens after the purchase?<\/b><br \/>\nWe will arrange the first appointment via email.<\/div>\n<div><\/div>\n<hr \/>\n<p><b><strong>Don&#039;t miss this unique opportunity to turn your life around for the better.\u00a0<u>Order today<\/u>I&#039;m looking forward to the sessions with you!.<\/strong><\/b><\/p>\n<p>&nbsp;<\/p>\n<h4>\ud835\udcd3\ud835\udcee\ud835\udcf2\ud835\udcf7\ud835\udcee \ud835\udcd9\ud835\udcfe\ud835\udcf5\ud835\udcf2\ud835\udcea<em><br \/>\n<\/em><b><strong><br \/>\n<\/strong><\/b><\/h4>\n<p>&nbsp;<\/p>\n<p>Please note our <a href=\"https:\/\/fidertas-awareness.com\/en\/disclaimer\/\">Disclaimer for medical and therapeutic cases<\/a>.<\/p>\n<p class=\"text-body font-regular leading-[24px] pt-[9px] pb-[2px]\" dir=\"ltr\"><strong>Note \/ Disclaimer regarding the number of meetings and chances of success:<\/strong><\/p>\n<p class=\"text-body font-regular leading-[24px] pt-[9px] pb-[2px]\" dir=\"ltr\">Coaching is an individual process that requires time, commitment, and patience. Please note that deeply rooted blocks and long-standing behavioral patterns cannot usually be completely resolved within just a few sessions. Even if initial positive changes are often noticeable after a short time, a sustainable and profound transformation usually requires several sessions and ongoing reflection. The duration and success of the process depend on the individual situation, goals, and willingness to change. For this reason, no guarantees can be given regarding the number of sessions required or the outcome.<\/p>","protected":false},"excerpt":{"rendered":"<p><b>Strengthen your relationship with your adult daughter!<\/b><\/p>\n<p>Experience how my support helps you, <strong>resolving conflicts<\/strong>, <strong>to overcome distance<\/strong> and again <strong>more closeness and understanding<\/strong> to create one. Start your journey to a harmonious mother-daughter relationship now!<\/p>","protected":false},"featured_media":10419,"comment_status":"open","ping_status":"closed","template":"","meta":{"_acf_changed":false},"product_brand":[],"product_cat":[48],"product_tag":[],"class_list":{"0":"post-10029","1":"product","2":"type-product","3":"status-publish","4":"has-post-thumbnail","6":"product_cat-streit-konflikt-mit-tochter-shop","8":"first","9":"instock","10":"virtual","11":"taxable","12":"purchasable","13":"product-type-simple"},"acf":[],"yoast_head":"<!-- This site is optimized with the Yoast SEO Premium plugin v23.1 (Yoast SEO v26.6) - https:\/\/yoast.com\/wordpress\/plugins\/seo\/ -->\n<title>Distanz \u00fcberwinden und die Verbindung zu deiner Tochter st\u00e4rken!<\/title>\n<meta name=\"description\" content=\"Finde heraus, wie du die Beziehung zu deiner erwachsenen Tochter verbessern kannst. Entdecke L\u00f6sungen f\u00fcr Konflikte und schaffe mehr Verst\u00e4ndnis und N\u00e4he.\" \/>\n<meta name=\"robots\" content=\"index, follow, max-snippet:-1, max-image-preview:large, max-video-preview:-1\" \/>\n<link rel=\"canonical\" href=\"https:\/\/fidertas-awareness.com\/en\/produkt\/distanz-ueberwinden-und-die-verbindung-zu-deiner-erwachsenen-tochter-staerken\/\" \/>\n<meta property=\"og:locale\" content=\"en_US\" \/>\n<meta property=\"og:type\" content=\"article\" \/>\n<meta property=\"og:title\" content=\"Distanz \u00fcberwinden und die Verbindung zu deiner erwachsenen Tochter durch 1:1-Coaching st\u00e4rken (45 min)\" \/>\n<meta property=\"og:description\" content=\"Finde heraus, wie du die Beziehung zu deiner erwachsenen Tochter verbessern kannst. Entdecke L\u00f6sungen f\u00fcr Konflikte und schaffe mehr Verst\u00e4ndnis und N\u00e4he.\" \/>\n<meta property=\"og:url\" content=\"https:\/\/fidertas-awareness.com\/en\/produkt\/distanz-ueberwinden-und-die-verbindung-zu-deiner-erwachsenen-tochter-staerken\/\" \/>\n<meta property=\"og:site_name\" content=\"Fidertas - Awareness\" \/>\n<meta property=\"article:modified_time\" content=\"2025-10-03T07:51:11+00:00\" \/>\n<meta property=\"og:image\" content=\"https:\/\/fidertas-awareness.com\/wp-content\/uploads\/2025\/03\/Mutter-tochter-konflikt-loesen.jpg\" \/>\n\t<meta property=\"og:image:width\" content=\"1890\" \/>\n\t<meta property=\"og:image:height\" content=\"1890\" \/>\n\t<meta property=\"og:image:type\" content=\"image\/jpeg\" \/>\n<meta name=\"twitter:card\" content=\"summary_large_image\" \/>\n<meta name=\"twitter:label1\" content=\"Est. reading time\" \/>\n\t<meta name=\"twitter:data1\" content=\"5 minutes\" \/>\n<script type=\"application\/ld+json\" class=\"yoast-schema-graph\">{\"@context\":\"https:\/\/schema.org\",\"@graph\":[{\"@type\":\"WebPage\",\"@id\":\"https:\/\/fidertas-awareness.com\/produkt\/distanz-ueberwinden-und-die-verbindung-zu-deiner-erwachsenen-tochter-staerken\/\",\"url\":\"https:\/\/fidertas-awareness.com\/produkt\/distanz-ueberwinden-und-die-verbindung-zu-deiner-erwachsenen-tochter-staerken\/\",\"name\":\"Distanz \u00fcberwinden und die Verbindung zu deiner Tochter st\u00e4rken!\",\"isPartOf\":{\"@id\":\"https:\/\/fidertas-awareness.com\/#website\"},\"primaryImageOfPage\":{\"@id\":\"https:\/\/fidertas-awareness.com\/produkt\/distanz-ueberwinden-und-die-verbindung-zu-deiner-erwachsenen-tochter-staerken\/#primaryimage\"},\"image\":{\"@id\":\"https:\/\/fidertas-awareness.com\/produkt\/distanz-ueberwinden-und-die-verbindung-zu-deiner-erwachsenen-tochter-staerken\/#primaryimage\"},\"thumbnailUrl\":\"https:\/\/fidertas-awareness.com\/wp-content\/uploads\/2025\/03\/Mutter-tochter-konflikt-loesen.jpg\",\"datePublished\":\"2025-03-20T08:44:36+00:00\",\"dateModified\":\"2025-10-03T07:51:11+00:00\",\"description\":\"Finde heraus, wie du die Beziehung zu deiner erwachsenen Tochter verbessern kannst. Entdecke L\u00f6sungen f\u00fcr Konflikte und schaffe mehr Verst\u00e4ndnis und N\u00e4he.\",\"breadcrumb\":{\"@id\":\"https:\/\/fidertas-awareness.com\/produkt\/distanz-ueberwinden-und-die-verbindung-zu-deiner-erwachsenen-tochter-staerken\/#breadcrumb\"},\"inLanguage\":\"en-US\",\"potentialAction\":[{\"@type\":\"ReadAction\",\"target\":[\"https:\/\/fidertas-awareness.com\/produkt\/distanz-ueberwinden-und-die-verbindung-zu-deiner-erwachsenen-tochter-staerken\/\"]}]},{\"@type\":\"ImageObject\",\"inLanguage\":\"en-US\",\"@id\":\"https:\/\/fidertas-awareness.com\/produkt\/distanz-ueberwinden-und-die-verbindung-zu-deiner-erwachsenen-tochter-staerken\/#primaryimage\",\"url\":\"https:\/\/fidertas-awareness.com\/wp-content\/uploads\/2025\/03\/Mutter-tochter-konflikt-loesen.jpg\",\"contentUrl\":\"https:\/\/fidertas-awareness.com\/wp-content\/uploads\/2025\/03\/Mutter-tochter-konflikt-loesen.jpg\",\"width\":1890,\"height\":1890,\"caption\":\"St\u00e4rke die Beziehung zu deiner erwachsenen Tochter! Erlebe, wie meine Unterst\u00fctzung dir hilft, Konflikte zu l\u00f6sen, Distanz zu \u00fcberwinden und wieder mehr N\u00e4he und Verst\u00e4ndnis zu schaffen. Starte jetzt deinen Weg zu einer harmonischen Mutter-Tochter-Beziehung!\"},{\"@type\":\"BreadcrumbList\",\"@id\":\"https:\/\/fidertas-awareness.com\/produkt\/distanz-ueberwinden-und-die-verbindung-zu-deiner-erwachsenen-tochter-staerken\/#breadcrumb\",\"itemListElement\":[{\"@type\":\"ListItem\",\"position\":1,\"name\":\"Startseite\",\"item\":\"https:\/\/fidertas-awareness.com\/\"},{\"@type\":\"ListItem\",\"position\":2,\"name\":\"Shop\",\"item\":\"https:\/\/fidertas-awareness.com\/shop\/\"},{\"@type\":\"ListItem\",\"position\":3,\"name\":\"Distanz \u00fcberwinden und die Verbindung zu deiner erwachsenen Tochter durch 1:1-Coaching st\u00e4rken (45 min)\"}]},{\"@type\":\"WebSite\",\"@id\":\"https:\/\/fidertas-awareness.com\/#website\",\"url\":\"https:\/\/fidertas-awareness.com\/\",\"name\":\"Fidertas - Awareness\",\"description\":\"\",\"publisher\":{\"@id\":\"https:\/\/fidertas-awareness.com\/#organization\"},\"potentialAction\":[{\"@type\":\"SearchAction\",\"target\":{\"@type\":\"EntryPoint\",\"urlTemplate\":\"https:\/\/fidertas-awareness.com\/?s={search_term_string}\"},\"query-input\":{\"@type\":\"PropertyValueSpecification\",\"valueRequired\":true,\"valueName\":\"search_term_string\"}}],\"inLanguage\":\"en-US\"},{\"@type\":\"Organization\",\"@id\":\"https:\/\/fidertas-awareness.com\/#organization\",\"name\":\"Fidertas - Awareness\",\"url\":\"https:\/\/fidertas-awareness.com\/\",\"logo\":{\"@type\":\"ImageObject\",\"inLanguage\":\"en-US\",\"@id\":\"https:\/\/fidertas-awareness.com\/#\/schema\/logo\/image\/\",\"url\":\"https:\/\/fidertas-awareness.com\/wp-content\/uploads\/2023\/10\/cropped-Fidertas_Logo_RGB.png\",\"contentUrl\":\"https:\/\/fidertas-awareness.com\/wp-content\/uploads\/2023\/10\/cropped-Fidertas_Logo_RGB.png\",\"width\":2160,\"height\":1181,\"caption\":\"Fidertas - Awareness\"},\"image\":{\"@id\":\"https:\/\/fidertas-awareness.com\/#\/schema\/logo\/image\/\"}}]}<\/script>\n<!-- \/ Yoast SEO Premium plugin. -->","yoast_head_json":{"title":"Distanz \u00fcberwinden und die Verbindung zu deiner Tochter st\u00e4rken!","description":"Finde heraus, wie du die Beziehung zu deiner erwachsenen Tochter verbessern kannst. Entdecke L\u00f6sungen f\u00fcr Konflikte und schaffe mehr Verst\u00e4ndnis und N\u00e4he.","robots":{"index":"index","follow":"follow","max-snippet":"max-snippet:-1","max-image-preview":"max-image-preview:large","max-video-preview":"max-video-preview:-1"},"canonical":"https:\/\/fidertas-awareness.com\/en\/produkt\/distanz-ueberwinden-und-die-verbindung-zu-deiner-erwachsenen-tochter-staerken\/","og_locale":"en_US","og_type":"article","og_title":"Distanz \u00fcberwinden und die Verbindung zu deiner erwachsenen Tochter durch 1:1-Coaching st\u00e4rken (45 min)","og_description":"Finde heraus, wie du die Beziehung zu deiner erwachsenen Tochter verbessern kannst. Entdecke L\u00f6sungen f\u00fcr Konflikte und schaffe mehr Verst\u00e4ndnis und N\u00e4he.","og_url":"https:\/\/fidertas-awareness.com\/en\/produkt\/distanz-ueberwinden-und-die-verbindung-zu-deiner-erwachsenen-tochter-staerken\/","og_site_name":"Fidertas - Awareness","article_modified_time":"2025-10-03T07:51:11+00:00","og_image":[{"width":1890,"height":1890,"url":"https:\/\/fidertas-awareness.com\/wp-content\/uploads\/2025\/03\/Mutter-tochter-konflikt-loesen.jpg","type":"image\/jpeg"}],"twitter_card":"summary_large_image","twitter_misc":{"Est. reading time":"5 minutes"},"schema":{"@context":"https:\/\/schema.org","@graph":[{"@type":"WebPage","@id":"https:\/\/fidertas-awareness.com\/produkt\/distanz-ueberwinden-und-die-verbindung-zu-deiner-erwachsenen-tochter-staerken\/","url":"https:\/\/fidertas-awareness.com\/produkt\/distanz-ueberwinden-und-die-verbindung-zu-deiner-erwachsenen-tochter-staerken\/","name":"Distanz \u00fcberwinden und die Verbindung zu deiner Tochter st\u00e4rken!","isPartOf":{"@id":"https:\/\/fidertas-awareness.com\/#website"},"primaryImageOfPage":{"@id":"https:\/\/fidertas-awareness.com\/produkt\/distanz-ueberwinden-und-die-verbindung-zu-deiner-erwachsenen-tochter-staerken\/#primaryimage"},"image":{"@id":"https:\/\/fidertas-awareness.com\/produkt\/distanz-ueberwinden-und-die-verbindung-zu-deiner-erwachsenen-tochter-staerken\/#primaryimage"},"thumbnailUrl":"https:\/\/fidertas-awareness.com\/wp-content\/uploads\/2025\/03\/Mutter-tochter-konflikt-loesen.jpg","datePublished":"2025-03-20T08:44:36+00:00","dateModified":"2025-10-03T07:51:11+00:00","description":"Finde heraus, wie du die Beziehung zu deiner erwachsenen Tochter verbessern kannst. Entdecke L\u00f6sungen f\u00fcr Konflikte und schaffe mehr Verst\u00e4ndnis und N\u00e4he.","breadcrumb":{"@id":"https:\/\/fidertas-awareness.com\/produkt\/distanz-ueberwinden-und-die-verbindung-zu-deiner-erwachsenen-tochter-staerken\/#breadcrumb"},"inLanguage":"en-US","potentialAction":[{"@type":"ReadAction","target":["https:\/\/fidertas-awareness.com\/produkt\/distanz-ueberwinden-und-die-verbindung-zu-deiner-erwachsenen-tochter-staerken\/"]}]},{"@type":"ImageObject","inLanguage":"en-US","@id":"https:\/\/fidertas-awareness.com\/produkt\/distanz-ueberwinden-und-die-verbindung-zu-deiner-erwachsenen-tochter-staerken\/#primaryimage","url":"https:\/\/fidertas-awareness.com\/wp-content\/uploads\/2025\/03\/Mutter-tochter-konflikt-loesen.jpg","contentUrl":"https:\/\/fidertas-awareness.com\/wp-content\/uploads\/2025\/03\/Mutter-tochter-konflikt-loesen.jpg","width":1890,"height":1890,"caption":"St\u00e4rke die Beziehung zu deiner erwachsenen Tochter! Erlebe, wie meine Unterst\u00fctzung dir hilft, Konflikte zu l\u00f6sen, Distanz zu \u00fcberwinden und wieder mehr N\u00e4he und Verst\u00e4ndnis zu schaffen. Starte jetzt deinen Weg zu einer harmonischen Mutter-Tochter-Beziehung!"},{"@type":"BreadcrumbList","@id":"https:\/\/fidertas-awareness.com\/produkt\/distanz-ueberwinden-und-die-verbindung-zu-deiner-erwachsenen-tochter-staerken\/#breadcrumb","itemListElement":[{"@type":"ListItem","position":1,"name":"Startseite","item":"https:\/\/fidertas-awareness.com\/"},{"@type":"ListItem","position":2,"name":"Shop","item":"https:\/\/fidertas-awareness.com\/shop\/"},{"@type":"ListItem","position":3,"name":"Distanz \u00fcberwinden und die Verbindung zu deiner erwachsenen Tochter durch 1:1-Coaching st\u00e4rken (45 min)"}]},{"@type":"WebSite","@id":"https:\/\/fidertas-awareness.com\/#website","url":"https:\/\/fidertas-awareness.com\/","name":"Fidertas - Awareness","description":"","publisher":{"@id":"https:\/\/fidertas-awareness.com\/#organization"},"potentialAction":[{"@type":"SearchAction","target":{"@type":"EntryPoint","urlTemplate":"https:\/\/fidertas-awareness.com\/?s={search_term_string}"},"query-input":{"@type":"PropertyValueSpecification","valueRequired":true,"valueName":"search_term_string"}}],"inLanguage":"en-US"},{"@type":"Organization","@id":"https:\/\/fidertas-awareness.com\/#organization","name":"Fidertas - Awareness","url":"https:\/\/fidertas-awareness.com\/","logo":{"@type":"ImageObject","inLanguage":"en-US","@id":"https:\/\/fidertas-awareness.com\/#\/schema\/logo\/image\/","url":"https:\/\/fidertas-awareness.com\/wp-content\/uploads\/2023\/10\/cropped-Fidertas_Logo_RGB.png","contentUrl":"https:\/\/fidertas-awareness.com\/wp-content\/uploads\/2023\/10\/cropped-Fidertas_Logo_RGB.png","width":2160,"height":1181,"caption":"Fidertas - Awareness"},"image":{"@id":"https:\/\/fidertas-awareness.com\/#\/schema\/logo\/image\/"}}]}},"_links":{"self":[{"href":"https:\/\/fidertas-awareness.com\/en\/wp-json\/wp\/v2\/product\/10029","targetHints":{"allow":["GET"]}}],"collection":[{"href":"https:\/\/fidertas-awareness.com\/en\/wp-json\/wp\/v2\/product"}],"about":[{"href":"https:\/\/fidertas-awareness.com\/en\/wp-json\/wp\/v2\/types\/product"}],"replies":[{"embeddable":true,"href":"https:\/\/fidertas-awareness.com\/en\/wp-json\/wp\/v2\/comments?post=10029"}],"wp:featuredmedia":[{"embeddable":true,"href":"https:\/\/fidertas-awareness.com\/en\/wp-json\/wp\/v2\/media\/10419"}],"wp:attachment":[{"href":"https:\/\/fidertas-awareness.com\/en\/wp-json\/wp\/v2\/media?parent=10029"}],"wp:term":[{"taxonomy":"product_brand","embeddable":true,"href":"https:\/\/fidertas-awareness.com\/en\/wp-json\/wp\/v2\/product_brand?post=10029"},{"taxonomy":"product_cat","embeddable":true,"href":"https:\/\/fidertas-awareness.com\/en\/wp-json\/wp\/v2\/product_cat?post=10029"},{"taxonomy":"product_tag","embeddable":true,"href":"https:\/\/fidertas-awareness.com\/en\/wp-json\/wp\/v2\/product_tag?post=10029"}],"curies":[{"name":"wp","href":"https:\/\/api.w.org\/{rel}","templated":true}]}}