{"id":10356,"date":"2025-05-06T13:26:49","date_gmt":"2025-05-06T11:26:49","guid":{"rendered":"https:\/\/fidertas-awareness.com\/?post_type=product&#038;p=10356"},"modified":"2025-11-26T14:26:26","modified_gmt":"2025-11-26T13:26:26","slug":"emotionale-distanz-zur-tochter-ueberwinden","status":"publish","type":"product","link":"https:\/\/fidertas-awareness.com\/en\/product\/emotionale-distanz-zur-tochter-ueberwinden\/","title":{"rendered":"Course \u201eStrength in Vulnerability\u201c \u2013 overcoming emotional distance to one&#039;s daughter."},"content":{"rendered":"<h1 dir=\"ltr\">\u201e<span class=\"OYPEnA font-feature-liga-off font-feature-clig-off font-feature-calt-off text-decoration-none text-strikethrough-none\">Strength in vulnerability<\/span>\u201c \u2013 Experience how conversations deepen, vulnerability becomes strength, and the relationship with your adult daughter grows to a new level.<\/h1>\n<h2 class=\"font-bold text-h3 leading-[36px] pt-[21px] pb-[2px] [&amp;_a]:underline-offset-[6px] [&amp;_.underline]:underline-offset-[6px]\" dir=\"ltr\"><b><strong class=\"font-bold\"><strong>Typical challenges many mothers experience<\/strong>:<\/strong><\/b><\/h2>\n<p class=\"text-body font-regular leading-[24px] pt-[9px] pb-[2px]\" dir=\"ltr\">\u274c <strong>Always strong, never allowed to show weakness<\/strong><strong>:<\/strong> You feel obligated to always function and constantly put your own needs last.<\/p>\n<p class=\"text-body font-regular leading-[24px] pt-[9px] pb-[2px]\" dir=\"ltr\">\ud83d\udea8 <strong>Concern about jeopardizing the relationship<\/strong><strong>:<\/strong> You are afraid that honest words or conflicts could further strain the bond with your adult daughter.<\/p>\n<p class=\"text-body font-regular leading-[24px] pt-[9px] pb-[2px]\" dir=\"ltr\">\u274c <strong>Hurtful words and old grievances<\/strong><strong>:<\/strong> Harsh remarks, criticism, or derogatory words make it difficult to rebuild trust and closeness with an adult daughter.<\/p>\n<p class=\"text-body font-regular leading-[24px] pt-[9px] pb-[2px]\" dir=\"ltr\">\ud83d\udea8 <strong>The conversations are going in circles.<\/strong><strong>:<\/strong> You want to talk openly with your adult daughter, but old patterns and insecurities keep getting in the way.<\/p>\n<p class=\"text-body font-regular leading-[24px] pt-[9px] pb-[2px]\" dir=\"ltr\">\u274c <strong>Value and life conflicts<\/strong><strong>:<\/strong> Different lifestyles and values create distance and make genuine understanding between you more difficult.<\/p>\n<p class=\"text-body font-regular leading-[24px] pt-[9px] pb-[2px]\" dir=\"ltr\">\ud83d\udea8 <strong>The fear of alienation<\/strong><strong>:<\/strong> It hurts when your daughter becomes emotionally distant \u2013 and you don&#039;t know how to reach her again.<\/p>\n<h2 class=\"font-bold text-h3 leading-[36px] pt-[21px] pb-[2px] [&amp;_a]:underline-offset-[6px] [&amp;_.underline]:underline-offset-[6px]\" dir=\"ltr\"><b><strong class=\"font-bold\">This course lays the foundation for:<\/strong><\/b><\/h2>\n<p class=\"text-body font-regular leading-[24px] pt-[9px] pb-[2px]\" dir=\"ltr\">\u2705 <strong>Discovering vulnerability as a strength<\/strong><strong>:<\/strong> Discover how openness and allowing feelings can create a genuine connection with yourself and your daughter.<\/p>\n<p class=\"text-body font-regular leading-[24px] pt-[9px] pb-[2px]\" dir=\"ltr\">\ud83d\udc95 <strong>Healing of old injuries<\/strong><strong>:<\/strong> Learn to deal with painful words and hurt feelings from the past and find new ways of reconciliation.<\/p>\n<p class=\"text-body font-regular leading-[24px] pt-[9px] pb-[2px]\" dir=\"ltr\">\u2705 <strong>Finding inner peace and balance<\/strong><strong>:<\/strong> Find your way back to your center by letting go of old defense mechanisms and trusting yourself again.<\/p>\n<p class=\"text-body font-regular leading-[24px] pt-[9px] pb-[2px]\" dir=\"ltr\">\ud83d\udc95 <strong>Have open and honest conversations<\/strong><strong>:<\/strong> Practice addressing difficult topics without fear of rejection, and create space for genuine encounters.<\/p>\n<p class=\"text-body font-regular leading-[24px] pt-[9px] pb-[2px]\" dir=\"ltr\">\u2705 <strong>New ways of building relationships<\/strong><strong>:<\/strong> Shape your relationship on equal terms \u2013 with respect, understanding and a new openness towards each other.<\/p>\n<p class=\"text-body font-regular leading-[24px] pt-[9px] pb-[2px]\" dir=\"ltr\">\ud83d\udc95 <strong>Strengthening self-compassion and self-esteem<\/strong><strong>:<\/strong> Discover how to lovingly accept yourself and recognize your own worth regardless of external opinions.<\/p>\n<hr \/>\n<h2 class=\"text-body font-regular leading-[24px] pt-[9px] pb-[2px]\" dir=\"ltr\"><span class=\"font-bold\"><b>Here&#039;s what you can expect:\u00a0<\/b><\/span><\/h2>\n<p class=\"cvGsUA direction-ltr align-center para-style-body\"><span class=\"OYPEnA font-feature-liga-off font-feature-clig-off font-feature-calt-off text-decoration-none text-strikethrough-none\"><strong>Module 1: &quot;Shedding the heavy armor \u2013 revealing the invisible wounds&quot;:<\/strong> You feel how exhausting it is to always have to be strong while old wounds weigh you down. In this module, you&#039;ll discover how to honestly perceive yourself so you can finally allow lightness and new intimacy back into your life.<\/span><\/p>\n<p class=\"cvGsUA direction-ltr align-center para-style-body\"><span class=\"OYPEnA font-feature-liga-off font-feature-clig-off font-feature-calt-off text-decoration-none text-strikethrough-none\"><strong>Module 2: \u201eTaking off the helmet \u2013 opening your eyes to new beliefs\u201c:<\/strong> Old beliefs keep you trapped in old roles and prevent you from showing up as you truly are. Here you open yourself to new perspectives that allow you to treat yourself with more compassion and openness.<\/span><\/p>\n<p class=\"text-body font-regular leading-[24px] pt-[9px] pb-[2px]\" dir=\"ltr\"><strong>Module 3: \u201eTearing down the castle walls \u2013 questioning defense mechanisms and learning to deal with verbal abuse\u201c:<\/strong> When words hurt and walls grow between you, genuine connection becomes difficult. You will discover how to let go of old defense mechanisms, heal wounds, and return to honest, loving communication.<\/p>\n<p class=\"text-body font-regular leading-[24px] pt-[9px] pb-[2px]\" dir=\"ltr\"><strong>Module 4: \u201eDrying up the trench \u2013 overcoming distance and learning communication that creates closeness\u201c:<\/strong> Silence or misunderstandings often create an invisible distance. You discover new ways to build bridges, resume conversation, and foster genuine closeness with your daughter.<\/p>\n<p class=\"text-body font-regular leading-[24px] pt-[9px] pb-[2px]\" dir=\"ltr\"><strong>Module 5: \u201eLowering the drawbridge \u2013 building trust and letting go\u201c:<\/strong> Control and mistrust can prevent closeness. In this section, you will practice sharing responsibility, letting go of control, and gradually rebuilding trust\u2014in yourself and in your daughter.<\/p>\n<p class=\"text-body font-regular leading-[24px] pt-[9px] pb-[2px]\" dir=\"ltr\"><strong>Module 6: \u201eLaying down the sword \u2013 transforming helplessness into strength\u201c:<\/strong> If you feel powerless or conflicts exhaust you, you will find ways here to activate your inner strength, discover new courses of action, and confidently master difficult situations.<\/p>\n<p class=\"text-body font-regular leading-[24px] pt-[9px] pb-[2px]\" dir=\"ltr\"><strong>Module 7: \u201eRedesigning the castle \u2013 a life without walls and armor\u201c:<\/strong> Loneliness and the feeling of not truly connected don&#039;t have to stay. You create a new way of being together \u2013 open, honest, and full of trust. Your castle becomes a place where you welcome yourself and your daughter.<\/p>\n<hr \/>\n<p dir=\"ltr\">After purchase you will receive your workbook (87 pages) with all videos (over 1 hour), explanations, exercises and reflections.<\/p>\n<p dir=\"ltr\">The course is flexibly designed \u2013 you set the pace and can integrate the content into your daily life as you wish. This workbook is your loving companion on the path to greater self-care, inner strength, and a fulfilling relationship with your adult daughter.<strong>.<\/strong><\/p>\n<p dir=\"ltr\"><strong>Don&#039;t wait any longer \u2013 be the change and open the doors to your radiant, habitable castle. Order now and start your journey to greater intimacy, self-confidence, and inner freedom!<\/strong><\/p>\n<p>&nbsp;<\/p>\n<h4 class=\"text-body font-regular leading-[24px] pt-[9px] pb-[2px]\" dir=\"ltr\"><b>\ud835\udcd3\ud835\udcee\ud835\udcf2\ud835\udcf7\ud835\udcee \ud835\udcd9\ud835\udcfe\ud835\udcf5\ud835\udcf2\ud835\udcea<\/b><\/h4>\n<p dir=\"ltr\">Please note our <a href=\"https:\/\/fidertas-awareness.com\/en\/disclaimer\/\">Disclaimer for medical and therapeutic cases<\/a>.<\/p>\n<p dir=\"ltr\">\n<strong>NOTE: The courses and all course materials (especially workbooks, documents, and videos) are provided exclusively in German. They are not available in other languages.<\/strong><\/p>","protected":false},"excerpt":{"rendered":"<p class=\"cvGsUA direction-ltr align-justify para-style-body\">Learn with the workbook <strong>to communicate lovingly<\/strong>, <strong>more<\/strong> <strong>inner serenity<\/strong> <strong>and<\/strong> <strong>Strengthen your relationship with your adult daughter.<\/strong>.<\/p>\n<p class=\"cvGsUA direction-ltr align-justify para-style-body\">Get started now and you <strong>emotionally reconnecting<\/strong>!<\/p>\n<p>Note: Workbooks and videos are only available in German.<\/p>","protected":false},"featured_media":10358,"comment_status":"open","ping_status":"closed","template":"","meta":{"_acf_changed":false},"product_brand":[],"product_cat":[48],"product_tag":[],"class_list":{"0":"post-10356","1":"product","2":"type-product","3":"status-publish","4":"has-post-thumbnail","6":"product_cat-streit-konflikt-mit-tochter-shop","8":"first","9":"instock","10":"downloadable","11":"virtual","12":"taxable","13":"purchasable","14":"product-type-simple"},"acf":[],"yoast_head":"<!-- This site is optimized with the Yoast SEO Premium plugin v23.1 (Yoast SEO v26.6) - https:\/\/yoast.com\/wordpress\/plugins\/seo\/ -->\n<title>Emotionale Distanz \u00fcberwinden - du musst nicht immer stark sein!<\/title>\n<meta name=\"description\" content=\"F\u00fchlst du dich machtlos, weil sich deine erwachsene Tochter entfernt und entfremdet? Lerne, wie du den Graben zwischen euch \u00fcberbr\u00fcckst. Starte jetzt!\" \/>\n<meta name=\"robots\" content=\"index, follow, max-snippet:-1, max-image-preview:large, max-video-preview:-1\" \/>\n<link rel=\"canonical\" href=\"https:\/\/fidertas-awareness.com\/en\/produkt\/emotionale-distanz-zur-tochter-ueberwinden\/\" \/>\n<meta property=\"og:locale\" content=\"en_US\" \/>\n<meta property=\"og:type\" content=\"article\" \/>\n<meta property=\"og:title\" content=\"Kurs &quot;St\u00e4rke in der Verletzlichkeit&quot; - emotionale Distanz zur Tochter \u00fcberwinden.\" \/>\n<meta property=\"og:description\" content=\"F\u00fchlst du dich machtlos, weil sich deine erwachsene Tochter entfernt und entfremdet? Lerne, wie du den Graben zwischen euch \u00fcberbr\u00fcckst. Starte jetzt!\" \/>\n<meta property=\"og:url\" content=\"https:\/\/fidertas-awareness.com\/en\/produkt\/emotionale-distanz-zur-tochter-ueberwinden\/\" \/>\n<meta property=\"og:site_name\" content=\"Fidertas - Awareness\" \/>\n<meta property=\"article:modified_time\" content=\"2025-11-26T13:26:26+00:00\" \/>\n<meta property=\"og:image\" content=\"https:\/\/fidertas-awareness.com\/wp-content\/uploads\/2025\/05\/erwachsene-tochter-entfernt-entfremdet-sich.jpg\" \/>\n\t<meta property=\"og:image:width\" content=\"1890\" \/>\n\t<meta property=\"og:image:height\" content=\"1890\" \/>\n\t<meta property=\"og:image:type\" content=\"image\/jpeg\" \/>\n<meta name=\"twitter:card\" content=\"summary_large_image\" \/>\n<meta name=\"twitter:label1\" content=\"Est. reading time\" \/>\n\t<meta name=\"twitter:data1\" content=\"5 minutes\" \/>\n<script type=\"application\/ld+json\" class=\"yoast-schema-graph\">{\"@context\":\"https:\/\/schema.org\",\"@graph\":[{\"@type\":\"WebPage\",\"@id\":\"https:\/\/fidertas-awareness.com\/produkt\/emotionale-distanz-zur-tochter-ueberwinden\/\",\"url\":\"https:\/\/fidertas-awareness.com\/produkt\/emotionale-distanz-zur-tochter-ueberwinden\/\",\"name\":\"Emotionale Distanz \u00fcberwinden - du musst nicht immer stark sein!\",\"isPartOf\":{\"@id\":\"https:\/\/fidertas-awareness.com\/#website\"},\"primaryImageOfPage\":{\"@id\":\"https:\/\/fidertas-awareness.com\/produkt\/emotionale-distanz-zur-tochter-ueberwinden\/#primaryimage\"},\"image\":{\"@id\":\"https:\/\/fidertas-awareness.com\/produkt\/emotionale-distanz-zur-tochter-ueberwinden\/#primaryimage\"},\"thumbnailUrl\":\"https:\/\/fidertas-awareness.com\/wp-content\/uploads\/2025\/05\/erwachsene-tochter-entfernt-entfremdet-sich.jpg\",\"datePublished\":\"2025-05-06T11:26:49+00:00\",\"dateModified\":\"2025-11-26T13:26:26+00:00\",\"description\":\"F\u00fchlst du dich machtlos, weil sich deine erwachsene Tochter entfernt und entfremdet? Lerne, wie du den Graben zwischen euch \u00fcberbr\u00fcckst. Starte jetzt!\",\"breadcrumb\":{\"@id\":\"https:\/\/fidertas-awareness.com\/produkt\/emotionale-distanz-zur-tochter-ueberwinden\/#breadcrumb\"},\"inLanguage\":\"en-US\",\"potentialAction\":[{\"@type\":\"ReadAction\",\"target\":[\"https:\/\/fidertas-awareness.com\/produkt\/emotionale-distanz-zur-tochter-ueberwinden\/\"]}]},{\"@type\":\"ImageObject\",\"inLanguage\":\"en-US\",\"@id\":\"https:\/\/fidertas-awareness.com\/produkt\/emotionale-distanz-zur-tochter-ueberwinden\/#primaryimage\",\"url\":\"https:\/\/fidertas-awareness.com\/wp-content\/uploads\/2025\/05\/erwachsene-tochter-entfernt-entfremdet-sich.jpg\",\"contentUrl\":\"https:\/\/fidertas-awareness.com\/wp-content\/uploads\/2025\/05\/erwachsene-tochter-entfernt-entfremdet-sich.jpg\",\"width\":1890,\"height\":1890,\"caption\":\"Du bist immer stark, immer verantwortlich \u2013 und doch f\u00fchlst du dich oft allein mit all dem Druck? Du lernst, loszulassen und gleichzeitig Vertrauen aufzubauen \u2013 zu dir selbst und zu deiner erwachsenen Tochter. Schritt f\u00fcr Schritt wirst du erleben, wie sich Gespr\u00e4che vertiefen und Verletzlichkeit zur St\u00e4rke wird. Und deine Beziehung zu deiner Tochter auf eine neue, echte Ebene w\u00e4chst.\"},{\"@type\":\"BreadcrumbList\",\"@id\":\"https:\/\/fidertas-awareness.com\/produkt\/emotionale-distanz-zur-tochter-ueberwinden\/#breadcrumb\",\"itemListElement\":[{\"@type\":\"ListItem\",\"position\":1,\"name\":\"Startseite\",\"item\":\"https:\/\/fidertas-awareness.com\/\"},{\"@type\":\"ListItem\",\"position\":2,\"name\":\"Shop\",\"item\":\"https:\/\/fidertas-awareness.com\/shop\/\"},{\"@type\":\"ListItem\",\"position\":3,\"name\":\"Kurs &#8222;St\u00e4rke in der Verletzlichkeit&#8220; &#8211; emotionale Distanz zur Tochter \u00fcberwinden.\"}]},{\"@type\":\"WebSite\",\"@id\":\"https:\/\/fidertas-awareness.com\/#website\",\"url\":\"https:\/\/fidertas-awareness.com\/\",\"name\":\"Fidertas - Awareness\",\"description\":\"\",\"publisher\":{\"@id\":\"https:\/\/fidertas-awareness.com\/#organization\"},\"potentialAction\":[{\"@type\":\"SearchAction\",\"target\":{\"@type\":\"EntryPoint\",\"urlTemplate\":\"https:\/\/fidertas-awareness.com\/?s={search_term_string}\"},\"query-input\":{\"@type\":\"PropertyValueSpecification\",\"valueRequired\":true,\"valueName\":\"search_term_string\"}}],\"inLanguage\":\"en-US\"},{\"@type\":\"Organization\",\"@id\":\"https:\/\/fidertas-awareness.com\/#organization\",\"name\":\"Fidertas - Awareness\",\"url\":\"https:\/\/fidertas-awareness.com\/\",\"logo\":{\"@type\":\"ImageObject\",\"inLanguage\":\"en-US\",\"@id\":\"https:\/\/fidertas-awareness.com\/#\/schema\/logo\/image\/\",\"url\":\"https:\/\/fidertas-awareness.com\/wp-content\/uploads\/2023\/10\/cropped-Fidertas_Logo_RGB.png\",\"contentUrl\":\"https:\/\/fidertas-awareness.com\/wp-content\/uploads\/2023\/10\/cropped-Fidertas_Logo_RGB.png\",\"width\":2160,\"height\":1181,\"caption\":\"Fidertas - Awareness\"},\"image\":{\"@id\":\"https:\/\/fidertas-awareness.com\/#\/schema\/logo\/image\/\"}}]}<\/script>\n<!-- \/ Yoast SEO Premium plugin. -->","yoast_head_json":{"title":"Emotionale Distanz \u00fcberwinden - du musst nicht immer stark sein!","description":"F\u00fchlst du dich machtlos, weil sich deine erwachsene Tochter entfernt und entfremdet? Lerne, wie du den Graben zwischen euch \u00fcberbr\u00fcckst. Starte jetzt!","robots":{"index":"index","follow":"follow","max-snippet":"max-snippet:-1","max-image-preview":"max-image-preview:large","max-video-preview":"max-video-preview:-1"},"canonical":"https:\/\/fidertas-awareness.com\/en\/produkt\/emotionale-distanz-zur-tochter-ueberwinden\/","og_locale":"en_US","og_type":"article","og_title":"Kurs \"St\u00e4rke in der Verletzlichkeit\" - emotionale Distanz zur Tochter \u00fcberwinden.","og_description":"F\u00fchlst du dich machtlos, weil sich deine erwachsene Tochter entfernt und entfremdet? Lerne, wie du den Graben zwischen euch \u00fcberbr\u00fcckst. Starte jetzt!","og_url":"https:\/\/fidertas-awareness.com\/en\/produkt\/emotionale-distanz-zur-tochter-ueberwinden\/","og_site_name":"Fidertas - Awareness","article_modified_time":"2025-11-26T13:26:26+00:00","og_image":[{"width":1890,"height":1890,"url":"https:\/\/fidertas-awareness.com\/wp-content\/uploads\/2025\/05\/erwachsene-tochter-entfernt-entfremdet-sich.jpg","type":"image\/jpeg"}],"twitter_card":"summary_large_image","twitter_misc":{"Est. reading time":"5 minutes"},"schema":{"@context":"https:\/\/schema.org","@graph":[{"@type":"WebPage","@id":"https:\/\/fidertas-awareness.com\/produkt\/emotionale-distanz-zur-tochter-ueberwinden\/","url":"https:\/\/fidertas-awareness.com\/produkt\/emotionale-distanz-zur-tochter-ueberwinden\/","name":"Emotionale Distanz \u00fcberwinden - du musst nicht immer stark sein!","isPartOf":{"@id":"https:\/\/fidertas-awareness.com\/#website"},"primaryImageOfPage":{"@id":"https:\/\/fidertas-awareness.com\/produkt\/emotionale-distanz-zur-tochter-ueberwinden\/#primaryimage"},"image":{"@id":"https:\/\/fidertas-awareness.com\/produkt\/emotionale-distanz-zur-tochter-ueberwinden\/#primaryimage"},"thumbnailUrl":"https:\/\/fidertas-awareness.com\/wp-content\/uploads\/2025\/05\/erwachsene-tochter-entfernt-entfremdet-sich.jpg","datePublished":"2025-05-06T11:26:49+00:00","dateModified":"2025-11-26T13:26:26+00:00","description":"F\u00fchlst du dich machtlos, weil sich deine erwachsene Tochter entfernt und entfremdet? Lerne, wie du den Graben zwischen euch \u00fcberbr\u00fcckst. Starte jetzt!","breadcrumb":{"@id":"https:\/\/fidertas-awareness.com\/produkt\/emotionale-distanz-zur-tochter-ueberwinden\/#breadcrumb"},"inLanguage":"en-US","potentialAction":[{"@type":"ReadAction","target":["https:\/\/fidertas-awareness.com\/produkt\/emotionale-distanz-zur-tochter-ueberwinden\/"]}]},{"@type":"ImageObject","inLanguage":"en-US","@id":"https:\/\/fidertas-awareness.com\/produkt\/emotionale-distanz-zur-tochter-ueberwinden\/#primaryimage","url":"https:\/\/fidertas-awareness.com\/wp-content\/uploads\/2025\/05\/erwachsene-tochter-entfernt-entfremdet-sich.jpg","contentUrl":"https:\/\/fidertas-awareness.com\/wp-content\/uploads\/2025\/05\/erwachsene-tochter-entfernt-entfremdet-sich.jpg","width":1890,"height":1890,"caption":"Du bist immer stark, immer verantwortlich \u2013 und doch f\u00fchlst du dich oft allein mit all dem Druck? Du lernst, loszulassen und gleichzeitig Vertrauen aufzubauen \u2013 zu dir selbst und zu deiner erwachsenen Tochter. Schritt f\u00fcr Schritt wirst du erleben, wie sich Gespr\u00e4che vertiefen und Verletzlichkeit zur St\u00e4rke wird. Und deine Beziehung zu deiner Tochter auf eine neue, echte Ebene w\u00e4chst."},{"@type":"BreadcrumbList","@id":"https:\/\/fidertas-awareness.com\/produkt\/emotionale-distanz-zur-tochter-ueberwinden\/#breadcrumb","itemListElement":[{"@type":"ListItem","position":1,"name":"Startseite","item":"https:\/\/fidertas-awareness.com\/"},{"@type":"ListItem","position":2,"name":"Shop","item":"https:\/\/fidertas-awareness.com\/shop\/"},{"@type":"ListItem","position":3,"name":"Kurs &#8222;St\u00e4rke in der Verletzlichkeit&#8220; &#8211; emotionale Distanz zur Tochter \u00fcberwinden."}]},{"@type":"WebSite","@id":"https:\/\/fidertas-awareness.com\/#website","url":"https:\/\/fidertas-awareness.com\/","name":"Fidertas - Awareness","description":"","publisher":{"@id":"https:\/\/fidertas-awareness.com\/#organization"},"potentialAction":[{"@type":"SearchAction","target":{"@type":"EntryPoint","urlTemplate":"https:\/\/fidertas-awareness.com\/?s={search_term_string}"},"query-input":{"@type":"PropertyValueSpecification","valueRequired":true,"valueName":"search_term_string"}}],"inLanguage":"en-US"},{"@type":"Organization","@id":"https:\/\/fidertas-awareness.com\/#organization","name":"Fidertas - Awareness","url":"https:\/\/fidertas-awareness.com\/","logo":{"@type":"ImageObject","inLanguage":"en-US","@id":"https:\/\/fidertas-awareness.com\/#\/schema\/logo\/image\/","url":"https:\/\/fidertas-awareness.com\/wp-content\/uploads\/2023\/10\/cropped-Fidertas_Logo_RGB.png","contentUrl":"https:\/\/fidertas-awareness.com\/wp-content\/uploads\/2023\/10\/cropped-Fidertas_Logo_RGB.png","width":2160,"height":1181,"caption":"Fidertas - Awareness"},"image":{"@id":"https:\/\/fidertas-awareness.com\/#\/schema\/logo\/image\/"}}]}},"_links":{"self":[{"href":"https:\/\/fidertas-awareness.com\/en\/wp-json\/wp\/v2\/product\/10356","targetHints":{"allow":["GET"]}}],"collection":[{"href":"https:\/\/fidertas-awareness.com\/en\/wp-json\/wp\/v2\/product"}],"about":[{"href":"https:\/\/fidertas-awareness.com\/en\/wp-json\/wp\/v2\/types\/product"}],"replies":[{"embeddable":true,"href":"https:\/\/fidertas-awareness.com\/en\/wp-json\/wp\/v2\/comments?post=10356"}],"wp:featuredmedia":[{"embeddable":true,"href":"https:\/\/fidertas-awareness.com\/en\/wp-json\/wp\/v2\/media\/10358"}],"wp:attachment":[{"href":"https:\/\/fidertas-awareness.com\/en\/wp-json\/wp\/v2\/media?parent=10356"}],"wp:term":[{"taxonomy":"product_brand","embeddable":true,"href":"https:\/\/fidertas-awareness.com\/en\/wp-json\/wp\/v2\/product_brand?post=10356"},{"taxonomy":"product_cat","embeddable":true,"href":"https:\/\/fidertas-awareness.com\/en\/wp-json\/wp\/v2\/product_cat?post=10356"},{"taxonomy":"product_tag","embeddable":true,"href":"https:\/\/fidertas-awareness.com\/en\/wp-json\/wp\/v2\/product_tag?post=10356"}],"curies":[{"name":"wp","href":"https:\/\/api.w.org\/{rel}","templated":true}]}}