{"id":10397,"date":"2025-05-13T10:06:00","date_gmt":"2025-05-13T08:06:00","guid":{"rendered":"https:\/\/fidertas-awareness.com\/?post_type=product&#038;p=10397"},"modified":"2025-10-03T09:49:44","modified_gmt":"2025-10-03T07:49:44","slug":"lebensmotive-mutter-tochter-konflikt-verstehen","status":"publish","type":"product","link":"https:\/\/fidertas-awareness.com\/en\/product\/lebensmotive-mutter-tochter-konflikt-verstehen\/","title":{"rendered":"Identify possible causes of your mother-daughter conflict based on life motives (analysis + discussion)"},"content":{"rendered":"<h2 id=\"entdecke-die-wahren-lebensmotive-hinter-eurem-mutt\" class=\"mb-2 mt-6 text-lg font-[500] first:mt-0 dark:font-[475]\">Entdecke die Lebensmotive hinter deinem Mutter-Tochter-Konflikt.<\/h2>\n<p class=\"my-0\"><strong>Verstehen. Ver\u00e4ndern. Vers\u00f6hnen.<\/strong><\/p>\n<p style=\"font-weight: 400;\">Streit, Missverst\u00e4ndnisse und emotionale Distanz zwischen Mutter und Tochter sind kein Zufall. Sie sind das Ergebnis tieferliegender, oft unsichtbarer Lebensmotive und Bed\u00fcrfnisse. Mit unserer wissenschaftlich fundierten Analyse findet ihr heraus, was euch wirklich antreibt. Und wie ihr endlich einen neuen, verst\u00e4ndnisvollen Umgang miteinander findet.<\/p>\n<p>&nbsp;<\/p>\n<h2 id=\"fr-wen-ist-das-angebot\" class=\"mb-2 mt-6 text-lg font-[500] first:mt-0 dark:font-[475]\">Who is this offer for?<\/h2>\n<p class=\"my-0\">F\u00fcr erwachsene T\u00f6chter und ihre M\u00fctter, die\u2026<\/p>\n<ul class=\"marker:text-textOff list-disc\">\n<li>\n<p class=\"my-0\">immer wieder in dieselben Konflikte geraten.<\/p>\n<\/li>\n<li>\n<p class=\"my-0\">sich unverstanden oder verletzt f\u00fchlen.<\/p>\n<\/li>\n<li>\n<p class=\"my-0\">endlich wissen wollen, warum sie so unterschiedlich ticken.<\/p>\n<\/li>\n<li>\n<p class=\"my-0\">bereit sind, ihre Beziehung aktiv zu verbessern.<\/p>\n<\/li>\n<\/ul>\n<p>&nbsp;<\/p>\n<h2 id=\"eure-pain-points--und-wie-wir-sie-lsen\" class=\"mb-2 mt-6 text-lg font-[500] first:mt-0 dark:font-[475]\">Eure Ursachen und Themen \u2013 und wie ihr sie l\u00f6st:<\/h2>\n<p>\u2705 <strong>Immer wieder Streit um dieselben Themen? <\/strong>Die Ursachen liegen oft tiefer: Unterschiedliche Lebensmotive, Werte und Bed\u00fcrfnisse f\u00fchren zu Missverst\u00e4ndnissen und Frust.<\/p>\n<p>\ud83d\udc95 <strong>Das Gef\u00fchl, nicht gesehen oder akzeptiert zu werden? <\/strong>Wer die eigenen Motive und die der anderen kennt, kann gezielt Br\u00fccken bauen und Verst\u00e4ndnis schaffen.<\/p>\n<p>\u2705 <strong>Emotionale Distanz, Schuldgef\u00fchle oder R\u00fcckzug? <\/strong>Mit dem Lebensmotiv-Profil erkennt ihr eure individuellen Stressoren und k\u00f6nnt gezielt daran arbeiten, alte Muster zu durchbrechen.<\/p>\n<p>&nbsp;<\/p>\n<hr \/>\n<h2 class=\"my-0\"><strong>What you get:<\/strong><\/h2>\n<ul class=\"marker:text-textOff list-disc\">\n<li>\n<p class=\"my-0\"><strong>1x Analyse deiner Lebensmotive<\/strong><br \/>\nUsing a scientifically based online questionnaire, you will discover what truly guides your thoughts, feelings, and actions.<span class=\"whitespace-nowrap\">.<\/span><\/p>\n<\/li>\n<li>\n<p class=\"my-0\"><strong>Dein pers\u00f6nliches Lebensmotive-Profil &amp; Analysebericht<\/strong><br \/>\nSchnell verf\u00fcgbar auf jedem Endger\u00e4t \u2013 klar, verst\u00e4ndlich und individuell. Kein Typentest, sondern ein einzigartiges, detailliertes Pers\u00f6nlichkeitsprofil<span class=\"whitespace-nowrap\">.<\/span><\/p>\n<\/li>\n<li>\n<p class=\"my-0\"><strong>30-min\u00fctiges Erkl\u00e4rvideo<\/strong><br \/>\nCompact and easy to understand: The basics of personality analysis and how you can use it directly to your advantage.<\/p>\n<\/li>\n<li>\n<p class=\"my-0\"><strong>Exklusive 30-min\u00fctige Session mit einem zertifizierten ID37-Master<\/strong><br \/>\nIn einer pers\u00f6nlichen Online-Session unterst\u00fctzt dich Steffen als zertifizierter ID37-Master dabei, dein Profil der Lebensmotive optimal zu verstehen und gezielt auf eure Mutter-Tochter-Beziehung anzuwenden. Du erh\u00e4ltst wertvolle Impulse und Erkl\u00e4rungen, wie du die Erkenntnisse aus der Analyse nachhaltig in deinen Alltag integrierst.<\/p>\n<\/li>\n<\/ul>\n<hr \/>\n<h2 id=\"so-funktionierts\" class=\"mb-2 mt-6 text-lg font-[500] first:mt-0 dark:font-[475]\">Here&#039;s how it works:<\/h2>\n<ol class=\"marker:text-textOff list-decimal\">\n<li>\n<p class=\"my-0\"><strong>Secure your analysis now<\/strong><br \/>\nAfter your purchase, you will usually receive access to the online questionnaire within 5 working days, which we will have requested for you beforehand.<\/p>\n<\/li>\n<li>\n<p class=\"my-0\"><strong>Profile and report<\/strong><br \/>\nNach Abschluss vom Fragebogen steht dir dein individuelles ID37-Profil zeitnah zur Verf\u00fcgung.<\/p>\n<\/li>\n<li>\n<p class=\"my-0\"><strong>Erkl\u00e4rvideo anschauen<\/strong><br \/>\nVerstehe die Grundlagen der Pers\u00f6nlichkeitsanalyse und wie du sie f\u00fcr eure Beziehung nutzt. Den Link zum Video findest du in der Kaufbest\u00e4tigung.<\/p>\n<\/li>\n<li>\n<p class=\"my-0\"><strong>Pers\u00f6nliche Session mit ID37-Master buchen<\/strong><br \/>\nIn 30 Minuten bekommst du professionelle Unterst\u00fctzung, um dein Profil optimal zu interpretieren und konkrete n\u00e4chste Schritte f\u00fcr eure Beziehung zu entwickeln. Schreibe bitte eine E-Mail an info@fidertas.com, um mit Steffen deinen Termin zu vereinbaren.<\/p>\n<\/li>\n<li>\n<p class=\"my-0\"><strong>Gemeinsam auswerten<\/strong><br \/>\nTeile dein Profil mit deiner Mutter oder Tochter, besprecht Gemeinsamkeiten und Unterschiede \u2013 und startet einen neuen Dialog.<\/p>\n<\/li>\n<\/ol>\n<p>&nbsp;<\/p>\n<h2 id=\"warum-id37\" class=\"mb-2 mt-6 text-lg font-[500] first:mt-0 dark:font-[475]\">Warum ID37?<\/h2>\n<ul class=\"marker:text-textOff list-disc\">\n<li>\n<p class=\"my-0\"><strong>Scientifically sound:<\/strong><br \/>\n\u00dcber 15 Jahre Praxiserfahrung und modernste Testentwicklung \u2013 keine veralteten Typentests, sondern echte Individualit\u00e4t<span class=\"whitespace-nowrap\">.<\/span><\/p>\n<\/li>\n<li>\n<p class=\"my-0\"><strong>Simple and easy to understand:<\/strong><br \/>\nKeine Vorkenntnisse n\u00f6tig. Das Video erkl\u00e4rt alles Schritt f\u00fcr Schritt. Bei Bedarf kannst du dir <a href=\"https:\/\/fidertas-awareness.com\/en\/produkt\/einzelcoaching-innere-staerke\/\">individual sessions<\/a> mit Steffen buchen, um tiefer in diese Themen einzusteigen und gezielte Tipps zu erhalten, damit du noch mehr aus deinem Profil herausholen kannst.<\/p>\n<\/li>\n<li>\n<p class=\"my-0\"><strong>Individual support:<\/strong><br \/>\nDie pers\u00f6nliche Session mit einem ID37-Master sorgt daf\u00fcr, dass du deine Ergebnisse nicht nur verstehst, sondern auch gezielt f\u00fcr eure Beziehung nutzen kannst.<\/p>\n<\/li>\n<li>\n<p class=\"my-0\"><strong>Gemeinsam wachsen:<\/strong><br \/>\nWenn beide \u2013 Mutter und Tochter \u2013 die Analyse machen, k\u00f6nnt ihr eure Profile vergleichen, Gemeinsamkeiten entdecken und Konfliktpotenziale erkennen.<\/p>\n<\/li>\n<\/ul>\n<hr \/>\n<p class=\"my-0\"><strong>Frequently Asked Questions:<\/strong><\/p>\n<ul class=\"marker:text-textOff list-disc\">\n<li>\n<p class=\"my-0\"><em>Muss ich die Analyse gemeinsam mit meiner Mutter\/Tochter machen?<\/em><br \/>\nNein, aber gemeinsam profitiert ihr am meisten. Jede macht ihre eigene Analyse und ihr k\u00f6nnt die Profile direkt vergleichen. F\u00fcr diesen Fall m\u00fcsst ihr aber beide das Angebot kaufen.<\/p>\n<\/li>\n<li>\n<p class=\"my-0\"><em>Was, wenn meine Mutter\/Tochter nicht mitmachen will?<\/em><br \/>\nSchon das eigene Profil bringt dir wertvolle Erkenntnisse und neue Perspektiven.<\/p>\n<\/li>\n<\/ul>\n<hr \/>\n<h3 id=\"deine-investition-in-eine-bessere-beziehung\" class=\"mb-2 mt-6 text-lg font-[500] first:mt-0 dark:font-[475]\">Deine Investition in eine bessere Beziehung!<\/h3>\n<p class=\"my-0\"><strong>Jetzt bestellen und Beziehungsmuster endlich verstehen \u2013 f\u00fcr mehr N\u00e4he, weniger Streit und echte Vers\u00f6hnung!<\/strong><\/p>\n<p>&nbsp;<\/p>\n<h4>\ud835\udcd3\ud835\udcee\ud835\udcf2\ud835\udcf7\ud835\udcee \ud835\udcd9\ud835\udcfe\ud835\udcf5\ud835\udcf2\ud835\udcea &amp; \ud835\udced\ud835\udcee\ud835\udcf2\ud835\udcf7 \ud835\udce2\ud835\udcfd\ud835\udcee\ud835\udcef\ud835\udcef\ud835\udcee\ud835\udcf7<em><br \/>\n<\/em><b><strong><br \/>\n<\/strong><\/b><\/h4>\n<p>&nbsp;<\/p>\n<p>Please note our <a href=\"https:\/\/fidertas-awareness.com\/en\/disclaimer\/\">Disclaimer for medical and therapeutic cases<\/a>.<\/p>\n<p class=\"text-body font-regular leading-[24px] pt-[9px] pb-[2px]\" dir=\"ltr\"><strong>Note \/ Disclaimer regarding the number of meetings and chances of success:<\/strong><\/p>\n<p class=\"text-body font-regular leading-[24px] pt-[9px] pb-[2px]\" dir=\"ltr\">Coaching is an individual process that requires time, commitment, and patience. Please note that deeply rooted blocks and long-standing behavioral patterns cannot usually be completely resolved within just a few sessions. Even if initial positive changes are often noticeable after a short time, a sustainable and profound transformation usually requires several sessions and ongoing reflection. The duration and success of the process depend on the individual situation, goals, and willingness to change. For this reason, no guarantees can be given regarding the number of sessions required or the outcome.<\/p>","protected":false},"excerpt":{"rendered":"<p>Entdecke mit der Pers\u00f6nlichkeitsanalyse, <strong>was dich und deine Mutter oder Tochter entfremdet<\/strong>! Du erh\u00e4ltst eine individuelle Lebensmotiv-Analyse inkl. Analysebericht, ein Erkl\u00e4rvideo und eine individuelle 30-min\u00fctige Session mit Steffen (zertifizierter ID37-Master). Erkenne Gemeinsamkeiten, verstehe Unterschiede und bringe mehr Harmonie in eure Beziehung.<br \/>\n<strong>Jetzt starten und neue Wege der Verst\u00e4ndigung gehen!<\/strong><\/p>","protected":false},"featured_media":10543,"comment_status":"open","ping_status":"closed","template":"","meta":{"_acf_changed":false},"product_brand":[],"product_cat":[44,48],"product_tag":[],"class_list":{"0":"post-10397","1":"product","2":"type-product","3":"status-publish","4":"has-post-thumbnail","6":"product_cat-streit-konflikt-mit-mutter-shop","7":"product_cat-streit-konflikt-mit-tochter-shop","9":"first","10":"instock","11":"downloadable","12":"virtual","13":"taxable","14":"purchasable","15":"product-type-simple"},"acf":[],"yoast_head":"<!-- This site is optimized with the Yoast SEO Premium plugin v23.1 (Yoast SEO v26.6) - https:\/\/yoast.com\/wordpress\/plugins\/seo\/ -->\n<title>Bringt Klarheit in Mutter-Tochter-Konflikte durch Lebensmotive!<\/title>\n<meta name=\"description\" content=\"Verbessert die Beziehung zu Mutter oder Tochter: Mit der Pers\u00f6nlichkeitsanalyse erkennt ihr eure Lebensmotive und l\u00f6st Konflikte nachhaltig. Hier klicken!\" \/>\n<meta name=\"robots\" content=\"index, follow, max-snippet:-1, max-image-preview:large, max-video-preview:-1\" \/>\n<link rel=\"canonical\" href=\"https:\/\/fidertas-awareness.com\/en\/produkt\/lebensmotive-mutter-tochter-konflikt-verstehen\/\" \/>\n<meta property=\"og:locale\" content=\"en_US\" \/>\n<meta property=\"og:type\" content=\"article\" \/>\n<meta property=\"og:title\" content=\"Erkenne m\u00f6gliche Ursachen von deinem Mutter-Tochter-Konflikt anhand der Lebensmotive (Analyse + Gespr\u00e4ch)\" \/>\n<meta property=\"og:description\" content=\"Verbessert die Beziehung zu Mutter oder Tochter: Mit der Pers\u00f6nlichkeitsanalyse erkennt ihr eure Lebensmotive und l\u00f6st Konflikte nachhaltig. Hier klicken!\" \/>\n<meta property=\"og:url\" content=\"https:\/\/fidertas-awareness.com\/en\/produkt\/lebensmotive-mutter-tochter-konflikt-verstehen\/\" \/>\n<meta property=\"og:site_name\" content=\"Fidertas - Awareness\" \/>\n<meta property=\"article:modified_time\" content=\"2025-10-03T07:49:44+00:00\" \/>\n<meta property=\"og:image\" content=\"https:\/\/fidertas-awareness.com\/wp-content\/uploads\/2025\/05\/mutter-tochter-beziehung-im-alter-lebensmotive-4.jpg\" \/>\n\t<meta property=\"og:image:width\" content=\"1890\" \/>\n\t<meta property=\"og:image:height\" content=\"1890\" \/>\n\t<meta property=\"og:image:type\" content=\"image\/jpeg\" \/>\n<meta name=\"twitter:card\" content=\"summary_large_image\" \/>\n<meta name=\"twitter:label1\" content=\"Est. reading time\" \/>\n\t<meta name=\"twitter:data1\" content=\"5 minutes\" \/>\n<script type=\"application\/ld+json\" class=\"yoast-schema-graph\">{\"@context\":\"https:\/\/schema.org\",\"@graph\":[{\"@type\":\"WebPage\",\"@id\":\"https:\/\/fidertas-awareness.com\/produkt\/lebensmotive-mutter-tochter-konflikt-verstehen\/\",\"url\":\"https:\/\/fidertas-awareness.com\/produkt\/lebensmotive-mutter-tochter-konflikt-verstehen\/\",\"name\":\"Bringt Klarheit in Mutter-Tochter-Konflikte durch Lebensmotive!\",\"isPartOf\":{\"@id\":\"https:\/\/fidertas-awareness.com\/#website\"},\"primaryImageOfPage\":{\"@id\":\"https:\/\/fidertas-awareness.com\/produkt\/lebensmotive-mutter-tochter-konflikt-verstehen\/#primaryimage\"},\"image\":{\"@id\":\"https:\/\/fidertas-awareness.com\/produkt\/lebensmotive-mutter-tochter-konflikt-verstehen\/#primaryimage\"},\"thumbnailUrl\":\"https:\/\/fidertas-awareness.com\/wp-content\/uploads\/2025\/05\/mutter-tochter-beziehung-im-alter-lebensmotive-4.jpg\",\"datePublished\":\"2025-05-13T08:06:00+00:00\",\"dateModified\":\"2025-10-03T07:49:44+00:00\",\"description\":\"Verbessert die Beziehung zu Mutter oder Tochter: Mit der Pers\u00f6nlichkeitsanalyse erkennt ihr eure Lebensmotive und l\u00f6st Konflikte nachhaltig. Hier klicken!\",\"breadcrumb\":{\"@id\":\"https:\/\/fidertas-awareness.com\/produkt\/lebensmotive-mutter-tochter-konflikt-verstehen\/#breadcrumb\"},\"inLanguage\":\"en-US\",\"potentialAction\":[{\"@type\":\"ReadAction\",\"target\":[\"https:\/\/fidertas-awareness.com\/produkt\/lebensmotive-mutter-tochter-konflikt-verstehen\/\"]}]},{\"@type\":\"ImageObject\",\"inLanguage\":\"en-US\",\"@id\":\"https:\/\/fidertas-awareness.com\/produkt\/lebensmotive-mutter-tochter-konflikt-verstehen\/#primaryimage\",\"url\":\"https:\/\/fidertas-awareness.com\/wp-content\/uploads\/2025\/05\/mutter-tochter-beziehung-im-alter-lebensmotive-4.jpg\",\"contentUrl\":\"https:\/\/fidertas-awareness.com\/wp-content\/uploads\/2025\/05\/mutter-tochter-beziehung-im-alter-lebensmotive-4.jpg\",\"width\":1890,\"height\":1890,\"caption\":\"Entdecke mit der Pers\u00f6nlichkeitsanalyse deiner Lebensmotive die wahren Ursachen eures Mutter-Tochter-Konflikts. Erhalte dein individuelles Profil, einen Analysebericht und ein Erkl\u00e4rvideo \u2013 f\u00fcr mehr Verst\u00e4ndnis, N\u00e4he und weniger Streit.\"},{\"@type\":\"BreadcrumbList\",\"@id\":\"https:\/\/fidertas-awareness.com\/produkt\/lebensmotive-mutter-tochter-konflikt-verstehen\/#breadcrumb\",\"itemListElement\":[{\"@type\":\"ListItem\",\"position\":1,\"name\":\"Startseite\",\"item\":\"https:\/\/fidertas-awareness.com\/\"},{\"@type\":\"ListItem\",\"position\":2,\"name\":\"Shop\",\"item\":\"https:\/\/fidertas-awareness.com\/shop\/\"},{\"@type\":\"ListItem\",\"position\":3,\"name\":\"Erkenne m\u00f6gliche Ursachen von deinem Mutter-Tochter-Konflikt anhand der Lebensmotive (Analyse + Gespr\u00e4ch)\"}]},{\"@type\":\"WebSite\",\"@id\":\"https:\/\/fidertas-awareness.com\/#website\",\"url\":\"https:\/\/fidertas-awareness.com\/\",\"name\":\"Fidertas - Awareness\",\"description\":\"\",\"publisher\":{\"@id\":\"https:\/\/fidertas-awareness.com\/#organization\"},\"potentialAction\":[{\"@type\":\"SearchAction\",\"target\":{\"@type\":\"EntryPoint\",\"urlTemplate\":\"https:\/\/fidertas-awareness.com\/?s={search_term_string}\"},\"query-input\":{\"@type\":\"PropertyValueSpecification\",\"valueRequired\":true,\"valueName\":\"search_term_string\"}}],\"inLanguage\":\"en-US\"},{\"@type\":\"Organization\",\"@id\":\"https:\/\/fidertas-awareness.com\/#organization\",\"name\":\"Fidertas - Awareness\",\"url\":\"https:\/\/fidertas-awareness.com\/\",\"logo\":{\"@type\":\"ImageObject\",\"inLanguage\":\"en-US\",\"@id\":\"https:\/\/fidertas-awareness.com\/#\/schema\/logo\/image\/\",\"url\":\"https:\/\/fidertas-awareness.com\/wp-content\/uploads\/2023\/10\/cropped-Fidertas_Logo_RGB.png\",\"contentUrl\":\"https:\/\/fidertas-awareness.com\/wp-content\/uploads\/2023\/10\/cropped-Fidertas_Logo_RGB.png\",\"width\":2160,\"height\":1181,\"caption\":\"Fidertas - Awareness\"},\"image\":{\"@id\":\"https:\/\/fidertas-awareness.com\/#\/schema\/logo\/image\/\"}}]}<\/script>\n<!-- \/ Yoast SEO Premium plugin. -->","yoast_head_json":{"title":"Bringt Klarheit in Mutter-Tochter-Konflikte durch Lebensmotive!","description":"Verbessert die Beziehung zu Mutter oder Tochter: Mit der Pers\u00f6nlichkeitsanalyse erkennt ihr eure Lebensmotive und l\u00f6st Konflikte nachhaltig. Hier klicken!","robots":{"index":"index","follow":"follow","max-snippet":"max-snippet:-1","max-image-preview":"max-image-preview:large","max-video-preview":"max-video-preview:-1"},"canonical":"https:\/\/fidertas-awareness.com\/en\/produkt\/lebensmotive-mutter-tochter-konflikt-verstehen\/","og_locale":"en_US","og_type":"article","og_title":"Erkenne m\u00f6gliche Ursachen von deinem Mutter-Tochter-Konflikt anhand der Lebensmotive (Analyse + Gespr\u00e4ch)","og_description":"Verbessert die Beziehung zu Mutter oder Tochter: Mit der Pers\u00f6nlichkeitsanalyse erkennt ihr eure Lebensmotive und l\u00f6st Konflikte nachhaltig. Hier klicken!","og_url":"https:\/\/fidertas-awareness.com\/en\/produkt\/lebensmotive-mutter-tochter-konflikt-verstehen\/","og_site_name":"Fidertas - Awareness","article_modified_time":"2025-10-03T07:49:44+00:00","og_image":[{"width":1890,"height":1890,"url":"https:\/\/fidertas-awareness.com\/wp-content\/uploads\/2025\/05\/mutter-tochter-beziehung-im-alter-lebensmotive-4.jpg","type":"image\/jpeg"}],"twitter_card":"summary_large_image","twitter_misc":{"Est. reading time":"5 minutes"},"schema":{"@context":"https:\/\/schema.org","@graph":[{"@type":"WebPage","@id":"https:\/\/fidertas-awareness.com\/produkt\/lebensmotive-mutter-tochter-konflikt-verstehen\/","url":"https:\/\/fidertas-awareness.com\/produkt\/lebensmotive-mutter-tochter-konflikt-verstehen\/","name":"Bringt Klarheit in Mutter-Tochter-Konflikte durch Lebensmotive!","isPartOf":{"@id":"https:\/\/fidertas-awareness.com\/#website"},"primaryImageOfPage":{"@id":"https:\/\/fidertas-awareness.com\/produkt\/lebensmotive-mutter-tochter-konflikt-verstehen\/#primaryimage"},"image":{"@id":"https:\/\/fidertas-awareness.com\/produkt\/lebensmotive-mutter-tochter-konflikt-verstehen\/#primaryimage"},"thumbnailUrl":"https:\/\/fidertas-awareness.com\/wp-content\/uploads\/2025\/05\/mutter-tochter-beziehung-im-alter-lebensmotive-4.jpg","datePublished":"2025-05-13T08:06:00+00:00","dateModified":"2025-10-03T07:49:44+00:00","description":"Verbessert die Beziehung zu Mutter oder Tochter: Mit der Pers\u00f6nlichkeitsanalyse erkennt ihr eure Lebensmotive und l\u00f6st Konflikte nachhaltig. Hier klicken!","breadcrumb":{"@id":"https:\/\/fidertas-awareness.com\/produkt\/lebensmotive-mutter-tochter-konflikt-verstehen\/#breadcrumb"},"inLanguage":"en-US","potentialAction":[{"@type":"ReadAction","target":["https:\/\/fidertas-awareness.com\/produkt\/lebensmotive-mutter-tochter-konflikt-verstehen\/"]}]},{"@type":"ImageObject","inLanguage":"en-US","@id":"https:\/\/fidertas-awareness.com\/produkt\/lebensmotive-mutter-tochter-konflikt-verstehen\/#primaryimage","url":"https:\/\/fidertas-awareness.com\/wp-content\/uploads\/2025\/05\/mutter-tochter-beziehung-im-alter-lebensmotive-4.jpg","contentUrl":"https:\/\/fidertas-awareness.com\/wp-content\/uploads\/2025\/05\/mutter-tochter-beziehung-im-alter-lebensmotive-4.jpg","width":1890,"height":1890,"caption":"Entdecke mit der Pers\u00f6nlichkeitsanalyse deiner Lebensmotive die wahren Ursachen eures Mutter-Tochter-Konflikts. Erhalte dein individuelles Profil, einen Analysebericht und ein Erkl\u00e4rvideo \u2013 f\u00fcr mehr Verst\u00e4ndnis, N\u00e4he und weniger Streit."},{"@type":"BreadcrumbList","@id":"https:\/\/fidertas-awareness.com\/produkt\/lebensmotive-mutter-tochter-konflikt-verstehen\/#breadcrumb","itemListElement":[{"@type":"ListItem","position":1,"name":"Startseite","item":"https:\/\/fidertas-awareness.com\/"},{"@type":"ListItem","position":2,"name":"Shop","item":"https:\/\/fidertas-awareness.com\/shop\/"},{"@type":"ListItem","position":3,"name":"Erkenne m\u00f6gliche Ursachen von deinem Mutter-Tochter-Konflikt anhand der Lebensmotive (Analyse + Gespr\u00e4ch)"}]},{"@type":"WebSite","@id":"https:\/\/fidertas-awareness.com\/#website","url":"https:\/\/fidertas-awareness.com\/","name":"Fidertas - Awareness","description":"","publisher":{"@id":"https:\/\/fidertas-awareness.com\/#organization"},"potentialAction":[{"@type":"SearchAction","target":{"@type":"EntryPoint","urlTemplate":"https:\/\/fidertas-awareness.com\/?s={search_term_string}"},"query-input":{"@type":"PropertyValueSpecification","valueRequired":true,"valueName":"search_term_string"}}],"inLanguage":"en-US"},{"@type":"Organization","@id":"https:\/\/fidertas-awareness.com\/#organization","name":"Fidertas - Awareness","url":"https:\/\/fidertas-awareness.com\/","logo":{"@type":"ImageObject","inLanguage":"en-US","@id":"https:\/\/fidertas-awareness.com\/#\/schema\/logo\/image\/","url":"https:\/\/fidertas-awareness.com\/wp-content\/uploads\/2023\/10\/cropped-Fidertas_Logo_RGB.png","contentUrl":"https:\/\/fidertas-awareness.com\/wp-content\/uploads\/2023\/10\/cropped-Fidertas_Logo_RGB.png","width":2160,"height":1181,"caption":"Fidertas - Awareness"},"image":{"@id":"https:\/\/fidertas-awareness.com\/#\/schema\/logo\/image\/"}}]}},"_links":{"self":[{"href":"https:\/\/fidertas-awareness.com\/en\/wp-json\/wp\/v2\/product\/10397","targetHints":{"allow":["GET"]}}],"collection":[{"href":"https:\/\/fidertas-awareness.com\/en\/wp-json\/wp\/v2\/product"}],"about":[{"href":"https:\/\/fidertas-awareness.com\/en\/wp-json\/wp\/v2\/types\/product"}],"replies":[{"embeddable":true,"href":"https:\/\/fidertas-awareness.com\/en\/wp-json\/wp\/v2\/comments?post=10397"}],"wp:featuredmedia":[{"embeddable":true,"href":"https:\/\/fidertas-awareness.com\/en\/wp-json\/wp\/v2\/media\/10543"}],"wp:attachment":[{"href":"https:\/\/fidertas-awareness.com\/en\/wp-json\/wp\/v2\/media?parent=10397"}],"wp:term":[{"taxonomy":"product_brand","embeddable":true,"href":"https:\/\/fidertas-awareness.com\/en\/wp-json\/wp\/v2\/product_brand?post=10397"},{"taxonomy":"product_cat","embeddable":true,"href":"https:\/\/fidertas-awareness.com\/en\/wp-json\/wp\/v2\/product_cat?post=10397"},{"taxonomy":"product_tag","embeddable":true,"href":"https:\/\/fidertas-awareness.com\/en\/wp-json\/wp\/v2\/product_tag?post=10397"}],"curies":[{"name":"wp","href":"https:\/\/api.w.org\/{rel}","templated":true}]}}