{"id":10415,"date":"2025-05-20T06:08:49","date_gmt":"2025-05-20T04:08:49","guid":{"rendered":"https:\/\/fidertas-awareness.com\/?post_type=product&#038;p=10415"},"modified":"2025-10-03T09:49:11","modified_gmt":"2025-10-03T07:49:11","slug":"erwachsene-tochter-entfernt-sich-von-mir-begleitung-telefonate","status":"publish","type":"product","link":"https:\/\/fidertas-awareness.com\/en\/product\/erwachsene-tochter-entfernt-sich-von-mir-begleitung-telefonate\/","title":{"rendered":"Mother-daughter conflict as seen through the eyes of a daughter (45-minute phone call)"},"content":{"rendered":"<h2 id=\"typische-herausforderungen-die-viele-mtter-erleben\" class=\"mb-2 mt-6 text-lg font-[500] first:mt-0 dark:font-[475]\">Typical challenges many mothers experience<b><strong>:<\/strong><\/b><\/h2>\n<p>\u274c <strong>Sudden distance:<\/strong> Deine erwachsene Tochter zieht sich zur\u00fcck und der Kontakt wird immer seltener. Du f\u00fchlst dich verletzt und fragst dich, was du falsch gemacht hast<span class=\"whitespace-nowrap\">.<\/span><\/p>\n<p>\ud83d\udea8 <strong>Schuldgef\u00fchle und Selbstzweifel:<\/strong> Nach jedem Gespr\u00e4ch bleiben Unsicherheit und das nagende Gef\u00fchl zur\u00fcck, nicht genug gewesen zu sein. Oder sogar die Ursache f\u00fcr die Entfremdung zu sein<span class=\"whitespace-nowrap\">.<\/span><\/p>\n<p>\u274c <strong>Missverst\u00e4ndnisse h\u00e4ufen sich:<\/strong>\u00a0Jede gut gemeinte Bemerkung oder Ratschlag f\u00fchrt zu Streit oder R\u00fcckzug, statt zu N\u00e4he und Verst\u00e4ndnis<span class=\"whitespace-nowrap\">.<\/span><\/p>\n<p>\ud83d\udea8 <strong>Angst vor endg\u00fcltigem Bruch:<\/strong> Die Sorge, deine Tochter ganz zu verlieren, w\u00e4chst. Du hast Angst, dass die Funkstille dauerhaft bleibt und eure Beziehung nicht mehr zu retten ist<span class=\"whitespace-nowrap\">.<\/span><\/p>\n<p>\u274c <strong>Gef\u00fchl von Hilflosigkeit:<\/strong>\u00a0Du m\u00f6chtest die Beziehung verbessern, wei\u00dft aber nicht, wie du auf deine Tochter zugehen kannst, ohne sie weiter zu verletzen oder zu bedr\u00e4ngen<span class=\"whitespace-nowrap\">.<\/span><\/p>\n<p>\ud83d\udea8 <strong>Sehnsucht nach Verbundenheit:<\/strong>\u00a0Trotz aller Konflikte w\u00fcnschst du dir nichts mehr, als wieder eine liebevolle und respektvolle Verbindung zu deiner Tochter zu sp\u00fcren<span class=\"whitespace-nowrap\">.<\/span><\/p>\n<p>&nbsp;<\/p>\n<h2 id=\"mit-meiner-untersttzung-legst-du-den-grundstein-fr\" class=\"mb-2 mt-6 text-lg font-[500] first:mt-0 dark:font-[475]\">With my support, you lay the foundation for<b><strong>:<\/strong><\/b><\/h2>\n<p>\u2705 <strong>Klarheit und Verst\u00e4ndnis:<\/strong>\u00a0Du erkennst die wahren Ursachen des Konflikts und lernst, alte Muster zu durchbrechen \u2013 f\u00fcr mehr Leichtigkeit im Kontakt<span class=\"whitespace-nowrap\">.<\/span><\/p>\n<p>\ud83d\udc95 <strong>Wieder N\u00e4he aufbauen:<\/strong>\u00a0Du findest Wege, wie du deiner Tochter auf Augenh\u00f6he begegnen und echte Verbindung schaffen kannst \u2013 ohne dich selbst aufzugeben<span class=\"whitespace-nowrap\">.<\/span><\/p>\n<p>\u2705 <strong>Sichere Kommunikation:<\/strong>\u00a0Du lernst, Gespr\u00e4che wertsch\u00e4tzend zu f\u00fchren, Grenzen zu setzen und trotzdem offen f\u00fcr Vers\u00f6hnung zu bleiben<span class=\"whitespace-nowrap\">.<\/span><\/p>\n<p>\ud83d\udc95 <strong>Innere St\u00e4rke entwickeln:<\/strong>\u00a0Du st\u00e4rkst dein Selbstwertgef\u00fchl und lernst, mit Schuldgef\u00fchlen und alten Verletzungen konstruktiv umzugehen<span class=\"whitespace-nowrap\">.<\/span><\/p>\n<p>\u2705 <strong>Neue Perspektiven gewinnen:<\/strong>\u00a0Du entdeckst, wie du dich selbst und deine Tochter besser verstehen kannst, um gemeinsam einen Neuanfang zu wagen<span class=\"whitespace-nowrap\">.<\/span><\/p>\n<p>\ud83d\udc95 <strong>Vers\u00f6hnung erm\u00f6glichen:<\/strong>\u00a0Du \u00f6ffnest den Raum f\u00fcr Heilung, Vergebung und einen liebevollen Umgang \u2013 auch wenn die Vergangenheit schmerzt<span class=\"whitespace-nowrap\">.<\/span><\/p>\n<hr \/>\n<h2><b><strong>Enthusiastic customer reviews:<\/strong><\/b><\/h2>\n<p>\ud83d\ude4b\u200d\u2640\ufe0f <em>The coaching session with Ms. Bl\u00f6mer on the topic of &quot;mother-daughter&quot; gave me some important and new ways of thinking and behaving in my interactions with my adult daughter. I especially appreciated Ms. Bl\u00f6mer&#039;s empathetic approach.<\/em><\/p>\n<p><span style=\"font-weight: var(--bs-body-font-weight);\">\u2b50\ufe0f <em>Throughout our entire conversation, she was very friendly and empathetic. I never felt out of place or like I couldn&#039;t confide in her. Julia guided me confidently through the whole process and simply gave me all the time I needed. Even with the things I couldn&#039;t talk about, she didn&#039;t pressure me.<\/em><br \/>\n<em>Even after our conversation, which had deeply upset me, Julia didn&#039;t abandon me. She was always available and checked in on me, which shows me that she does what she does with all her heart. <\/em><em>It takes a lot of courage, but it&#039;s definitely worth it. <\/em><em>I highly recommend it!<\/em><\/span><\/p>\n<hr \/>\n<p>Ich stehe dir zur Seite und begleite dich auf deinem Weg zu einer st\u00e4rkeren Verbindung mit deiner Tochter. Mit meiner Unterst\u00fctzung setzt du symbolisch die Brille deiner Tochter auf \u2013 und erkennst, was sie bewegt, verletzt oder sich w\u00fcnscht.<\/p>\n<p>Was mein Angebot besonders macht? Ich teile nicht nur meine Expertise, sondern auch <strong>my personal perspective as an adult daughter<\/strong>. Ich verstehe die Herausforderungen und W\u00fcnsche, die in der Eltern-Kind-Beziehung auftauchen k\u00f6nnen \u2013 und genau hier setzen wir an. Gemeinsam entwickeln wir neue Ans\u00e4tze und st\u00e4rken das Verst\u00e4ndnis \u00fcber den Konflikt.<\/p>\n<p>Egal, ob es um schwierige Gespr\u00e4che, Konflikte oder L\u00f6sungen geht \u2013 ich bin an deiner Seite. Gemeinsam begleite ich dich auf deinem Weg zu mehr N\u00e4he und Verst\u00e4ndnis in der Beziehung zu deiner Tochter.<\/p>\n<hr \/>\n<p><b><strong>Don&#039;t miss this unique opportunity to turn your life around for the better.\u00a0<u>Order today<\/u>I look forward to supporting you!.<\/strong><\/b><\/p>\n<p>&nbsp;<\/p>\n<h4>\ud835\udcd3\ud835\udcee\ud835\udcf2\ud835\udcf7\ud835\udcee \ud835\udcd9\ud835\udcfe\ud835\udcf5\ud835\udcf2\ud835\udcea<em><br \/>\n<\/em><b><strong><br \/>\n<\/strong><\/b><\/h4>\n<p>&nbsp;<\/p>\n<p>Please note our <a href=\"https:\/\/fidertas-awareness.com\/en\/disclaimer\/\">Disclaimer for medical and therapeutic cases<\/a>.<\/p>\n<p class=\"text-body font-regular leading-[24px] pt-[9px] pb-[2px]\" dir=\"ltr\"><strong>Note \/ Disclaimer regarding the number of meetings and chances of success:<\/strong><\/p>\n<p class=\"text-body font-regular leading-[24px] pt-[9px] pb-[2px]\" dir=\"ltr\">Coaching is an individual process that requires time, commitment, and patience. Please note that deeply rooted blocks and long-standing behavioral patterns cannot usually be completely resolved within just a few sessions. Even if initial positive changes are often noticeable after a short time, a sustainable and profound transformation usually requires several sessions and ongoing reflection. The duration and success of the process depend on the individual situation, goals, and willingness to change. For this reason, no guarantees can be given regarding the number of sessions required or the outcome.<\/p>","protected":false},"excerpt":{"rendered":"<p>Du m\u00f6chtest die Beziehung zu deiner erwachsenen Tochter verbessern?<\/p>\n<p>Ich unterst\u00fctze dich mit meiner einzigartigen Sicht als Tochter. Mit meiner Hilfe <strong>setzt du symbolisch die Brille deiner Tochter auf<\/strong> \u2013 und erkennst, was sie bewegt, verletzt oder sie sich w\u00fcnscht.<\/p>","protected":false},"featured_media":10418,"comment_status":"open","ping_status":"closed","template":"","meta":{"_acf_changed":false},"product_brand":[],"product_cat":[48],"product_tag":[],"class_list":{"0":"post-10415","1":"product","2":"type-product","3":"status-publish","4":"has-post-thumbnail","6":"product_cat-streit-konflikt-mit-tochter-shop","8":"first","9":"instock","10":"virtual","11":"taxable","12":"purchasable","13":"product-type-simple"},"acf":[],"yoast_head":"<!-- This site is optimized with the Yoast SEO Premium plugin v23.1 (Yoast SEO v26.6) - https:\/\/yoast.com\/wordpress\/plugins\/seo\/ -->\n<title>Mutter-Tochter-Konflikt begleitet durch die Augen einer Tochter!<\/title>\n<meta name=\"description\" content=\"Verbessere die Beziehung zur erwachsenen Tochter, wenn sie sich entfernt. Mit flexibler telefonischer Begleitung helfe ich dir aus der Sicht einer Tochter.\" \/>\n<meta name=\"robots\" content=\"index, follow, max-snippet:-1, max-image-preview:large, max-video-preview:-1\" \/>\n<link rel=\"canonical\" href=\"https:\/\/fidertas-awareness.com\/en\/produkt\/erwachsene-tochter-entfernt-sich-von-mir-begleitung-telefonate\/\" \/>\n<meta property=\"og:locale\" content=\"en_US\" \/>\n<meta property=\"og:type\" content=\"article\" \/>\n<meta property=\"og:title\" content=\"Mutter-Tochter-Konflikt begleitet durch die Augen einer Tochter (45 min Telefonat)\" \/>\n<meta property=\"og:description\" content=\"Verbessere die Beziehung zur erwachsenen Tochter, wenn sie sich entfernt. Mit flexibler telefonischer Begleitung helfe ich dir aus der Sicht einer Tochter.\" \/>\n<meta property=\"og:url\" content=\"https:\/\/fidertas-awareness.com\/en\/produkt\/erwachsene-tochter-entfernt-sich-von-mir-begleitung-telefonate\/\" \/>\n<meta property=\"og:site_name\" content=\"Fidertas - Awareness\" \/>\n<meta property=\"article:modified_time\" content=\"2025-10-03T07:49:11+00:00\" \/>\n<meta property=\"og:image\" content=\"https:\/\/fidertas-awareness.com\/wp-content\/uploads\/2025\/05\/erwachsene-tochter-entfernt-sich-von-mir-begleitung-telefonate-1.jpg\" \/>\n\t<meta property=\"og:image:width\" content=\"1890\" \/>\n\t<meta property=\"og:image:height\" content=\"1890\" \/>\n\t<meta property=\"og:image:type\" content=\"image\/jpeg\" \/>\n<meta name=\"twitter:card\" content=\"summary_large_image\" \/>\n<meta name=\"twitter:label1\" content=\"Est. reading time\" \/>\n\t<meta name=\"twitter:data1\" content=\"5 minutes\" \/>\n<script type=\"application\/ld+json\" class=\"yoast-schema-graph\">{\"@context\":\"https:\/\/schema.org\",\"@graph\":[{\"@type\":\"WebPage\",\"@id\":\"https:\/\/fidertas-awareness.com\/produkt\/erwachsene-tochter-entfernt-sich-von-mir-begleitung-telefonate\/\",\"url\":\"https:\/\/fidertas-awareness.com\/produkt\/erwachsene-tochter-entfernt-sich-von-mir-begleitung-telefonate\/\",\"name\":\"Mutter-Tochter-Konflikt begleitet durch die Augen einer Tochter!\",\"isPartOf\":{\"@id\":\"https:\/\/fidertas-awareness.com\/#website\"},\"primaryImageOfPage\":{\"@id\":\"https:\/\/fidertas-awareness.com\/produkt\/erwachsene-tochter-entfernt-sich-von-mir-begleitung-telefonate\/#primaryimage\"},\"image\":{\"@id\":\"https:\/\/fidertas-awareness.com\/produkt\/erwachsene-tochter-entfernt-sich-von-mir-begleitung-telefonate\/#primaryimage\"},\"thumbnailUrl\":\"https:\/\/fidertas-awareness.com\/wp-content\/uploads\/2025\/05\/erwachsene-tochter-entfernt-sich-von-mir-begleitung-telefonate-1.jpg\",\"datePublished\":\"2025-05-20T04:08:49+00:00\",\"dateModified\":\"2025-10-03T07:49:11+00:00\",\"description\":\"Verbessere die Beziehung zur erwachsenen Tochter, wenn sie sich entfernt. Mit flexibler telefonischer Begleitung helfe ich dir aus der Sicht einer Tochter.\",\"breadcrumb\":{\"@id\":\"https:\/\/fidertas-awareness.com\/produkt\/erwachsene-tochter-entfernt-sich-von-mir-begleitung-telefonate\/#breadcrumb\"},\"inLanguage\":\"en-US\",\"potentialAction\":[{\"@type\":\"ReadAction\",\"target\":[\"https:\/\/fidertas-awareness.com\/produkt\/erwachsene-tochter-entfernt-sich-von-mir-begleitung-telefonate\/\"]}]},{\"@type\":\"ImageObject\",\"inLanguage\":\"en-US\",\"@id\":\"https:\/\/fidertas-awareness.com\/produkt\/erwachsene-tochter-entfernt-sich-von-mir-begleitung-telefonate\/#primaryimage\",\"url\":\"https:\/\/fidertas-awareness.com\/wp-content\/uploads\/2025\/05\/erwachsene-tochter-entfernt-sich-von-mir-begleitung-telefonate-1.jpg\",\"contentUrl\":\"https:\/\/fidertas-awareness.com\/wp-content\/uploads\/2025\/05\/erwachsene-tochter-entfernt-sich-von-mir-begleitung-telefonate-1.jpg\",\"width\":1890,\"height\":1890,\"caption\":\"Neue Wege f\u00fcr eure Mutter-Tochter-Beziehung! Du m\u00f6chtest die Beziehung zu deiner erwachsenen Tochter verbessern? Mit 180 Minuten pers\u00f6nlicher Begleitung, aufgeteilt in flexible Telefonate, unterst\u00fctze ich dich mit meiner einzigartigen Sicht als Tochter.\"},{\"@type\":\"BreadcrumbList\",\"@id\":\"https:\/\/fidertas-awareness.com\/produkt\/erwachsene-tochter-entfernt-sich-von-mir-begleitung-telefonate\/#breadcrumb\",\"itemListElement\":[{\"@type\":\"ListItem\",\"position\":1,\"name\":\"Startseite\",\"item\":\"https:\/\/fidertas-awareness.com\/\"},{\"@type\":\"ListItem\",\"position\":2,\"name\":\"Shop\",\"item\":\"https:\/\/fidertas-awareness.com\/shop\/\"},{\"@type\":\"ListItem\",\"position\":3,\"name\":\"Mutter-Tochter-Konflikt begleitet durch die Augen einer Tochter (45 min Telefonat)\"}]},{\"@type\":\"WebSite\",\"@id\":\"https:\/\/fidertas-awareness.com\/#website\",\"url\":\"https:\/\/fidertas-awareness.com\/\",\"name\":\"Fidertas - Awareness\",\"description\":\"\",\"publisher\":{\"@id\":\"https:\/\/fidertas-awareness.com\/#organization\"},\"potentialAction\":[{\"@type\":\"SearchAction\",\"target\":{\"@type\":\"EntryPoint\",\"urlTemplate\":\"https:\/\/fidertas-awareness.com\/?s={search_term_string}\"},\"query-input\":{\"@type\":\"PropertyValueSpecification\",\"valueRequired\":true,\"valueName\":\"search_term_string\"}}],\"inLanguage\":\"en-US\"},{\"@type\":\"Organization\",\"@id\":\"https:\/\/fidertas-awareness.com\/#organization\",\"name\":\"Fidertas - Awareness\",\"url\":\"https:\/\/fidertas-awareness.com\/\",\"logo\":{\"@type\":\"ImageObject\",\"inLanguage\":\"en-US\",\"@id\":\"https:\/\/fidertas-awareness.com\/#\/schema\/logo\/image\/\",\"url\":\"https:\/\/fidertas-awareness.com\/wp-content\/uploads\/2023\/10\/cropped-Fidertas_Logo_RGB.png\",\"contentUrl\":\"https:\/\/fidertas-awareness.com\/wp-content\/uploads\/2023\/10\/cropped-Fidertas_Logo_RGB.png\",\"width\":2160,\"height\":1181,\"caption\":\"Fidertas - Awareness\"},\"image\":{\"@id\":\"https:\/\/fidertas-awareness.com\/#\/schema\/logo\/image\/\"}}]}<\/script>\n<!-- \/ Yoast SEO Premium plugin. -->","yoast_head_json":{"title":"Mutter-Tochter-Konflikt begleitet durch die Augen einer Tochter!","description":"Verbessere die Beziehung zur erwachsenen Tochter, wenn sie sich entfernt. Mit flexibler telefonischer Begleitung helfe ich dir aus der Sicht einer Tochter.","robots":{"index":"index","follow":"follow","max-snippet":"max-snippet:-1","max-image-preview":"max-image-preview:large","max-video-preview":"max-video-preview:-1"},"canonical":"https:\/\/fidertas-awareness.com\/en\/produkt\/erwachsene-tochter-entfernt-sich-von-mir-begleitung-telefonate\/","og_locale":"en_US","og_type":"article","og_title":"Mutter-Tochter-Konflikt begleitet durch die Augen einer Tochter (45 min Telefonat)","og_description":"Verbessere die Beziehung zur erwachsenen Tochter, wenn sie sich entfernt. Mit flexibler telefonischer Begleitung helfe ich dir aus der Sicht einer Tochter.","og_url":"https:\/\/fidertas-awareness.com\/en\/produkt\/erwachsene-tochter-entfernt-sich-von-mir-begleitung-telefonate\/","og_site_name":"Fidertas - Awareness","article_modified_time":"2025-10-03T07:49:11+00:00","og_image":[{"width":1890,"height":1890,"url":"https:\/\/fidertas-awareness.com\/wp-content\/uploads\/2025\/05\/erwachsene-tochter-entfernt-sich-von-mir-begleitung-telefonate-1.jpg","type":"image\/jpeg"}],"twitter_card":"summary_large_image","twitter_misc":{"Est. reading time":"5 minutes"},"schema":{"@context":"https:\/\/schema.org","@graph":[{"@type":"WebPage","@id":"https:\/\/fidertas-awareness.com\/produkt\/erwachsene-tochter-entfernt-sich-von-mir-begleitung-telefonate\/","url":"https:\/\/fidertas-awareness.com\/produkt\/erwachsene-tochter-entfernt-sich-von-mir-begleitung-telefonate\/","name":"Mutter-Tochter-Konflikt begleitet durch die Augen einer Tochter!","isPartOf":{"@id":"https:\/\/fidertas-awareness.com\/#website"},"primaryImageOfPage":{"@id":"https:\/\/fidertas-awareness.com\/produkt\/erwachsene-tochter-entfernt-sich-von-mir-begleitung-telefonate\/#primaryimage"},"image":{"@id":"https:\/\/fidertas-awareness.com\/produkt\/erwachsene-tochter-entfernt-sich-von-mir-begleitung-telefonate\/#primaryimage"},"thumbnailUrl":"https:\/\/fidertas-awareness.com\/wp-content\/uploads\/2025\/05\/erwachsene-tochter-entfernt-sich-von-mir-begleitung-telefonate-1.jpg","datePublished":"2025-05-20T04:08:49+00:00","dateModified":"2025-10-03T07:49:11+00:00","description":"Verbessere die Beziehung zur erwachsenen Tochter, wenn sie sich entfernt. Mit flexibler telefonischer Begleitung helfe ich dir aus der Sicht einer Tochter.","breadcrumb":{"@id":"https:\/\/fidertas-awareness.com\/produkt\/erwachsene-tochter-entfernt-sich-von-mir-begleitung-telefonate\/#breadcrumb"},"inLanguage":"en-US","potentialAction":[{"@type":"ReadAction","target":["https:\/\/fidertas-awareness.com\/produkt\/erwachsene-tochter-entfernt-sich-von-mir-begleitung-telefonate\/"]}]},{"@type":"ImageObject","inLanguage":"en-US","@id":"https:\/\/fidertas-awareness.com\/produkt\/erwachsene-tochter-entfernt-sich-von-mir-begleitung-telefonate\/#primaryimage","url":"https:\/\/fidertas-awareness.com\/wp-content\/uploads\/2025\/05\/erwachsene-tochter-entfernt-sich-von-mir-begleitung-telefonate-1.jpg","contentUrl":"https:\/\/fidertas-awareness.com\/wp-content\/uploads\/2025\/05\/erwachsene-tochter-entfernt-sich-von-mir-begleitung-telefonate-1.jpg","width":1890,"height":1890,"caption":"Neue Wege f\u00fcr eure Mutter-Tochter-Beziehung! Du m\u00f6chtest die Beziehung zu deiner erwachsenen Tochter verbessern? Mit 180 Minuten pers\u00f6nlicher Begleitung, aufgeteilt in flexible Telefonate, unterst\u00fctze ich dich mit meiner einzigartigen Sicht als Tochter."},{"@type":"BreadcrumbList","@id":"https:\/\/fidertas-awareness.com\/produkt\/erwachsene-tochter-entfernt-sich-von-mir-begleitung-telefonate\/#breadcrumb","itemListElement":[{"@type":"ListItem","position":1,"name":"Startseite","item":"https:\/\/fidertas-awareness.com\/"},{"@type":"ListItem","position":2,"name":"Shop","item":"https:\/\/fidertas-awareness.com\/shop\/"},{"@type":"ListItem","position":3,"name":"Mutter-Tochter-Konflikt begleitet durch die Augen einer Tochter (45 min Telefonat)"}]},{"@type":"WebSite","@id":"https:\/\/fidertas-awareness.com\/#website","url":"https:\/\/fidertas-awareness.com\/","name":"Fidertas - Awareness","description":"","publisher":{"@id":"https:\/\/fidertas-awareness.com\/#organization"},"potentialAction":[{"@type":"SearchAction","target":{"@type":"EntryPoint","urlTemplate":"https:\/\/fidertas-awareness.com\/?s={search_term_string}"},"query-input":{"@type":"PropertyValueSpecification","valueRequired":true,"valueName":"search_term_string"}}],"inLanguage":"en-US"},{"@type":"Organization","@id":"https:\/\/fidertas-awareness.com\/#organization","name":"Fidertas - Awareness","url":"https:\/\/fidertas-awareness.com\/","logo":{"@type":"ImageObject","inLanguage":"en-US","@id":"https:\/\/fidertas-awareness.com\/#\/schema\/logo\/image\/","url":"https:\/\/fidertas-awareness.com\/wp-content\/uploads\/2023\/10\/cropped-Fidertas_Logo_RGB.png","contentUrl":"https:\/\/fidertas-awareness.com\/wp-content\/uploads\/2023\/10\/cropped-Fidertas_Logo_RGB.png","width":2160,"height":1181,"caption":"Fidertas - Awareness"},"image":{"@id":"https:\/\/fidertas-awareness.com\/#\/schema\/logo\/image\/"}}]}},"_links":{"self":[{"href":"https:\/\/fidertas-awareness.com\/en\/wp-json\/wp\/v2\/product\/10415","targetHints":{"allow":["GET"]}}],"collection":[{"href":"https:\/\/fidertas-awareness.com\/en\/wp-json\/wp\/v2\/product"}],"about":[{"href":"https:\/\/fidertas-awareness.com\/en\/wp-json\/wp\/v2\/types\/product"}],"replies":[{"embeddable":true,"href":"https:\/\/fidertas-awareness.com\/en\/wp-json\/wp\/v2\/comments?post=10415"}],"wp:featuredmedia":[{"embeddable":true,"href":"https:\/\/fidertas-awareness.com\/en\/wp-json\/wp\/v2\/media\/10418"}],"wp:attachment":[{"href":"https:\/\/fidertas-awareness.com\/en\/wp-json\/wp\/v2\/media?parent=10415"}],"wp:term":[{"taxonomy":"product_brand","embeddable":true,"href":"https:\/\/fidertas-awareness.com\/en\/wp-json\/wp\/v2\/product_brand?post=10415"},{"taxonomy":"product_cat","embeddable":true,"href":"https:\/\/fidertas-awareness.com\/en\/wp-json\/wp\/v2\/product_cat?post=10415"},{"taxonomy":"product_tag","embeddable":true,"href":"https:\/\/fidertas-awareness.com\/en\/wp-json\/wp\/v2\/product_tag?post=10415"}],"curies":[{"name":"wp","href":"https:\/\/api.w.org\/{rel}","templated":true}]}}