{"id":11293,"date":"2025-08-06T12:25:15","date_gmt":"2025-08-06T10:25:15","guid":{"rendered":"https:\/\/fidertas-awareness.com\/?post_type=product&#038;p=11293"},"modified":"2025-10-03T09:48:04","modified_gmt":"2025-10-03T07:48:04","slug":"persoenlichkeitstest-career-profiler","status":"publish","type":"product","link":"https:\/\/fidertas-awareness.com\/en\/product\/persoenlichkeitstest-career-profiler\/","title":{"rendered":"Career Profiler: Discover your tailor-made career path \u2013 for women who finally want to be valued!"},"content":{"rendered":"<h2 id=\"entdecke-die-wahren-lebensmotive-hinter-eurem-mutt\" class=\"mb-2 mt-6 text-lg font-[500] first:mt-0 dark:font-[475]\">You have a unique personality \u2013 this analysis will help you find your way!<\/h2>\n<p class=\"my-0\">Do you long for clarity regarding your career? Perhaps you&#039;d like to discover your hidden strengths and find the perfect profession to suit your personality? The LINC Career Profiler is your scientifically based personality test \u2013 ideal for women who finally want to pursue their professional dreams.<\/p>\n<p>&nbsp;<\/p>\n<h2 id=\"fr-wen-ist-das-angebot\" class=\"mb-2 mt-6 text-lg font-[500] first:mt-0 dark:font-[475]\">Who is this offer for?<\/h2>\n<p class=\"my-0 py-2\">This offer is aimed at women who\u2026<\/p>\n<ul class=\"marker:text-quiet list-disc\">\n<li class=\"py-0 my-0 prose-p:pt-0 prose-p:pb-2 prose-p:my-0 [&amp;&gt;p]:pt-0 [&amp;&gt;p]:pb-2 [&amp;&gt;p]:my-0\" style=\"box-sizing: border-box; scrollbar-color: initial; scrollbar-width: initial; --tw-border-spacing-x: 0; --tw-border-spacing-y: 0; --tw-translate-x: 0; --tw-translate-y: 0; --tw-rotate: 0; --tw-skew-x: 0; --tw-skew-y: 0; --tw-scale-x: 1; --tw-scale-y: 1; --tw-scroll-snap-strictness: proximity; --tw-ring-offset-width: 0px; --tw-ring-offset-color: #fff; --tw-ring-color: rgb(59 130 246 \/ .5); --tw-ring-offset-shadow: 0 0 #0000; --tw-ring-shadow: 0 0 #0000; --tw-shadow: 0 0 #0000; --tw-shadow-colored: 0 0 #0000; margin-top: 0px; margin-bottom: 0px; padding-inline-start: 0.375em; padding-top: 0px; padding-bottom: 0px; border: 0px solid #e5e7eb;\">\n<p class=\"my-0 py-2\">seek new career paths and opportunities.<\/p>\n<\/li>\n<li class=\"py-0 my-0 prose-p:pt-0 prose-p:pb-2 prose-p:my-0 [&amp;&gt;p]:pt-0 [&amp;&gt;p]:pb-2 [&amp;&gt;p]:my-0\" style=\"box-sizing: border-box; scrollbar-color: initial; scrollbar-width: initial; --tw-border-spacing-x: 0; --tw-border-spacing-y: 0; --tw-translate-x: 0; --tw-translate-y: 0; --tw-rotate: 0; --tw-skew-x: 0; --tw-skew-y: 0; --tw-scale-x: 1; --tw-scale-y: 1; --tw-scroll-snap-strictness: proximity; --tw-ring-offset-width: 0px; --tw-ring-offset-color: #fff; --tw-ring-color: rgb(59 130 246 \/ .5); --tw-ring-offset-shadow: 0 0 #0000; --tw-ring-shadow: 0 0 #0000; --tw-shadow: 0 0 #0000; --tw-shadow-colored: 0 0 #0000; margin-top: 0px; margin-bottom: 0px; padding-inline-start: 0.375em; padding-top: 0px; padding-bottom: 0px; border: 0px solid #e5e7eb;\">\n<p class=\"my-0 py-2\">want to return to a job or are looking for their first profession.<\/p>\n<\/li>\n<li class=\"py-0 my-0 prose-p:pt-0 prose-p:pb-2 prose-p:my-0 [&amp;&gt;p]:pt-0 [&amp;&gt;p]:pb-2 [&amp;&gt;p]:my-0\" style=\"box-sizing: border-box; scrollbar-color: initial; scrollbar-width: initial; --tw-border-spacing-x: 0; --tw-border-spacing-y: 0; --tw-translate-x: 0; --tw-translate-y: 0; --tw-rotate: 0; --tw-skew-x: 0; --tw-skew-y: 0; --tw-scale-x: 1; --tw-scale-y: 1; --tw-scroll-snap-strictness: proximity; --tw-ring-offset-width: 0px; --tw-ring-offset-color: #fff; --tw-ring-color: rgb(59 130 246 \/ .5); --tw-ring-offset-shadow: 0 0 #0000; --tw-ring-shadow: 0 0 #0000; --tw-shadow: 0 0 #0000; --tw-shadow-colored: 0 0 #0000; margin-top: 0px; margin-bottom: 0px; padding-inline-start: 0.375em; padding-top: 0px; padding-bottom: 0px; border: 0px solid #e5e7eb;\">\n<p class=\"my-0 py-2\">desire more meaning, satisfaction and self-determination in their job.<\/p>\n<\/li>\n<li class=\"py-0 my-0 prose-p:pt-0 prose-p:pb-2 prose-p:my-0 [&amp;&gt;p]:pt-0 [&amp;&gt;p]:pb-2 [&amp;&gt;p]:my-0\" style=\"box-sizing: border-box; scrollbar-color: initial; scrollbar-width: initial; --tw-border-spacing-x: 0; --tw-border-spacing-y: 0; --tw-translate-x: 0; --tw-translate-y: 0; --tw-rotate: 0; --tw-skew-x: 0; --tw-skew-y: 0; --tw-scale-x: 1; --tw-scale-y: 1; --tw-scroll-snap-strictness: proximity; --tw-ring-offset-width: 0px; --tw-ring-offset-color: #fff; --tw-ring-color: rgb(59 130 246 \/ .5); --tw-ring-offset-shadow: 0 0 #0000; --tw-ring-shadow: 0 0 #0000; --tw-shadow: 0 0 #0000; --tw-shadow-colored: 0 0 #0000; margin-top: 0px; margin-bottom: 0px; padding-inline-start: 0.375em; padding-top: 0px; padding-bottom: 0px; border: 0px solid #e5e7eb;\">\n<p class=\"my-0 py-2\">They want to use their strengths more effectively and actively shape their careers.<\/p>\n<\/li>\n<li class=\"py-0 my-0 prose-p:pt-0 prose-p:pb-2 prose-p:my-0 [&amp;&gt;p]:pt-0 [&amp;&gt;p]:pb-2 [&amp;&gt;p]:my-0\" style=\"box-sizing: border-box; scrollbar-color: initial; scrollbar-width: initial; --tw-border-spacing-x: 0; --tw-border-spacing-y: 0; --tw-translate-x: 0; --tw-translate-y: 0; --tw-rotate: 0; --tw-skew-x: 0; --tw-skew-y: 0; --tw-scale-x: 1; --tw-scale-y: 1; --tw-scroll-snap-strictness: proximity; --tw-ring-offset-width: 0px; --tw-ring-offset-color: #fff; --tw-ring-color: rgb(59 130 246 \/ .5); --tw-ring-offset-shadow: 0 0 #0000; --tw-ring-shadow: 0 0 #0000; --tw-shadow: 0 0 #0000; --tw-shadow-colored: 0 0 #0000; margin-top: 0px; margin-bottom: 0px; padding-inline-start: 0.375em; padding-top: 0px; padding-bottom: 0px; border: 0px solid #e5e7eb;\">\n<p class=\"my-0 py-2\">want to know which professional roles and activities suit you.<\/p>\n<\/li>\n<\/ul>\n<p>&nbsp;<\/p>\n<h2 id=\"eure-pain-points--und-wie-wir-sie-lsen\" class=\"mb-2 mt-6 text-lg font-[500] first:mt-0 dark:font-[475]\">Your advantages:<\/h2>\n<p>\u2705 <strong>Clarity about your strengths and your behavior<\/strong><strong>.<\/strong> The Career Profiler uses scientifically sound analysis to evaluate your individual skills, interests, and personality traits \u2013 allowing you to see at a glance where your professional strengths lie and which development opportunities suit you.<span class=\"whitespace-nowrap\">.<\/span><\/p>\n<p>\ud83d\udc95 <strong>Tailor-made career recommendations and concrete next steps<\/strong><strong>.<\/strong> You will receive suitable job suggestions as well as clear, data-based recommendations for your further career planning \u2013 this will help you avoid bad decisions and find truly fulfilling work.<span class=\"whitespace-nowrap\">.<\/span><\/p>\n<p>\u2705 <strong>More self-confidence and targeted self-marketing<\/strong><strong>.<\/strong> The results will allow you to present your achievements and skills convincingly \u2013 whether in a job interview, salary negotiation, or within your network. This strengthens your professional presence and positioning.<span class=\"whitespace-nowrap\">.<\/span><\/p>\n<p>&nbsp;<\/p>\n<hr \/>\n<h2 class=\"my-0\"><strong>What you get:<\/strong><\/h2>\n<ul class=\"marker:text-textOff list-disc\">\n<li>\n<p class=\"my-0\"><strong>1x comprehensive analysis (LINC Career Profiler)<\/strong><br \/>\nDetailed analysis of your personality, skills and motives based on the BIG FIVE.<\/p>\n<\/li>\n<li>\n<p class=\"my-0\"><strong>Career recommendations<\/strong><br \/>\nOver 300 professions and industries are examined \u2013 you will receive specific suggestions tailored to your profile.<\/p>\n<\/li>\n<li>\n<p class=\"my-0\"><strong>24-minute explainer videos<\/strong><br \/>\nCompact and easy to understand: The basics of personality analysis and how you can use it directly to your advantage.<\/p>\n<\/li>\n<li>\n<p class=\"my-0\"><strong>Exclusive 30-minute session with a certified career profiler<\/strong><br \/>\nIn a personal online session, Steffen, a certified career coach, will support you in optimally understanding your personality profile and applying it specifically to your current situation. You will receive valuable insights and explanations on how to sustainably integrate the findings from the analysis into your everyday life.<\/p>\n<\/li>\n<\/ul>\n<hr \/>\n<h2 id=\"so-funktionierts\" class=\"mb-2 mt-6 text-lg font-[500] first:mt-0 dark:font-[475]\">Here&#039;s how it works:<\/h2>\n<ol class=\"marker:text-textOff list-decimal\">\n<li>\n<p class=\"my-0\"><strong>Secure your analysis now<\/strong><br \/>\nAfter your purchase, you will usually receive access to the online questionnaire within 5 working days, which we will have requested for you beforehand.<\/p>\n<\/li>\n<li>\n<p class=\"my-0\"><strong>Profile and report<\/strong><br \/>\nAfter you complete the questionnaire, we will send you your individual LINC report within a few days.<\/p>\n<\/li>\n<li>\n<p class=\"my-0\"><strong>Watch explanatory videos<\/strong><br \/>\nUnderstand the fundamentals of personality analysis and how to use it to address your challenges. You&#039;ll find the links to the videos in your purchase confirmation.<\/p>\n<\/li>\n<li>\n<p class=\"my-0\"><strong>Book a personal session with Career Profiler<\/strong><br \/>\nIn 30 minutes, you&#039;ll receive professional support to optimally interpret your profile and develop concrete next steps for your personal and\/or professional situation. Please send an email to info@fidertas.com to schedule your appointment with Steffen.<\/p>\n<\/li>\n<\/ol>\n<p>&nbsp;<\/p>\n<h2 id=\"warum-id37\" class=\"mb-2 mt-6 text-lg font-[500] first:mt-0 dark:font-[475]\">Why LINC?<\/h2>\n<ul class=\"marker:text-textOff list-disc\">\n<li>\n<p class=\"my-0\"><strong>Scientifically sound:<\/strong><br \/>\nThe LINC Profiler is based on the Big Five model, the standard in modern psychology. No outdated personality tests, but genuine individuality.<span class=\"whitespace-nowrap\">. The results motivate, empower, and provide immediately applicable impulses for change.<\/span><\/p>\n<\/li>\n<li>\n<p class=\"my-0\"><strong>Simple and easy to understand:<\/strong><br \/>\nNo prior knowledge is required. The videos explain everything step by step, and the report has a modern and appealing design.<\/p>\n<\/li>\n<li>\n<p class=\"my-0\"><strong>Individual support:<\/strong><br \/>\nA personal session with a certified profiler ensures that you not only understand your results, but can also use them specifically for your future.<\/p>\n<\/li>\n<\/ul>\n<hr \/>\n<p class=\"my-0\"><strong>Frequently Asked Questions:<\/strong><\/p>\n<ul class=\"marker:text-textOff list-disc\">\n<li>\n<p class=\"my-0\"><em>Do I need to prepare for the test or answer specific questions?<\/em><br \/>\nNo preparation is needed! After booking, you&#039;ll simply receive a link to the online test, which you can complete conveniently and at your own pace. There are no &quot;right&quot; or &quot;wrong&quot; answers, only honest insights into your personality.<\/p>\n<\/li>\n<li>\n<p class=\"my-0\"><em>What happens to my data? Is it really protected?<\/em><br \/>\nYour data will be treated with absolute confidentiality by LINC and stored in accordance with applicable data protection guidelines.<\/p>\n<\/li>\n<li><em>What if I still feel unsure or have further questions after the analysis and the initial consultation?<\/em><br \/>\nIf needed, you can get additional <a href=\"https:\/\/fidertas-awareness.com\/en\/produkt\/einzelcoaching-innere-staerke\/\">individual sessions<\/a> Book with Steffen or Julia to delve deeper into these topics and receive targeted tips so you can get even more out of your profile.<\/li>\n<\/ul>\n<hr \/>\n<p class=\"my-0\">Be courageous. Discover your strengths. Actively shape your career according to your own values.<\/p>\n<p class=\"my-0\">Take the LINC Career Profiler now and embark on a fulfilling, successful professional future!<\/p>\n<p>&nbsp;<\/p>\n<p>\ud835\udcd3\ud835\udcee\ud835\udcf2\ud835\udcf7\ud835\udcee \ud835\udcd9\ud835\udcfe\ud835\udcf5\ud835\udcf2\ud835\udcea &amp; \ud835\udced\ud835\udcee\ud835\udcf2\ud835\udcf7 \ud835\udce2\ud835\udcfd\ud835\udcee\ud835\udcef\ud835\udcef\ud835\udcee\ud835\udcf7<em><br \/>\n<\/em><b><strong><br \/>\n<\/strong><\/b><\/p>\n<p>&nbsp;<\/p>\n<p>Please note our <a href=\"https:\/\/fidertas-awareness.com\/en\/disclaimer\/\">Disclaimer for medical and therapeutic cases<\/a>.<\/p>\n<p class=\"text-body font-regular leading-[24px] pt-[9px] pb-[2px]\" dir=\"ltr\"><strong>Note \/ Disclaimer regarding the number of meetings and chances of success:<\/strong><\/p>\n<p class=\"text-body font-regular leading-[24px] pt-[9px] pb-[2px]\" dir=\"ltr\">Coaching is an individual process that requires time, commitment, and patience. Please note that deeply rooted blocks and long-standing behavioral patterns cannot usually be completely resolved within just a few sessions. Even if initial positive changes are often noticeable after a short time, a sustainable and profound transformation usually requires several sessions and ongoing reflection. The duration and success of the process depend on the individual situation, goals, and willingness to change. For this reason, no guarantees can be given regarding the number of sessions required or the outcome.<\/p>","protected":false},"excerpt":{"rendered":"<p>With the LINC Career Profiler, you receive a scientifically based personality analysis that offers you, as a woman, valuable and helpful insights and support.<\/p>\n<p>The <strong>Motive Check <\/strong>It shows you what truly motivates you in your job. You receive concrete insights. <strong>Career recommendations <\/strong>From over 300 professions and industries \u2013 tailored to your profile.<\/p>\n<p>Implement your results directly and develop <strong>your individual recipe for success<\/strong>.<\/p>","protected":false},"featured_media":11296,"comment_status":"open","ping_status":"closed","template":"","meta":{"_acf_changed":false},"product_brand":[],"product_cat":[40,111],"product_tag":[],"class_list":{"0":"post-11293","1":"product","2":"type-product","3":"status-publish","4":"has-post-thumbnail","6":"product_cat-karriere-beruf-shop","7":"product_cat-teste-dich-persoenlichkeitstest-persoenlichkeitsanalyse-shop","9":"first","10":"instock","11":"downloadable","12":"virtual","13":"taxable","14":"purchasable","15":"product-type-simple"},"acf":[],"yoast_head":"<!-- This site is optimized with the Yoast SEO Premium plugin v23.1 (Yoast SEO v26.6) - https:\/\/yoast.com\/wordpress\/plugins\/seo\/ -->\n<title>Dein ma\u00dfgeschneiderten Weg - endlich im Beruf gesch\u00e4tzt werden!<\/title>\n<meta name=\"description\" content=\"Finde heraus, wo du im Job aufbl\u00fchst! Lerne deine Pers\u00f6nlichkeit besser kennen. Erhalte pers\u00f6nliche Berufsvorschl\u00e4ge und plane deine n\u00e4chsten Schritte.\" \/>\n<meta name=\"robots\" content=\"index, follow, max-snippet:-1, max-image-preview:large, max-video-preview:-1\" \/>\n<link rel=\"canonical\" href=\"https:\/\/fidertas-awareness.com\/en\/produkt\/persoenlichkeitstest-career-profiler\/\" \/>\n<meta property=\"og:locale\" content=\"en_US\" \/>\n<meta property=\"og:type\" content=\"article\" \/>\n<meta property=\"og:title\" content=\"Career Profiler: Entdecke deinen ma\u00dfgeschneiderten beruflichen Weg - f\u00fcr Frauen, die endlich gesch\u00e4tzt werden wollen!\" \/>\n<meta property=\"og:description\" content=\"Finde heraus, wo du im Job aufbl\u00fchst! Lerne deine Pers\u00f6nlichkeit besser kennen. Erhalte pers\u00f6nliche Berufsvorschl\u00e4ge und plane deine n\u00e4chsten Schritte.\" \/>\n<meta property=\"og:url\" content=\"https:\/\/fidertas-awareness.com\/en\/produkt\/persoenlichkeitstest-career-profiler\/\" \/>\n<meta property=\"og:site_name\" content=\"Fidertas - Awareness\" \/>\n<meta property=\"article:modified_time\" content=\"2025-10-03T07:48:04+00:00\" \/>\n<meta property=\"og:image\" content=\"https:\/\/fidertas-awareness.com\/wp-content\/uploads\/2025\/08\/persoenlichkeitstest-career-profiler-1.jpg\" \/>\n\t<meta property=\"og:image:width\" content=\"1890\" \/>\n\t<meta property=\"og:image:height\" content=\"1890\" \/>\n\t<meta property=\"og:image:type\" content=\"image\/jpeg\" \/>\n<meta name=\"twitter:card\" content=\"summary_large_image\" \/>\n<meta name=\"twitter:label1\" content=\"Est. reading time\" \/>\n\t<meta name=\"twitter:data1\" content=\"7 minutes\" \/>\n<script type=\"application\/ld+json\" class=\"yoast-schema-graph\">{\"@context\":\"https:\/\/schema.org\",\"@graph\":[{\"@type\":\"WebPage\",\"@id\":\"https:\/\/fidertas-awareness.com\/produkt\/persoenlichkeitstest-career-profiler\/\",\"url\":\"https:\/\/fidertas-awareness.com\/produkt\/persoenlichkeitstest-career-profiler\/\",\"name\":\"Dein ma\u00dfgeschneiderten Weg - endlich im Beruf gesch\u00e4tzt werden!\",\"isPartOf\":{\"@id\":\"https:\/\/fidertas-awareness.com\/#website\"},\"primaryImageOfPage\":{\"@id\":\"https:\/\/fidertas-awareness.com\/produkt\/persoenlichkeitstest-career-profiler\/#primaryimage\"},\"image\":{\"@id\":\"https:\/\/fidertas-awareness.com\/produkt\/persoenlichkeitstest-career-profiler\/#primaryimage\"},\"thumbnailUrl\":\"https:\/\/fidertas-awareness.com\/wp-content\/uploads\/2025\/08\/persoenlichkeitstest-career-profiler-1.jpg\",\"datePublished\":\"2025-08-06T10:25:15+00:00\",\"dateModified\":\"2025-10-03T07:48:04+00:00\",\"description\":\"Finde heraus, wo du im Job aufbl\u00fchst! Lerne deine Pers\u00f6nlichkeit besser kennen. Erhalte pers\u00f6nliche Berufsvorschl\u00e4ge und plane deine n\u00e4chsten Schritte.\",\"breadcrumb\":{\"@id\":\"https:\/\/fidertas-awareness.com\/produkt\/persoenlichkeitstest-career-profiler\/#breadcrumb\"},\"inLanguage\":\"en-US\",\"potentialAction\":[{\"@type\":\"ReadAction\",\"target\":[\"https:\/\/fidertas-awareness.com\/produkt\/persoenlichkeitstest-career-profiler\/\"]}]},{\"@type\":\"ImageObject\",\"inLanguage\":\"en-US\",\"@id\":\"https:\/\/fidertas-awareness.com\/produkt\/persoenlichkeitstest-career-profiler\/#primaryimage\",\"url\":\"https:\/\/fidertas-awareness.com\/wp-content\/uploads\/2025\/08\/persoenlichkeitstest-career-profiler-1.jpg\",\"contentUrl\":\"https:\/\/fidertas-awareness.com\/wp-content\/uploads\/2025\/08\/persoenlichkeitstest-career-profiler-1.jpg\",\"width\":1890,\"height\":1890,\"caption\":\"Mit dem LINC Career Profiler erh\u00e4ltst du eine wissenschaftlich fundierten Pers\u00f6nlichkeitsanalyse, die dir als Frau wertvolle und hilfreiche Impulse und Hilfestellungen bietet. Der Motiv-Check zeigt dir, was dich im Job wirklich antreibt. Du erh\u00e4ltst konkrete Berufsempfehlungen aus \u00fcber 300 Berufe und Branchen \u2013 abgestimmt auf dein Profil Setze deine Ergebnisse direkt um und entwickle dein individuelles Erfolgsrezept.\"},{\"@type\":\"BreadcrumbList\",\"@id\":\"https:\/\/fidertas-awareness.com\/produkt\/persoenlichkeitstest-career-profiler\/#breadcrumb\",\"itemListElement\":[{\"@type\":\"ListItem\",\"position\":1,\"name\":\"Startseite\",\"item\":\"https:\/\/fidertas-awareness.com\/\"},{\"@type\":\"ListItem\",\"position\":2,\"name\":\"Shop\",\"item\":\"https:\/\/fidertas-awareness.com\/shop\/\"},{\"@type\":\"ListItem\",\"position\":3,\"name\":\"Career Profiler: Entdecke deinen ma\u00dfgeschneiderten beruflichen Weg &#8211; f\u00fcr Frauen, die endlich gesch\u00e4tzt werden wollen!\"}]},{\"@type\":\"WebSite\",\"@id\":\"https:\/\/fidertas-awareness.com\/#website\",\"url\":\"https:\/\/fidertas-awareness.com\/\",\"name\":\"Fidertas - Awareness\",\"description\":\"\",\"publisher\":{\"@id\":\"https:\/\/fidertas-awareness.com\/#organization\"},\"potentialAction\":[{\"@type\":\"SearchAction\",\"target\":{\"@type\":\"EntryPoint\",\"urlTemplate\":\"https:\/\/fidertas-awareness.com\/?s={search_term_string}\"},\"query-input\":{\"@type\":\"PropertyValueSpecification\",\"valueRequired\":true,\"valueName\":\"search_term_string\"}}],\"inLanguage\":\"en-US\"},{\"@type\":\"Organization\",\"@id\":\"https:\/\/fidertas-awareness.com\/#organization\",\"name\":\"Fidertas - Awareness\",\"url\":\"https:\/\/fidertas-awareness.com\/\",\"logo\":{\"@type\":\"ImageObject\",\"inLanguage\":\"en-US\",\"@id\":\"https:\/\/fidertas-awareness.com\/#\/schema\/logo\/image\/\",\"url\":\"https:\/\/fidertas-awareness.com\/wp-content\/uploads\/2023\/10\/cropped-Fidertas_Logo_RGB.png\",\"contentUrl\":\"https:\/\/fidertas-awareness.com\/wp-content\/uploads\/2023\/10\/cropped-Fidertas_Logo_RGB.png\",\"width\":2160,\"height\":1181,\"caption\":\"Fidertas - Awareness\"},\"image\":{\"@id\":\"https:\/\/fidertas-awareness.com\/#\/schema\/logo\/image\/\"}}]}<\/script>\n<!-- \/ Yoast SEO Premium plugin. -->","yoast_head_json":{"title":"Dein ma\u00dfgeschneiderten Weg - endlich im Beruf gesch\u00e4tzt werden!","description":"Finde heraus, wo du im Job aufbl\u00fchst! Lerne deine Pers\u00f6nlichkeit besser kennen. Erhalte pers\u00f6nliche Berufsvorschl\u00e4ge und plane deine n\u00e4chsten Schritte.","robots":{"index":"index","follow":"follow","max-snippet":"max-snippet:-1","max-image-preview":"max-image-preview:large","max-video-preview":"max-video-preview:-1"},"canonical":"https:\/\/fidertas-awareness.com\/en\/produkt\/persoenlichkeitstest-career-profiler\/","og_locale":"en_US","og_type":"article","og_title":"Career Profiler: Entdecke deinen ma\u00dfgeschneiderten beruflichen Weg - f\u00fcr Frauen, die endlich gesch\u00e4tzt werden wollen!","og_description":"Finde heraus, wo du im Job aufbl\u00fchst! Lerne deine Pers\u00f6nlichkeit besser kennen. Erhalte pers\u00f6nliche Berufsvorschl\u00e4ge und plane deine n\u00e4chsten Schritte.","og_url":"https:\/\/fidertas-awareness.com\/en\/produkt\/persoenlichkeitstest-career-profiler\/","og_site_name":"Fidertas - Awareness","article_modified_time":"2025-10-03T07:48:04+00:00","og_image":[{"width":1890,"height":1890,"url":"https:\/\/fidertas-awareness.com\/wp-content\/uploads\/2025\/08\/persoenlichkeitstest-career-profiler-1.jpg","type":"image\/jpeg"}],"twitter_card":"summary_large_image","twitter_misc":{"Est. reading time":"7 minutes"},"schema":{"@context":"https:\/\/schema.org","@graph":[{"@type":"WebPage","@id":"https:\/\/fidertas-awareness.com\/produkt\/persoenlichkeitstest-career-profiler\/","url":"https:\/\/fidertas-awareness.com\/produkt\/persoenlichkeitstest-career-profiler\/","name":"Dein ma\u00dfgeschneiderten Weg - endlich im Beruf gesch\u00e4tzt werden!","isPartOf":{"@id":"https:\/\/fidertas-awareness.com\/#website"},"primaryImageOfPage":{"@id":"https:\/\/fidertas-awareness.com\/produkt\/persoenlichkeitstest-career-profiler\/#primaryimage"},"image":{"@id":"https:\/\/fidertas-awareness.com\/produkt\/persoenlichkeitstest-career-profiler\/#primaryimage"},"thumbnailUrl":"https:\/\/fidertas-awareness.com\/wp-content\/uploads\/2025\/08\/persoenlichkeitstest-career-profiler-1.jpg","datePublished":"2025-08-06T10:25:15+00:00","dateModified":"2025-10-03T07:48:04+00:00","description":"Finde heraus, wo du im Job aufbl\u00fchst! Lerne deine Pers\u00f6nlichkeit besser kennen. Erhalte pers\u00f6nliche Berufsvorschl\u00e4ge und plane deine n\u00e4chsten Schritte.","breadcrumb":{"@id":"https:\/\/fidertas-awareness.com\/produkt\/persoenlichkeitstest-career-profiler\/#breadcrumb"},"inLanguage":"en-US","potentialAction":[{"@type":"ReadAction","target":["https:\/\/fidertas-awareness.com\/produkt\/persoenlichkeitstest-career-profiler\/"]}]},{"@type":"ImageObject","inLanguage":"en-US","@id":"https:\/\/fidertas-awareness.com\/produkt\/persoenlichkeitstest-career-profiler\/#primaryimage","url":"https:\/\/fidertas-awareness.com\/wp-content\/uploads\/2025\/08\/persoenlichkeitstest-career-profiler-1.jpg","contentUrl":"https:\/\/fidertas-awareness.com\/wp-content\/uploads\/2025\/08\/persoenlichkeitstest-career-profiler-1.jpg","width":1890,"height":1890,"caption":"Mit dem LINC Career Profiler erh\u00e4ltst du eine wissenschaftlich fundierten Pers\u00f6nlichkeitsanalyse, die dir als Frau wertvolle und hilfreiche Impulse und Hilfestellungen bietet. Der Motiv-Check zeigt dir, was dich im Job wirklich antreibt. Du erh\u00e4ltst konkrete Berufsempfehlungen aus \u00fcber 300 Berufe und Branchen \u2013 abgestimmt auf dein Profil Setze deine Ergebnisse direkt um und entwickle dein individuelles Erfolgsrezept."},{"@type":"BreadcrumbList","@id":"https:\/\/fidertas-awareness.com\/produkt\/persoenlichkeitstest-career-profiler\/#breadcrumb","itemListElement":[{"@type":"ListItem","position":1,"name":"Startseite","item":"https:\/\/fidertas-awareness.com\/"},{"@type":"ListItem","position":2,"name":"Shop","item":"https:\/\/fidertas-awareness.com\/shop\/"},{"@type":"ListItem","position":3,"name":"Career Profiler: Entdecke deinen ma\u00dfgeschneiderten beruflichen Weg &#8211; f\u00fcr Frauen, die endlich gesch\u00e4tzt werden wollen!"}]},{"@type":"WebSite","@id":"https:\/\/fidertas-awareness.com\/#website","url":"https:\/\/fidertas-awareness.com\/","name":"Fidertas - Awareness","description":"","publisher":{"@id":"https:\/\/fidertas-awareness.com\/#organization"},"potentialAction":[{"@type":"SearchAction","target":{"@type":"EntryPoint","urlTemplate":"https:\/\/fidertas-awareness.com\/?s={search_term_string}"},"query-input":{"@type":"PropertyValueSpecification","valueRequired":true,"valueName":"search_term_string"}}],"inLanguage":"en-US"},{"@type":"Organization","@id":"https:\/\/fidertas-awareness.com\/#organization","name":"Fidertas - Awareness","url":"https:\/\/fidertas-awareness.com\/","logo":{"@type":"ImageObject","inLanguage":"en-US","@id":"https:\/\/fidertas-awareness.com\/#\/schema\/logo\/image\/","url":"https:\/\/fidertas-awareness.com\/wp-content\/uploads\/2023\/10\/cropped-Fidertas_Logo_RGB.png","contentUrl":"https:\/\/fidertas-awareness.com\/wp-content\/uploads\/2023\/10\/cropped-Fidertas_Logo_RGB.png","width":2160,"height":1181,"caption":"Fidertas - Awareness"},"image":{"@id":"https:\/\/fidertas-awareness.com\/#\/schema\/logo\/image\/"}}]}},"_links":{"self":[{"href":"https:\/\/fidertas-awareness.com\/en\/wp-json\/wp\/v2\/product\/11293","targetHints":{"allow":["GET"]}}],"collection":[{"href":"https:\/\/fidertas-awareness.com\/en\/wp-json\/wp\/v2\/product"}],"about":[{"href":"https:\/\/fidertas-awareness.com\/en\/wp-json\/wp\/v2\/types\/product"}],"replies":[{"embeddable":true,"href":"https:\/\/fidertas-awareness.com\/en\/wp-json\/wp\/v2\/comments?post=11293"}],"wp:featuredmedia":[{"embeddable":true,"href":"https:\/\/fidertas-awareness.com\/en\/wp-json\/wp\/v2\/media\/11296"}],"wp:attachment":[{"href":"https:\/\/fidertas-awareness.com\/en\/wp-json\/wp\/v2\/media?parent=11293"}],"wp:term":[{"taxonomy":"product_brand","embeddable":true,"href":"https:\/\/fidertas-awareness.com\/en\/wp-json\/wp\/v2\/product_brand?post=11293"},{"taxonomy":"product_cat","embeddable":true,"href":"https:\/\/fidertas-awareness.com\/en\/wp-json\/wp\/v2\/product_cat?post=11293"},{"taxonomy":"product_tag","embeddable":true,"href":"https:\/\/fidertas-awareness.com\/en\/wp-json\/wp\/v2\/product_tag?post=11293"}],"curies":[{"name":"wp","href":"https:\/\/api.w.org\/{rel}","templated":true}]}}