{"id":11297,"date":"2025-08-06T13:17:32","date_gmt":"2025-08-06T11:17:32","guid":{"rendered":"https:\/\/fidertas-awareness.com\/?post_type=product&#038;p=11297"},"modified":"2025-10-03T09:48:26","modified_gmt":"2025-10-03T07:48:26","slug":"lebensmotive-was-motivert-mich","status":"publish","type":"product","link":"https:\/\/fidertas-awareness.com\/en\/product\/lebensmotive-was-motivert-mich\/","title":{"rendered":"Uncover your life&#039;s motives: See the world in new colors and find out what motivates and drives you!"},"content":{"rendered":"<h2 id=\"entdecke-die-wahren-lebensmotive-hinter-eurem-mutt\" class=\"mb-2 mt-6 text-lg font-[500] first:mt-0 dark:font-[475]\"><strong>Entdecke deine Lebensmotive und lass die Welt nie wieder so erscheinen, wie sie einmal war.<\/strong><\/h2>\n<p class=\"my-0\"><strong>Verstehen. Ver\u00e4ndern. Gl\u00fccklich &amp; zufrieden sein.<\/strong><\/p>\n<p style=\"font-weight: 400;\">Streit, Missverst\u00e4ndnisse und fehlende Motivation im Leben sind kein Zufall. Sie sind das Ergebnis tieferliegender, oft unsichtbarer Lebensmotive und Bed\u00fcrfnisse. Mit unserer wissenschaftlich fundierten ID37-Analyse findest du heraus, was dich wirklich antreibt. Nutze die Erkenntnisse, um deine Lebensfreude und Energie wiederzufinden.<\/p>\n<p>&nbsp;<\/p>\n<h2 id=\"fr-wen-ist-das-angebot\" class=\"mb-2 mt-6 text-lg font-[500] first:mt-0 dark:font-[475]\">Who is this offer for?<\/h2>\n<p class=\"my-0\">F\u00fcr Frauen, die\u2026<\/p>\n<ul class=\"marker:text-textOff list-disc\">\n<li>\n<p class=\"my-0\">immer wieder in dieselben Konflikte und negativen Verhaltensmuster geraten.<\/p>\n<\/li>\n<li>\n<p class=\"my-0\">sich unverstanden oder verletzt f\u00fchlen.<\/p>\n<\/li>\n<li>\n<p class=\"my-0\">endlich wissen wollen, warum sie nicht nachhaltig gl\u00fccklich werden.<\/p>\n<\/li>\n<li>\n<p class=\"my-0\">bereit sind, ihr Privatleben, ihre Beziehung und das berufliche Umfeld aktiv und positiv zu gestalten.<\/p>\n<\/li>\n<\/ul>\n<p>&nbsp;<\/p>\n<h2 id=\"eure-pain-points--und-wie-wir-sie-lsen\" class=\"mb-2 mt-6 text-lg font-[500] first:mt-0 dark:font-[475]\">Your advantages:<\/h2>\n<p>\u2705 <strong>Pr\u00e4zise Selbstkenntnis durch Lebensmotive.<\/strong> Es wird ein wissenschaftlich fundiertes Pers\u00f6nlichkeitsprofil erstellt. Basierend auf den 16 Lebensmotiven, die als innere Antreiber und Potenziale die individuelle Pers\u00f6nlichkeit genau abbilden. Das hilft, sich selbst besser zu verstehen und bewusster zu handeln.<\/p>\n<p>\ud83d\udc95 <strong>Gezielte individuelle Entwicklung und Ver\u00e4nderung.<\/strong><strong>\u00a0<\/strong>Lebensmotive machen wiederkehrende Verhaltensmuster sichtbar. Dies ist eine fundierte Basis f\u00fcr pers\u00f6nliche Ver\u00e4nderungsprozesse, Entwicklungsprojekte und Lebensentscheidungen.<\/p>\n<p>\u2705 <strong>Besseres Verst\u00e4ndnis &amp; Kommunikation mit dem Partner.<\/strong> Durch das Erkennen der Unterschiede und Motive f\u00f6rdert ID37 wertsch\u00e4tzende Kommunikation, Empathie und einen konstruktiven Umgang mit Konflikten in der Partnerschaft.<\/p>\n<p>&nbsp;<\/p>\n<hr \/>\n<h2 class=\"my-0\"><strong>What you get:<\/strong><\/h2>\n<ul class=\"marker:text-textOff list-disc\">\n<li>\n<p class=\"my-0\"><strong>1x Analyse deiner Lebensmotive<\/strong><br \/>\nUsing a scientifically based online questionnaire, you will discover what truly guides your thoughts, feelings, and actions.<span class=\"whitespace-nowrap\">.<\/span><\/p>\n<\/li>\n<li>\n<p class=\"my-0\"><strong>Dein pers\u00f6nliches Lebensmotive-Profil &amp; Analysebericht<\/strong><br \/>\nSchnell verf\u00fcgbar auf jedem Endger\u00e4t \u2013 klar, verst\u00e4ndlich und individuell. Kein Typentest, sondern ein einzigartiges, detailliertes Pers\u00f6nlichkeitsprofil<span class=\"whitespace-nowrap\">.<\/span><\/p>\n<\/li>\n<li>\n<p class=\"my-0\"><strong>30-min\u00fctiges Erkl\u00e4rvideo<\/strong><br \/>\nCompact and easy to understand: The basics of personality analysis and how you can use it directly to your advantage.<\/p>\n<\/li>\n<li>\n<p class=\"my-0\"><strong>Exklusive 30-min\u00fctige Session mit einem zertifizierten ID37-Master<\/strong><br \/>\nIn einer pers\u00f6nlichen Online-Session unterst\u00fctzt dich Steffen als zertifizierter ID37-Master dabei, dein Profil der Lebensmotive optimal zu verstehen und gezielt auf deinen privaten und beruflichen Alltag anzuwenden. Du erh\u00e4ltst wertvolle Impulse und Erkl\u00e4rungen, wie du die Erkenntnisse aus der Analyse nachhaltig in deinen Alltag integrierst.<\/p>\n<\/li>\n<\/ul>\n<hr \/>\n<h2 id=\"so-funktionierts\" class=\"mb-2 mt-6 text-lg font-[500] first:mt-0 dark:font-[475]\">Here&#039;s how it works:<\/h2>\n<ol class=\"marker:text-textOff list-decimal\">\n<li>\n<p class=\"my-0\"><strong>Secure your analysis now<\/strong><br \/>\nAfter your purchase, you will usually receive access to the online questionnaire within 5 working days, which we will have requested for you beforehand.<\/p>\n<\/li>\n<li>\n<p class=\"my-0\"><strong>Profile and report<\/strong><br \/>\nNach Abschluss vom Fragebogen steht dir dein individuelles ID37-Profil zeitnah zur Verf\u00fcgung.<\/p>\n<\/li>\n<li>\n<p class=\"my-0\"><strong>Erkl\u00e4rvideo anschauen<\/strong><br \/>\nVerstehe die Grundlagen der Pers\u00f6nlichkeitsanalyse und wie du sie f\u00fcr dein Leben nutzt. Den Link zum Video findest du in der Kaufbest\u00e4tigung.<\/p>\n<\/li>\n<li>\n<p class=\"my-0\"><strong>Pers\u00f6nliche Session mit ID37-Master buchen<\/strong><br \/>\nIn 30 Minuten bekommst du professionelle Unterst\u00fctzung, um dein Profil optimal zu interpretieren und konkrete n\u00e4chste Schritte zu entwickeln. Schreibe bitte eine E-Mail an info@fidertas.com, um mit Steffen deinen Termin zu vereinbaren.<\/p>\n<\/li>\n<\/ol>\n<p>&nbsp;<\/p>\n<h2 id=\"warum-id37\" class=\"mb-2 mt-6 text-lg font-[500] first:mt-0 dark:font-[475]\">Warum ID37?<\/h2>\n<ul class=\"marker:text-textOff list-disc\">\n<li>\n<p class=\"my-0\"><strong>Scientifically sound:<\/strong><br \/>\n\u00dcber 15 Jahre Praxiserfahrung und modernste Testentwicklung \u2013 keine veralteten Typentests, sondern echte Individualit\u00e4t<span class=\"whitespace-nowrap\">.<\/span><\/p>\n<\/li>\n<li>\n<p class=\"my-0\"><strong>Simple and easy to understand:<\/strong><br \/>\nNo prior knowledge is required. The videos explain everything step by step, and the report has a modern and appealing design.<\/p>\n<\/li>\n<li>\n<p class=\"my-0\"><strong>Individual support:<\/strong><br \/>\nDie pers\u00f6nliche Session mit einem ID37-Master sorgt daf\u00fcr, dass du deine Ergebnisse nicht nur verstehst, sondern auch gezielt f\u00fcr deine Motivation und deine Beziehungen nutzen kannst.<\/p>\n<\/li>\n<\/ul>\n<hr \/>\n<p class=\"my-0\"><strong>Frequently Asked Questions:<\/strong><\/p>\n<ul class=\"marker:text-textOff list-disc\">\n<li>\n<p class=\"my-0\"><em>Do I need to prepare for the test or answer specific questions?<\/em><br \/>\nNo preparation is needed! After booking, you&#039;ll simply receive a link to the online test, which you can complete conveniently and at your own pace. There are no &quot;right&quot; or &quot;wrong&quot; answers, only honest insights into your personality.<\/p>\n<\/li>\n<li>\n<p class=\"my-0\"><em>What happens to my data? Is it really protected?<\/em><br \/>\nDeine Daten werden von ID37 absolut vertraulich behandelt und nach den geltenden Datenschutzrichtlinien gespeichert.<\/p>\n<\/li>\n<li><em>What if I still feel unsure or have further questions after the analysis and the initial consultation?<\/em><br \/>\nIf needed, you can get additional <a href=\"https:\/\/fidertas-awareness.com\/en\/produkt\/einzelcoaching-innere-staerke\/\">individual sessions<\/a> Book with Steffen or Julia to delve deeper into these topics and receive targeted tips so you can get even more out of your profile.<\/li>\n<\/ul>\n<hr \/>\n<h3 id=\"deine-investition-in-eine-bessere-beziehung\" class=\"mb-2 mt-6 text-lg font-[500] first:mt-0 dark:font-[475]\">Deine Investition in bessere Beziehungen und mehr Lebensfreude!<\/h3>\n<p class=\"my-0\"><strong>Jetzt bestellen und innere Motivation endlich verstehen \u2013 f\u00fcr mehr N\u00e4he, weniger Streit und echte Zufriedenheit!<\/strong><\/p>\n<p>&nbsp;<\/p>\n<h4>\ud835\udcd3\ud835\udcee\ud835\udcf2\ud835\udcf7\ud835\udcee \ud835\udcd9\ud835\udcfe\ud835\udcf5\ud835\udcf2\ud835\udcea &amp; \ud835\udced\ud835\udcee\ud835\udcf2\ud835\udcf7 \ud835\udce2\ud835\udcfd\ud835\udcee\ud835\udcef\ud835\udcef\ud835\udcee\ud835\udcf7<em><br \/>\n<\/em><b><strong><br \/>\n<\/strong><\/b><\/h4>\n<p>&nbsp;<\/p>\n<p>Please note our <a href=\"https:\/\/fidertas-awareness.com\/en\/disclaimer\/\">Disclaimer for medical and therapeutic cases<\/a>.<\/p>\n<p class=\"text-body font-regular leading-[24px] pt-[9px] pb-[2px]\" dir=\"ltr\"><strong>Note \/ Disclaimer regarding the number of meetings and chances of success:<\/strong><\/p>\n<p class=\"text-body font-regular leading-[24px] pt-[9px] pb-[2px]\" dir=\"ltr\">Coaching is an individual process that requires time, commitment, and patience. Please note that deeply rooted blocks and long-standing behavioral patterns cannot usually be completely resolved within just a few sessions. Even if initial positive changes are often noticeable after a short time, a sustainable and profound transformation usually requires several sessions and ongoing reflection. The duration and success of the process depend on the individual situation, goals, and willingness to change. For this reason, no guarantees can be given regarding the number of sessions required or the outcome.<\/p>","protected":false},"excerpt":{"rendered":"<p>Lebensmotive helfen dir, deine <strong>Antreiber<\/strong>, <strong>needs<\/strong> and <strong>W\u00fcnsche<\/strong> besser zu verstehen. F\u00fcr mehr Zufriedenheit und Ehrlichkeit in <strong>Relationships<\/strong> und im <strong>job<\/strong>.<\/p>\n<p>Es <strong>reduziert Missverst\u00e4ndnisse<\/strong> durch besseres Verst\u00e4ndnis und wertsch\u00e4tzende Kommunikation. Au\u00dferdem gibt es dir Impulse zur pers\u00f6nlichen und beruflichen Weiterentwicklung, die dich motivieren und antreiben.<\/p>","protected":false},"featured_media":11298,"comment_status":"open","ping_status":"closed","template":"","meta":{"_acf_changed":false},"product_brand":[],"product_cat":[41,111],"product_tag":[],"class_list":{"0":"post-11297","1":"product","2":"type-product","3":"status-publish","4":"has-post-thumbnail","6":"product_cat-beziehung-partnerschaft-shop","7":"product_cat-teste-dich-persoenlichkeitstest-persoenlichkeitsanalyse-shop","9":"first","10":"instock","11":"downloadable","12":"virtual","13":"taxable","14":"purchasable","15":"product-type-simple"},"acf":[],"yoast_head":"<!-- This site is optimized with the Yoast SEO Premium plugin v23.1 (Yoast SEO v26.6) - https:\/\/yoast.com\/wordpress\/plugins\/seo\/ -->\n<title>Lebensmotive motivieren dich - sieh die Welt in neuen Farben!<\/title>\n<meta name=\"description\" content=\"Die Motive zeigen deine W\u00fcnsche und Antriebskr\u00e4fte. F\u00fcr mehr Zufriedenheit zu Hause, st\u00e4rkere Beziehungen und mehr Motivation im Job.\" \/>\n<meta name=\"robots\" content=\"index, follow, max-snippet:-1, max-image-preview:large, max-video-preview:-1\" \/>\n<link rel=\"canonical\" href=\"https:\/\/fidertas-awareness.com\/en\/produkt\/lebensmotive-was-motivert-mich\/\" \/>\n<meta property=\"og:locale\" content=\"en_US\" \/>\n<meta property=\"og:type\" content=\"article\" \/>\n<meta property=\"og:title\" content=\"Lebensmotive enth\u00fcllen: Sieh die Welt in neuen Farben und finde heraus, was dich motiviert und antreibt!\" \/>\n<meta property=\"og:description\" content=\"Die Motive zeigen deine W\u00fcnsche und Antriebskr\u00e4fte. F\u00fcr mehr Zufriedenheit zu Hause, st\u00e4rkere Beziehungen und mehr Motivation im Job.\" \/>\n<meta property=\"og:url\" content=\"https:\/\/fidertas-awareness.com\/en\/produkt\/lebensmotive-was-motivert-mich\/\" \/>\n<meta property=\"og:site_name\" content=\"Fidertas - Awareness\" \/>\n<meta property=\"article:modified_time\" content=\"2025-10-03T07:48:26+00:00\" \/>\n<meta property=\"og:image\" content=\"https:\/\/fidertas-awareness.com\/wp-content\/uploads\/2025\/08\/lebensmotive-was-motivert-mich.jpg\" \/>\n\t<meta property=\"og:image:width\" content=\"1890\" \/>\n\t<meta property=\"og:image:height\" content=\"1890\" \/>\n\t<meta property=\"og:image:type\" content=\"image\/jpeg\" \/>\n<meta name=\"twitter:card\" content=\"summary_large_image\" \/>\n<meta name=\"twitter:label1\" content=\"Est. reading time\" \/>\n\t<meta name=\"twitter:data1\" content=\"5 minutes\" \/>\n<script type=\"application\/ld+json\" class=\"yoast-schema-graph\">{\"@context\":\"https:\/\/schema.org\",\"@graph\":[{\"@type\":\"WebPage\",\"@id\":\"https:\/\/fidertas-awareness.com\/produkt\/lebensmotive-was-motivert-mich\/\",\"url\":\"https:\/\/fidertas-awareness.com\/produkt\/lebensmotive-was-motivert-mich\/\",\"name\":\"Lebensmotive motivieren dich - sieh die Welt in neuen Farben!\",\"isPartOf\":{\"@id\":\"https:\/\/fidertas-awareness.com\/#website\"},\"primaryImageOfPage\":{\"@id\":\"https:\/\/fidertas-awareness.com\/produkt\/lebensmotive-was-motivert-mich\/#primaryimage\"},\"image\":{\"@id\":\"https:\/\/fidertas-awareness.com\/produkt\/lebensmotive-was-motivert-mich\/#primaryimage\"},\"thumbnailUrl\":\"https:\/\/fidertas-awareness.com\/wp-content\/uploads\/2025\/08\/lebensmotive-was-motivert-mich.jpg\",\"datePublished\":\"2025-08-06T11:17:32+00:00\",\"dateModified\":\"2025-10-03T07:48:26+00:00\",\"description\":\"Die Motive zeigen deine W\u00fcnsche und Antriebskr\u00e4fte. F\u00fcr mehr Zufriedenheit zu Hause, st\u00e4rkere Beziehungen und mehr Motivation im Job.\",\"breadcrumb\":{\"@id\":\"https:\/\/fidertas-awareness.com\/produkt\/lebensmotive-was-motivert-mich\/#breadcrumb\"},\"inLanguage\":\"en-US\",\"potentialAction\":[{\"@type\":\"ReadAction\",\"target\":[\"https:\/\/fidertas-awareness.com\/produkt\/lebensmotive-was-motivert-mich\/\"]}]},{\"@type\":\"ImageObject\",\"inLanguage\":\"en-US\",\"@id\":\"https:\/\/fidertas-awareness.com\/produkt\/lebensmotive-was-motivert-mich\/#primaryimage\",\"url\":\"https:\/\/fidertas-awareness.com\/wp-content\/uploads\/2025\/08\/lebensmotive-was-motivert-mich.jpg\",\"contentUrl\":\"https:\/\/fidertas-awareness.com\/wp-content\/uploads\/2025\/08\/lebensmotive-was-motivert-mich.jpg\",\"width\":1890,\"height\":1890,\"caption\":\"Lebensmotive helfen dir, deine Antreiber, Bed\u00fcrfnisse und W\u00fcnsche besser zu verstehen. F\u00fcr mehr Zufriedenheit und Ehrlichkeit in Beziehungen und im Job. Es reduziert Missverst\u00e4ndnisse durch besseres Verst\u00e4ndnis und wertsch\u00e4tzende Kommunikation. Au\u00dferdem gibt es dir Impulse zur pers\u00f6nlichen und beruflichen Weiterentwicklung, die dich motivieren und antreiben.\"},{\"@type\":\"BreadcrumbList\",\"@id\":\"https:\/\/fidertas-awareness.com\/produkt\/lebensmotive-was-motivert-mich\/#breadcrumb\",\"itemListElement\":[{\"@type\":\"ListItem\",\"position\":1,\"name\":\"Startseite\",\"item\":\"https:\/\/fidertas-awareness.com\/\"},{\"@type\":\"ListItem\",\"position\":2,\"name\":\"Shop\",\"item\":\"https:\/\/fidertas-awareness.com\/shop\/\"},{\"@type\":\"ListItem\",\"position\":3,\"name\":\"Lebensmotive enth\u00fcllen: Sieh die Welt in neuen Farben und finde heraus, was dich motiviert und antreibt!\"}]},{\"@type\":\"WebSite\",\"@id\":\"https:\/\/fidertas-awareness.com\/#website\",\"url\":\"https:\/\/fidertas-awareness.com\/\",\"name\":\"Fidertas - Awareness\",\"description\":\"\",\"publisher\":{\"@id\":\"https:\/\/fidertas-awareness.com\/#organization\"},\"potentialAction\":[{\"@type\":\"SearchAction\",\"target\":{\"@type\":\"EntryPoint\",\"urlTemplate\":\"https:\/\/fidertas-awareness.com\/?s={search_term_string}\"},\"query-input\":{\"@type\":\"PropertyValueSpecification\",\"valueRequired\":true,\"valueName\":\"search_term_string\"}}],\"inLanguage\":\"en-US\"},{\"@type\":\"Organization\",\"@id\":\"https:\/\/fidertas-awareness.com\/#organization\",\"name\":\"Fidertas - Awareness\",\"url\":\"https:\/\/fidertas-awareness.com\/\",\"logo\":{\"@type\":\"ImageObject\",\"inLanguage\":\"en-US\",\"@id\":\"https:\/\/fidertas-awareness.com\/#\/schema\/logo\/image\/\",\"url\":\"https:\/\/fidertas-awareness.com\/wp-content\/uploads\/2023\/10\/cropped-Fidertas_Logo_RGB.png\",\"contentUrl\":\"https:\/\/fidertas-awareness.com\/wp-content\/uploads\/2023\/10\/cropped-Fidertas_Logo_RGB.png\",\"width\":2160,\"height\":1181,\"caption\":\"Fidertas - Awareness\"},\"image\":{\"@id\":\"https:\/\/fidertas-awareness.com\/#\/schema\/logo\/image\/\"}}]}<\/script>\n<!-- \/ Yoast SEO Premium plugin. -->","yoast_head_json":{"title":"Lebensmotive motivieren dich - sieh die Welt in neuen Farben!","description":"Die Motive zeigen deine W\u00fcnsche und Antriebskr\u00e4fte. F\u00fcr mehr Zufriedenheit zu Hause, st\u00e4rkere Beziehungen und mehr Motivation im Job.","robots":{"index":"index","follow":"follow","max-snippet":"max-snippet:-1","max-image-preview":"max-image-preview:large","max-video-preview":"max-video-preview:-1"},"canonical":"https:\/\/fidertas-awareness.com\/en\/produkt\/lebensmotive-was-motivert-mich\/","og_locale":"en_US","og_type":"article","og_title":"Lebensmotive enth\u00fcllen: Sieh die Welt in neuen Farben und finde heraus, was dich motiviert und antreibt!","og_description":"Die Motive zeigen deine W\u00fcnsche und Antriebskr\u00e4fte. F\u00fcr mehr Zufriedenheit zu Hause, st\u00e4rkere Beziehungen und mehr Motivation im Job.","og_url":"https:\/\/fidertas-awareness.com\/en\/produkt\/lebensmotive-was-motivert-mich\/","og_site_name":"Fidertas - Awareness","article_modified_time":"2025-10-03T07:48:26+00:00","og_image":[{"width":1890,"height":1890,"url":"https:\/\/fidertas-awareness.com\/wp-content\/uploads\/2025\/08\/lebensmotive-was-motivert-mich.jpg","type":"image\/jpeg"}],"twitter_card":"summary_large_image","twitter_misc":{"Est. reading time":"5 minutes"},"schema":{"@context":"https:\/\/schema.org","@graph":[{"@type":"WebPage","@id":"https:\/\/fidertas-awareness.com\/produkt\/lebensmotive-was-motivert-mich\/","url":"https:\/\/fidertas-awareness.com\/produkt\/lebensmotive-was-motivert-mich\/","name":"Lebensmotive motivieren dich - sieh die Welt in neuen Farben!","isPartOf":{"@id":"https:\/\/fidertas-awareness.com\/#website"},"primaryImageOfPage":{"@id":"https:\/\/fidertas-awareness.com\/produkt\/lebensmotive-was-motivert-mich\/#primaryimage"},"image":{"@id":"https:\/\/fidertas-awareness.com\/produkt\/lebensmotive-was-motivert-mich\/#primaryimage"},"thumbnailUrl":"https:\/\/fidertas-awareness.com\/wp-content\/uploads\/2025\/08\/lebensmotive-was-motivert-mich.jpg","datePublished":"2025-08-06T11:17:32+00:00","dateModified":"2025-10-03T07:48:26+00:00","description":"Die Motive zeigen deine W\u00fcnsche und Antriebskr\u00e4fte. F\u00fcr mehr Zufriedenheit zu Hause, st\u00e4rkere Beziehungen und mehr Motivation im Job.","breadcrumb":{"@id":"https:\/\/fidertas-awareness.com\/produkt\/lebensmotive-was-motivert-mich\/#breadcrumb"},"inLanguage":"en-US","potentialAction":[{"@type":"ReadAction","target":["https:\/\/fidertas-awareness.com\/produkt\/lebensmotive-was-motivert-mich\/"]}]},{"@type":"ImageObject","inLanguage":"en-US","@id":"https:\/\/fidertas-awareness.com\/produkt\/lebensmotive-was-motivert-mich\/#primaryimage","url":"https:\/\/fidertas-awareness.com\/wp-content\/uploads\/2025\/08\/lebensmotive-was-motivert-mich.jpg","contentUrl":"https:\/\/fidertas-awareness.com\/wp-content\/uploads\/2025\/08\/lebensmotive-was-motivert-mich.jpg","width":1890,"height":1890,"caption":"Lebensmotive helfen dir, deine Antreiber, Bed\u00fcrfnisse und W\u00fcnsche besser zu verstehen. F\u00fcr mehr Zufriedenheit und Ehrlichkeit in Beziehungen und im Job. Es reduziert Missverst\u00e4ndnisse durch besseres Verst\u00e4ndnis und wertsch\u00e4tzende Kommunikation. Au\u00dferdem gibt es dir Impulse zur pers\u00f6nlichen und beruflichen Weiterentwicklung, die dich motivieren und antreiben."},{"@type":"BreadcrumbList","@id":"https:\/\/fidertas-awareness.com\/produkt\/lebensmotive-was-motivert-mich\/#breadcrumb","itemListElement":[{"@type":"ListItem","position":1,"name":"Startseite","item":"https:\/\/fidertas-awareness.com\/"},{"@type":"ListItem","position":2,"name":"Shop","item":"https:\/\/fidertas-awareness.com\/shop\/"},{"@type":"ListItem","position":3,"name":"Lebensmotive enth\u00fcllen: Sieh die Welt in neuen Farben und finde heraus, was dich motiviert und antreibt!"}]},{"@type":"WebSite","@id":"https:\/\/fidertas-awareness.com\/#website","url":"https:\/\/fidertas-awareness.com\/","name":"Fidertas - Awareness","description":"","publisher":{"@id":"https:\/\/fidertas-awareness.com\/#organization"},"potentialAction":[{"@type":"SearchAction","target":{"@type":"EntryPoint","urlTemplate":"https:\/\/fidertas-awareness.com\/?s={search_term_string}"},"query-input":{"@type":"PropertyValueSpecification","valueRequired":true,"valueName":"search_term_string"}}],"inLanguage":"en-US"},{"@type":"Organization","@id":"https:\/\/fidertas-awareness.com\/#organization","name":"Fidertas - Awareness","url":"https:\/\/fidertas-awareness.com\/","logo":{"@type":"ImageObject","inLanguage":"en-US","@id":"https:\/\/fidertas-awareness.com\/#\/schema\/logo\/image\/","url":"https:\/\/fidertas-awareness.com\/wp-content\/uploads\/2023\/10\/cropped-Fidertas_Logo_RGB.png","contentUrl":"https:\/\/fidertas-awareness.com\/wp-content\/uploads\/2023\/10\/cropped-Fidertas_Logo_RGB.png","width":2160,"height":1181,"caption":"Fidertas - Awareness"},"image":{"@id":"https:\/\/fidertas-awareness.com\/#\/schema\/logo\/image\/"}}]}},"_links":{"self":[{"href":"https:\/\/fidertas-awareness.com\/en\/wp-json\/wp\/v2\/product\/11297","targetHints":{"allow":["GET"]}}],"collection":[{"href":"https:\/\/fidertas-awareness.com\/en\/wp-json\/wp\/v2\/product"}],"about":[{"href":"https:\/\/fidertas-awareness.com\/en\/wp-json\/wp\/v2\/types\/product"}],"replies":[{"embeddable":true,"href":"https:\/\/fidertas-awareness.com\/en\/wp-json\/wp\/v2\/comments?post=11297"}],"wp:featuredmedia":[{"embeddable":true,"href":"https:\/\/fidertas-awareness.com\/en\/wp-json\/wp\/v2\/media\/11298"}],"wp:attachment":[{"href":"https:\/\/fidertas-awareness.com\/en\/wp-json\/wp\/v2\/media?parent=11297"}],"wp:term":[{"taxonomy":"product_brand","embeddable":true,"href":"https:\/\/fidertas-awareness.com\/en\/wp-json\/wp\/v2\/product_brand?post=11297"},{"taxonomy":"product_cat","embeddable":true,"href":"https:\/\/fidertas-awareness.com\/en\/wp-json\/wp\/v2\/product_cat?post=11297"},{"taxonomy":"product_tag","embeddable":true,"href":"https:\/\/fidertas-awareness.com\/en\/wp-json\/wp\/v2\/product_tag?post=11297"}],"curies":[{"name":"wp","href":"https:\/\/api.w.org\/{rel}","templated":true}]}}