{"id":11467,"date":"2025-10-09T10:43:50","date_gmt":"2025-10-09T08:43:50","guid":{"rendered":"https:\/\/fidertas-awareness.com\/?post_type=product&#038;p=11467"},"modified":"2026-01-02T10:18:16","modified_gmt":"2026-01-02T09:18:16","slug":"malbuch-fuer-erwachsene-frauen-urvertrauen-staerken-vertrauen-zu-sich-selbst","status":"publish","type":"product","link":"https:\/\/fidertas-awareness.com\/en\/product\/malbuch-fuer-erwachsene-frauen-urvertrauen-staerken-vertrauen-zu-sich-selbst\/","title":{"rendered":"Adult coloring book \u2013 Strengthen basic trust, feel inner peace &amp; security \u2013 Coloring book Volume 1.3 \u201eOpen your heart \u2013 Give trust\u201c"},"content":{"rendered":"<h2>Malbuch f\u00fcr erwachsene Frauen &#8211; <span class=\"a_GcMg font-feature-liga-off font-feature-clig-off font-feature-calt-off text-decoration-none text-strikethrough-none\">Urvertrauen st\u00e4rken, innere Ruhe &amp; Geborgenheit f\u00fchlen<\/span><\/h2>\n<h3><span class=\"a_GcMg font-feature-liga-off font-feature-clig-off font-feature-calt-off text-decoration-none text-strikethrough-none\">Mit Selbstf\u00fcrsorge zu mehr emotionaler Sicherheit<\/span> \u2013 <span class=\"a_GcMg font-feature-liga-off font-feature-clig-off font-feature-calt-off text-decoration-none text-strikethrough-none\">Ausmalbuch Band 1.3 &#8222;Herz \u00f6ffnen &#8211; Vertrauen schenken&#8220;<\/span><\/h3>\n<hr \/>\n<h3>Please note, the coloring book is exclusively available through <em>Amazon<\/em> available via the following <em>Amazon link<\/em> You can view and order it here: <a href=\"https:\/\/www.amazon.de\/dp\/B0FVTMBW3N\">https:\/\/www.amazon.de\/dp\/B0FVTMBW3N<\/a><\/h3>\n<hr \/>\n<h5><span class=\"a-text-bold\">\u2728 Do you know that feeling?<\/span><\/h5>\n<p>Du bist innerlich angespannt, getrieben von Sorgen oder von der Angst verlassen zu werden? Vielleicht sp\u00fcrst du ein\u00a0<strong><span class=\"a-text-bold\">lack of basic trust<\/span><\/strong>\u00a0oder bist durch\u00a0<strong><span class=\"a-text-bold\">emotionale Ersch\u00f6pfung<\/span><\/strong>\u00a0ausgelaugt?<\/p>\n<p>Mit Selbstkritik ringen, sich\u00a0<span class=\"a-text-bold\">st\u00e4ndig vergleichen<\/span>\u00a0or <strong>eigene\u00a0<span class=\"a-text-bold\">Gef\u00fchle unterdr\u00fccken<\/span><\/strong>\u00a0\u2013 und dabei den <strong>Kontakt zu sich selbst verlieren<\/strong>?<\/p>\n<p>\ud83d\udc49 Dieses Achtsamkeits-Malbuch f\u00fcr Erwachsene \u00f6ffnet dir einen\u00a0<span class=\"a-text-bold\">liebevollen Raum der Selbstf\u00fcrsorge<\/span>, mit dem du <strong>dein Vertrauen zu dir selbst aufbauen<\/strong> kannst. Jede Seite l\u00e4dt dich ein, Kontrolle abzugeben und\u00a0<strong><span class=\"a-text-bold\">dich von den Erwartungen anderer abzugrenzen<\/span><\/strong>. Und stattdessen\u00a0<span class=\"a-text-bold\">Ruhe<\/span>,\u00a0<span class=\"a-text-bold\">Geborgenheit\u00a0<\/span>and\u00a0<span class=\"a-text-bold\">inneren Schutz<\/span> zu f\u00fchlen.<\/p>\n<h5>\ud83c\udf38\u00a0<span class=\"a-text-bold\">Why this coloring book is special:<\/span><\/h5>\n<ul class=\"a-unordered-list a-vertical\">\n<li><span class=\"a-list-item\"><strong><span class=\"a-text-bold\">50 inspirierende Motive<\/span><\/strong>: von sanften Naturbildern, die innere Ruhe transportieren, bis hin zu ber\u00fchrenden Symbolen f\u00fcr Selbstrespekt, Geborgenheit und Vertrauen.<\/span><\/li>\n<li><span class=\"a-list-item\"><strong><span class=\"a-text-bold\">St\u00e4rkende Affirmationen<\/span><\/strong>: Jede Illustration ist mit einer positiven Botschaft verbunden, die dein Unterbewusstsein ber\u00fchrt und dich liebevoll unterst\u00fctzt, Urvertrauen aufzubauen.<\/span><\/li>\n<li><span class=\"a-list-item\"><strong><span class=\"a-text-bold\">Selbstf\u00fcrsorge beim Ausmalen<\/span><\/strong>: Die Bilder sind eine meditative Achtsamkeits\u00fcbung f\u00fcr Herz und Seele. W\u00e4hrend die Farben flie\u00dfen, l\u00f6sen sich deine Anspannungen und Sorgen.<\/span><\/li>\n<li><span class=\"a-list-item\"><strong><span class=\"a-text-bold\">For beginners &amp; experienced users<\/span><\/strong>: Klare Linien &amp; detaillierte Designs zur Vertiefung \u2013 so w\u00e4chst deine Kreativit\u00e4t mit jedem Bild.<\/span><\/li>\n<li><span class=\"a-list-item\"><strong><span class=\"a-text-bold\">Printed on one side<\/span><\/strong>No bleed-through, ideal for colored pencils and felt-tip pens<\/span><\/li>\n<li><span class=\"a-list-item\"><strong><span class=\"a-text-bold\">A creative gift for heart &amp; soul<\/span><\/strong>: f\u00fcr Frauen, die Selbstrespekt sp\u00fcren wollen<\/span><\/li>\n<\/ul>\n<h4><\/h4>\n<h5>\ud83d\udc96<span class=\"a-text-bold\">\u00a0Affirmationen, die das Herz st\u00e4rken:<\/span><\/h5>\n<p>Die liebevollen Spr\u00fcche in diesem Buch wirken,\u00a0<strong><span class=\"a-text-bold\">wie kleine Anker<\/span><\/strong>: Sie helfen dir, anzunehmen, was ist und\u00a0<span class=\"a-text-bold\">Setting boundaries<\/span>. Endlich tief in dir zu sp\u00fcren, \u201e<strong><em><span class=\"a-text-italic\">Ich lasse mich nicht mehr verletzen!<\/span><\/em><\/strong>\u201c. So verwandelst du Gedanken von Zweifel und Misstrauen in\u00a0<strong><span class=\"a-text-bold\">Wellbeing<\/span>\u00a0and\u00a0<span class=\"a-text-bold\">inner strength<\/span><\/strong>.<\/p>\n<h5>\ud83c\udf81\u00a0<span class=\"a-text-bold\">F\u00fcr dich oder als Geschenk:<\/span><\/h5>\n<p>Es ist mehr als nur ein Malbuch \u2013 es ist ein\u00a0<strong><span class=\"a-text-bold\">Ritual f\u00fcr Ruhe<\/span>,\u00a0<span class=\"a-text-bold\">Mindfulness<\/span>\u00a0und ein\u00a0<span class=\"a-text-bold\">inneres Zuhause<\/span><\/strong>. Es eignet sich perfekt, <strong>dir selbst etwas Gutes zu tun<\/strong> or <strong>du schenkst einer besonderen Frau in deinem Leben Geborgenheit und Vertrauen<\/strong>. Ob zum\u00a0<span class=\"a-text-bold\">Geburtstag<\/span>, zu\u00a0<span class=\"a-text-bold\">Weihnachten<\/span>\u00a0oder einfach als\u00a0<span class=\"a-text-bold\">liebevolle Aufmerksamkeit<\/span>: Dieses Malbuch ber\u00fchrt, verbindet und bleibt.<\/p>\n<p>\ud83c\udf3f Hol dir jetzt dein Exemplar von \u201e<strong>Herz \u00f6ffnen, Vertrauen schenken<\/strong>\u201c! Und erlebe, wie du mit jedem Bild\u00a0<span class=\"a-text-bold\">your <strong>Urvertrauen st\u00e4rkst<\/strong><\/span>, innere Ruhe und Sicherheit f\u00fchlst.<\/p>\n<p>Note: Pens, paints and painting supplies are not included in the offer and must be purchased separately.<\/p>","protected":false},"excerpt":{"rendered":"<p class=\"my-2 [&amp;+p]:mt-4 [&amp;_strong:has(+br)]:inline-block [&amp;_strong:has(+br)]:pb-2\">Your coloring book \u201e<span class=\"a_GcMg font-feature-liga-off font-feature-clig-off font-feature-calt-off text-decoration-none text-strikethrough-none\">Herz \u00f6ffnen &#8211; Vertrauen schenken<\/span>\u201c&quot; for <strong>inner peace<\/strong> <strong>&amp; Relaxation<\/strong>: 50 fascinating motifs including positive affirmations.<\/p>\n<p class=\"my-2 [&amp;+p]:mt-4 [&amp;_strong:has(+br)]:inline-block [&amp;_strong:has(+br)]:pb-2\">Gleich ausprobieren und <strong>mehr Vertrauen ins Leben aufbauen<\/strong>!<\/p>","protected":false},"featured_media":11468,"comment_status":"open","ping_status":"closed","template":"","meta":{"_acf_changed":false},"product_brand":[],"product_cat":[112],"product_tag":[],"class_list":{"0":"post-11467","1":"product","2":"type-product","3":"status-publish","4":"has-post-thumbnail","6":"product_cat-malbuch-erwachsene-frauen-entspannung","8":"first","9":"instock","10":"taxable","11":"shipping-taxable","12":"product-type-simple"},"acf":[],"yoast_head":"<!-- This site is optimized with the Yoast SEO Premium plugin v23.1 (Yoast SEO v26.6) - https:\/\/yoast.com\/wordpress\/plugins\/seo\/ -->\n<title>Malbuch f\u00fcr erwachsene Frauen - Urvertrauen st\u00e4rken<\/title>\n<meta name=\"description\" content=\"\u201eHerz \u00f6ffnen - Vertrauen schenken\u201c \u2013 dein Ausmalbuch: Mit Selbstf\u00fcrsorge zu mehr emotionaler Sicherheit. Jetzt entdecken &amp; Geborgenheit f\u00fchlen!\" \/>\n<meta name=\"robots\" content=\"index, follow, max-snippet:-1, max-image-preview:large, max-video-preview:-1\" \/>\n<link rel=\"canonical\" href=\"https:\/\/fidertas-awareness.com\/en\/produkt\/malbuch-fuer-erwachsene-frauen-urvertrauen-staerken-vertrauen-zu-sich-selbst\/\" \/>\n<meta property=\"og:locale\" content=\"en_US\" \/>\n<meta property=\"og:type\" content=\"article\" \/>\n<meta property=\"og:title\" content=\"Malbuch f\u00fcr Erwachsene - Urvertrauen st\u00e4rken, innere Ruhe &amp; Geborgenheit f\u00fchlen \u2013 Ausmalbuch Band 1.3 &quot;Herz \u00f6ffnen - Vertrauen schenken&quot;\" \/>\n<meta property=\"og:description\" content=\"\u201eHerz \u00f6ffnen - Vertrauen schenken\u201c \u2013 dein Ausmalbuch: Mit Selbstf\u00fcrsorge zu mehr emotionaler Sicherheit. Jetzt entdecken &amp; Geborgenheit f\u00fchlen!\" \/>\n<meta property=\"og:url\" content=\"https:\/\/fidertas-awareness.com\/en\/produkt\/malbuch-fuer-erwachsene-frauen-urvertrauen-staerken-vertrauen-zu-sich-selbst\/\" \/>\n<meta property=\"og:site_name\" content=\"Fidertas - Awareness\" \/>\n<meta property=\"article:modified_time\" content=\"2026-01-02T09:18:16+00:00\" \/>\n<meta property=\"og:image\" content=\"https:\/\/fidertas-awareness.com\/wp-content\/uploads\/2025\/10\/malbuch-erwachsene-urvertrauen-staerken-vertrauen-zu-sich-selbst.jpg\" \/>\n\t<meta property=\"og:image:width\" content=\"1890\" \/>\n\t<meta property=\"og:image:height\" content=\"1890\" \/>\n\t<meta property=\"og:image:type\" content=\"image\/jpeg\" \/>\n<meta name=\"twitter:card\" content=\"summary_large_image\" \/>\n<meta name=\"twitter:label1\" content=\"Est. reading time\" \/>\n\t<meta name=\"twitter:data1\" content=\"3 minutes\" \/>\n<script type=\"application\/ld+json\" class=\"yoast-schema-graph\">{\"@context\":\"https:\/\/schema.org\",\"@graph\":[{\"@type\":\"WebPage\",\"@id\":\"https:\/\/fidertas-awareness.com\/produkt\/malbuch-fuer-erwachsene-frauen-urvertrauen-staerken-vertrauen-zu-sich-selbst\/\",\"url\":\"https:\/\/fidertas-awareness.com\/produkt\/malbuch-fuer-erwachsene-frauen-urvertrauen-staerken-vertrauen-zu-sich-selbst\/\",\"name\":\"Malbuch f\u00fcr erwachsene Frauen - Urvertrauen st\u00e4rken\",\"isPartOf\":{\"@id\":\"https:\/\/fidertas-awareness.com\/#website\"},\"primaryImageOfPage\":{\"@id\":\"https:\/\/fidertas-awareness.com\/produkt\/malbuch-fuer-erwachsene-frauen-urvertrauen-staerken-vertrauen-zu-sich-selbst\/#primaryimage\"},\"image\":{\"@id\":\"https:\/\/fidertas-awareness.com\/produkt\/malbuch-fuer-erwachsene-frauen-urvertrauen-staerken-vertrauen-zu-sich-selbst\/#primaryimage\"},\"thumbnailUrl\":\"https:\/\/fidertas-awareness.com\/wp-content\/uploads\/2025\/10\/malbuch-erwachsene-urvertrauen-staerken-vertrauen-zu-sich-selbst.jpg\",\"datePublished\":\"2025-10-09T08:43:50+00:00\",\"dateModified\":\"2026-01-02T09:18:16+00:00\",\"description\":\"\u201eHerz \u00f6ffnen - Vertrauen schenken\u201c \u2013 dein Ausmalbuch: Mit Selbstf\u00fcrsorge zu mehr emotionaler Sicherheit. Jetzt entdecken & Geborgenheit f\u00fchlen!\",\"breadcrumb\":{\"@id\":\"https:\/\/fidertas-awareness.com\/produkt\/malbuch-fuer-erwachsene-frauen-urvertrauen-staerken-vertrauen-zu-sich-selbst\/#breadcrumb\"},\"inLanguage\":\"en-US\",\"potentialAction\":[{\"@type\":\"ReadAction\",\"target\":[\"https:\/\/fidertas-awareness.com\/produkt\/malbuch-fuer-erwachsene-frauen-urvertrauen-staerken-vertrauen-zu-sich-selbst\/\"]}]},{\"@type\":\"ImageObject\",\"inLanguage\":\"en-US\",\"@id\":\"https:\/\/fidertas-awareness.com\/produkt\/malbuch-fuer-erwachsene-frauen-urvertrauen-staerken-vertrauen-zu-sich-selbst\/#primaryimage\",\"url\":\"https:\/\/fidertas-awareness.com\/wp-content\/uploads\/2025\/10\/malbuch-erwachsene-urvertrauen-staerken-vertrauen-zu-sich-selbst.jpg\",\"contentUrl\":\"https:\/\/fidertas-awareness.com\/wp-content\/uploads\/2025\/10\/malbuch-erwachsene-urvertrauen-staerken-vertrauen-zu-sich-selbst.jpg\",\"width\":1890,\"height\":1890,\"caption\":\"Urvertrauen st\u00e4rken, innere Ruhe & Geborgenheit f\u00fchlen. Mit Selbstf\u00fcrsorge zu mehr emotionaler Sicherheit. Ausmalbuch Band 1.3 \\\"Herz \u00f6ffnen - Vertrauen schenken\\\".\"},{\"@type\":\"BreadcrumbList\",\"@id\":\"https:\/\/fidertas-awareness.com\/produkt\/malbuch-fuer-erwachsene-frauen-urvertrauen-staerken-vertrauen-zu-sich-selbst\/#breadcrumb\",\"itemListElement\":[{\"@type\":\"ListItem\",\"position\":1,\"name\":\"Startseite\",\"item\":\"https:\/\/fidertas-awareness.com\/\"},{\"@type\":\"ListItem\",\"position\":2,\"name\":\"Shop\",\"item\":\"https:\/\/fidertas-awareness.com\/shop\/\"},{\"@type\":\"ListItem\",\"position\":3,\"name\":\"Malbuch f\u00fcr Erwachsene &#8211; Urvertrauen st\u00e4rken, innere Ruhe &#038; Geborgenheit f\u00fchlen \u2013 Ausmalbuch Band 1.3 &#8222;Herz \u00f6ffnen &#8211; Vertrauen schenken&#8220;\"}]},{\"@type\":\"WebSite\",\"@id\":\"https:\/\/fidertas-awareness.com\/#website\",\"url\":\"https:\/\/fidertas-awareness.com\/\",\"name\":\"Fidertas - Awareness\",\"description\":\"\",\"publisher\":{\"@id\":\"https:\/\/fidertas-awareness.com\/#organization\"},\"potentialAction\":[{\"@type\":\"SearchAction\",\"target\":{\"@type\":\"EntryPoint\",\"urlTemplate\":\"https:\/\/fidertas-awareness.com\/?s={search_term_string}\"},\"query-input\":{\"@type\":\"PropertyValueSpecification\",\"valueRequired\":true,\"valueName\":\"search_term_string\"}}],\"inLanguage\":\"en-US\"},{\"@type\":\"Organization\",\"@id\":\"https:\/\/fidertas-awareness.com\/#organization\",\"name\":\"Fidertas - Awareness\",\"url\":\"https:\/\/fidertas-awareness.com\/\",\"logo\":{\"@type\":\"ImageObject\",\"inLanguage\":\"en-US\",\"@id\":\"https:\/\/fidertas-awareness.com\/#\/schema\/logo\/image\/\",\"url\":\"https:\/\/fidertas-awareness.com\/wp-content\/uploads\/2023\/10\/cropped-Fidertas_Logo_RGB.png\",\"contentUrl\":\"https:\/\/fidertas-awareness.com\/wp-content\/uploads\/2023\/10\/cropped-Fidertas_Logo_RGB.png\",\"width\":2160,\"height\":1181,\"caption\":\"Fidertas - Awareness\"},\"image\":{\"@id\":\"https:\/\/fidertas-awareness.com\/#\/schema\/logo\/image\/\"}}]}<\/script>\n<!-- \/ Yoast SEO Premium plugin. -->","yoast_head_json":{"title":"Malbuch f\u00fcr erwachsene Frauen - Urvertrauen st\u00e4rken","description":"\u201eHerz \u00f6ffnen - Vertrauen schenken\u201c \u2013 dein Ausmalbuch: Mit Selbstf\u00fcrsorge zu mehr emotionaler Sicherheit. Jetzt entdecken & Geborgenheit f\u00fchlen!","robots":{"index":"index","follow":"follow","max-snippet":"max-snippet:-1","max-image-preview":"max-image-preview:large","max-video-preview":"max-video-preview:-1"},"canonical":"https:\/\/fidertas-awareness.com\/en\/produkt\/malbuch-fuer-erwachsene-frauen-urvertrauen-staerken-vertrauen-zu-sich-selbst\/","og_locale":"en_US","og_type":"article","og_title":"Malbuch f\u00fcr Erwachsene - Urvertrauen st\u00e4rken, innere Ruhe & Geborgenheit f\u00fchlen \u2013 Ausmalbuch Band 1.3 \"Herz \u00f6ffnen - Vertrauen schenken\"","og_description":"\u201eHerz \u00f6ffnen - Vertrauen schenken\u201c \u2013 dein Ausmalbuch: Mit Selbstf\u00fcrsorge zu mehr emotionaler Sicherheit. Jetzt entdecken & Geborgenheit f\u00fchlen!","og_url":"https:\/\/fidertas-awareness.com\/en\/produkt\/malbuch-fuer-erwachsene-frauen-urvertrauen-staerken-vertrauen-zu-sich-selbst\/","og_site_name":"Fidertas - Awareness","article_modified_time":"2026-01-02T09:18:16+00:00","og_image":[{"width":1890,"height":1890,"url":"https:\/\/fidertas-awareness.com\/wp-content\/uploads\/2025\/10\/malbuch-erwachsene-urvertrauen-staerken-vertrauen-zu-sich-selbst.jpg","type":"image\/jpeg"}],"twitter_card":"summary_large_image","twitter_misc":{"Est. reading time":"3 minutes"},"schema":{"@context":"https:\/\/schema.org","@graph":[{"@type":"WebPage","@id":"https:\/\/fidertas-awareness.com\/produkt\/malbuch-fuer-erwachsene-frauen-urvertrauen-staerken-vertrauen-zu-sich-selbst\/","url":"https:\/\/fidertas-awareness.com\/produkt\/malbuch-fuer-erwachsene-frauen-urvertrauen-staerken-vertrauen-zu-sich-selbst\/","name":"Malbuch f\u00fcr erwachsene Frauen - Urvertrauen st\u00e4rken","isPartOf":{"@id":"https:\/\/fidertas-awareness.com\/#website"},"primaryImageOfPage":{"@id":"https:\/\/fidertas-awareness.com\/produkt\/malbuch-fuer-erwachsene-frauen-urvertrauen-staerken-vertrauen-zu-sich-selbst\/#primaryimage"},"image":{"@id":"https:\/\/fidertas-awareness.com\/produkt\/malbuch-fuer-erwachsene-frauen-urvertrauen-staerken-vertrauen-zu-sich-selbst\/#primaryimage"},"thumbnailUrl":"https:\/\/fidertas-awareness.com\/wp-content\/uploads\/2025\/10\/malbuch-erwachsene-urvertrauen-staerken-vertrauen-zu-sich-selbst.jpg","datePublished":"2025-10-09T08:43:50+00:00","dateModified":"2026-01-02T09:18:16+00:00","description":"\u201eHerz \u00f6ffnen - Vertrauen schenken\u201c \u2013 dein Ausmalbuch: Mit Selbstf\u00fcrsorge zu mehr emotionaler Sicherheit. Jetzt entdecken & Geborgenheit f\u00fchlen!","breadcrumb":{"@id":"https:\/\/fidertas-awareness.com\/produkt\/malbuch-fuer-erwachsene-frauen-urvertrauen-staerken-vertrauen-zu-sich-selbst\/#breadcrumb"},"inLanguage":"en-US","potentialAction":[{"@type":"ReadAction","target":["https:\/\/fidertas-awareness.com\/produkt\/malbuch-fuer-erwachsene-frauen-urvertrauen-staerken-vertrauen-zu-sich-selbst\/"]}]},{"@type":"ImageObject","inLanguage":"en-US","@id":"https:\/\/fidertas-awareness.com\/produkt\/malbuch-fuer-erwachsene-frauen-urvertrauen-staerken-vertrauen-zu-sich-selbst\/#primaryimage","url":"https:\/\/fidertas-awareness.com\/wp-content\/uploads\/2025\/10\/malbuch-erwachsene-urvertrauen-staerken-vertrauen-zu-sich-selbst.jpg","contentUrl":"https:\/\/fidertas-awareness.com\/wp-content\/uploads\/2025\/10\/malbuch-erwachsene-urvertrauen-staerken-vertrauen-zu-sich-selbst.jpg","width":1890,"height":1890,"caption":"Urvertrauen st\u00e4rken, innere Ruhe & Geborgenheit f\u00fchlen. Mit Selbstf\u00fcrsorge zu mehr emotionaler Sicherheit. Ausmalbuch Band 1.3 \"Herz \u00f6ffnen - Vertrauen schenken\"."},{"@type":"BreadcrumbList","@id":"https:\/\/fidertas-awareness.com\/produkt\/malbuch-fuer-erwachsene-frauen-urvertrauen-staerken-vertrauen-zu-sich-selbst\/#breadcrumb","itemListElement":[{"@type":"ListItem","position":1,"name":"Startseite","item":"https:\/\/fidertas-awareness.com\/"},{"@type":"ListItem","position":2,"name":"Shop","item":"https:\/\/fidertas-awareness.com\/shop\/"},{"@type":"ListItem","position":3,"name":"Malbuch f\u00fcr Erwachsene &#8211; Urvertrauen st\u00e4rken, innere Ruhe &#038; Geborgenheit f\u00fchlen \u2013 Ausmalbuch Band 1.3 &#8222;Herz \u00f6ffnen &#8211; Vertrauen schenken&#8220;"}]},{"@type":"WebSite","@id":"https:\/\/fidertas-awareness.com\/#website","url":"https:\/\/fidertas-awareness.com\/","name":"Fidertas - Awareness","description":"","publisher":{"@id":"https:\/\/fidertas-awareness.com\/#organization"},"potentialAction":[{"@type":"SearchAction","target":{"@type":"EntryPoint","urlTemplate":"https:\/\/fidertas-awareness.com\/?s={search_term_string}"},"query-input":{"@type":"PropertyValueSpecification","valueRequired":true,"valueName":"search_term_string"}}],"inLanguage":"en-US"},{"@type":"Organization","@id":"https:\/\/fidertas-awareness.com\/#organization","name":"Fidertas - Awareness","url":"https:\/\/fidertas-awareness.com\/","logo":{"@type":"ImageObject","inLanguage":"en-US","@id":"https:\/\/fidertas-awareness.com\/#\/schema\/logo\/image\/","url":"https:\/\/fidertas-awareness.com\/wp-content\/uploads\/2023\/10\/cropped-Fidertas_Logo_RGB.png","contentUrl":"https:\/\/fidertas-awareness.com\/wp-content\/uploads\/2023\/10\/cropped-Fidertas_Logo_RGB.png","width":2160,"height":1181,"caption":"Fidertas - Awareness"},"image":{"@id":"https:\/\/fidertas-awareness.com\/#\/schema\/logo\/image\/"}}]}},"_links":{"self":[{"href":"https:\/\/fidertas-awareness.com\/en\/wp-json\/wp\/v2\/product\/11467","targetHints":{"allow":["GET"]}}],"collection":[{"href":"https:\/\/fidertas-awareness.com\/en\/wp-json\/wp\/v2\/product"}],"about":[{"href":"https:\/\/fidertas-awareness.com\/en\/wp-json\/wp\/v2\/types\/product"}],"replies":[{"embeddable":true,"href":"https:\/\/fidertas-awareness.com\/en\/wp-json\/wp\/v2\/comments?post=11467"}],"wp:featuredmedia":[{"embeddable":true,"href":"https:\/\/fidertas-awareness.com\/en\/wp-json\/wp\/v2\/media\/11468"}],"wp:attachment":[{"href":"https:\/\/fidertas-awareness.com\/en\/wp-json\/wp\/v2\/media?parent=11467"}],"wp:term":[{"taxonomy":"product_brand","embeddable":true,"href":"https:\/\/fidertas-awareness.com\/en\/wp-json\/wp\/v2\/product_brand?post=11467"},{"taxonomy":"product_cat","embeddable":true,"href":"https:\/\/fidertas-awareness.com\/en\/wp-json\/wp\/v2\/product_cat?post=11467"},{"taxonomy":"product_tag","embeddable":true,"href":"https:\/\/fidertas-awareness.com\/en\/wp-json\/wp\/v2\/product_tag?post=11467"}],"curies":[{"name":"wp","href":"https:\/\/api.w.org\/{rel}","templated":true}]}}