{"id":11540,"date":"2025-11-05T06:41:57","date_gmt":"2025-11-05T05:41:57","guid":{"rendered":"https:\/\/fidertas-awareness.com\/?post_type=product&#038;p=11540"},"modified":"2026-01-02T10:45:18","modified_gmt":"2026-01-02T09:45:18","slug":"malbuch-fuer-erwachsene-frauen-mutter-tochter-beziehung-respekt-wertschaetzung","status":"publish","type":"product","link":"https:\/\/fidertas-awareness.com\/en\/product\/malbuch-fuer-erwachsene-frauen-mutter-tochter-beziehung-respekt-wertschaetzung\/","title":{"rendered":"Coloring book for grown-up daughters \u2013 Mother-daughter relationship with respect &amp; appreciation \u2013 Coloring book Volume 2.1 \u201eLet go of what holds you back!\u201c"},"content":{"rendered":"<h2>Coloring book for adult women \u2013 Mother-daughter relationship with respect &amp; appreciation<\/h2>\n<h3><span class=\"a_GcMg font-feature-liga-off font-feature-clig-off font-feature-calt-off text-decoration-none text-strikethrough-none\">Communication on equal terms instead of patronizing<\/span> \u2013 Coloring book Volume 2.1 \u201eLet go of what holds you back!\u201c<\/h3>\n<hr \/>\n<h3>Please note, the coloring book is exclusively available through <em>Amazon<\/em> available via the following <em>Amazon link<\/em> You can view and order it here: <a href=\"https:\/\/www.amazon.de\/dp\/B0G1K7BNNF\">https:\/\/www.amazon.de\/dp\/B0G1K7BNNF<\/a><\/h3>\n<hr \/>\n<h5><b>\u2728 Do you know that feeling?<\/b><\/h5>\n<p>You want to talk to your mother as an equal, but instead you&#039;re not taken seriously? <strong>You&#039;re not allowed to be the way you are?<\/strong><br \/>\nPerhaps her tone hurts you, or you feel <strong>constantly monitored<\/strong> \u2013 you are still the <strong>\u201eUnderage\u201c daughter<\/strong>. The arguments and unsolicited advice drain your energy and <strong>You lack support when mistakes happen.<\/strong> and obstacles.<\/p>\n<p>\ud83d\udc49 This coloring book for adult women is your loving companion when you&#039;re ready to let go of what&#039;s holding you back. It helps you to, <b>to draw clear boundaries<\/b> and thereby strengthen respect and love in the mother-daughter relationship. Get yours <b>Luck<\/b> and the <b>Joy<\/b> Back to life!<\/p>\n<p>With <b>50 beautifully designed motifs and positive affirmations<\/b> This mindfulness coloring book invites you to make peace with your story. Use the colors to overcome emotional vulnerability and the <b>To deepen your connection to yourself<\/b>. As you paint, control and guilt transform into <b>self-consciousness<\/b>, <b>self-esteem<\/b> and <b>inner peace<\/b>.<\/p>\n<h5>\ud83c\udf38 <b>Why this coloring book is so special:<\/b><\/h5>\n<ul>\n<li><b>50 inspiring images with empowering affirmations<\/b>: for self-respect, appreciation and mutual respect.<\/li>\n<li><b>Painting as a mindfulness ritual<\/b>It relieves stress, promotes serenity, and strengthens your inner home.<\/li>\n<li><b>Printed on one side<\/b>No bleed-through, ideal for colored pencils and felt-tip pens.<\/li>\n<li><b>For beginners and experienced users<\/b>: clear lines to detailed motifs.<\/li>\n<li><b>Creative self-care instead of a guilty conscience<\/b>Find your own expression of peace.<\/li>\n<\/ul>\n<p>&nbsp;<\/p>\n<h5>\ud83d\udc96 <b>Affirmations that touch the heart<\/b><\/h5>\n<p>Sentences like \u201e<i>I am proud of myself and my development<\/i>\u201c&quot; or &quot;\u201e<i>I respect myself and celebrate my uniqueness.<\/i>\u201cIt has a profound effect on your subconscious. Coloring helps you, step by step.\u201d <b>to assume what is<\/b>. You will learn to communicate on an equal footing and <b>to take your needs seriously<\/b>. The coloring book helps you to reshape your relationship with your mother \u2013 with respect, trust, and love.<\/p>\n<h5>\ud83c\udf81 <b>For yourself or as a gift<\/b><\/h5>\n<p>This special coloring book is more than just creative relaxation. It&#039;s for <b>adult daughters<\/b>, who seek peace and harmony in the mother-daughter conflict. <b>You are good just the way you are!<\/b><\/p>\n<p>\ud83c\udf3f Get your copy of \u201e now\u201e<i>Let go of what holds you back!<\/i>\u201cWith every brushstroke you can do more <b>inner peace<\/b> find and <b>Making decisions for you<\/b>.<\/p>\n<p>Note: Pens, paints and painting supplies are not included in the offer and must be purchased separately.<\/p>","protected":false},"excerpt":{"rendered":"<p class=\"my-2 [&amp;+p]:mt-4 [&amp;_strong:has(+br)]:inline-block [&amp;_strong:has(+br)]:pb-2\">Your coloring book \u201eLet go of what holds you back!\u201c for <strong>inner strength and self-confidence in the conflict with your mother<\/strong>: 50 fascinating motifs including positive affirmations.<\/p>\n<p class=\"my-2 [&amp;+p]:mt-4 [&amp;_strong:has(+br)]:inline-block [&amp;_strong:has(+br)]:pb-2\">Accept what is and <strong>Finally make your own decisions<\/strong>!<\/p>","protected":false},"featured_media":11553,"comment_status":"open","ping_status":"closed","template":"","meta":{"_acf_changed":false},"product_brand":[],"product_cat":[44,112],"product_tag":[],"class_list":{"0":"post-11540","1":"product","2":"type-product","3":"status-publish","4":"has-post-thumbnail","6":"product_cat-streit-konflikt-mit-mutter-shop","7":"product_cat-malbuch-erwachsene-frauen-entspannung","9":"first","10":"instock","11":"taxable","12":"shipping-taxable","13":"product-type-simple"},"acf":[],"yoast_head":"<!-- This site is optimized with the Yoast SEO Premium plugin v23.1 (Yoast SEO v26.6) - https:\/\/yoast.com\/wordpress\/plugins\/seo\/ -->\n<title>Malbuch f\u00fcr erwachsene Frauen - Mutter-Tochter-Konflikt im Alter<\/title>\n<meta name=\"description\" content=\"\u201eLass los, was dich klein h\u00e4lt!\u201c \u2013 dein Ausmalbuch: Werde das schlechte Gewissen in der Mutter-Tochter-Beziehung los. Du bist es wert geliebt zu werden!\" \/>\n<meta name=\"robots\" content=\"index, follow, max-snippet:-1, max-image-preview:large, max-video-preview:-1\" \/>\n<link rel=\"canonical\" href=\"https:\/\/fidertas-awareness.com\/en\/produkt\/malbuch-fuer-erwachsene-frauen-mutter-tochter-beziehung-respekt-wertschaetzung\/\" \/>\n<meta property=\"og:locale\" content=\"en_US\" \/>\n<meta property=\"og:type\" content=\"article\" \/>\n<meta property=\"og:title\" content=\"Malbuch f\u00fcr erwachsene T\u00f6chter - Mutter-Tochter-Beziehung mit Respekt &amp; Wertsch\u00e4tzung \u2013 Ausmalbuch Band 2.1 &quot;Lass los, was dich klein h\u00e4lt!&quot;\" \/>\n<meta property=\"og:description\" content=\"\u201eLass los, was dich klein h\u00e4lt!\u201c \u2013 dein Ausmalbuch: Werde das schlechte Gewissen in der Mutter-Tochter-Beziehung los. Du bist es wert geliebt zu werden!\" \/>\n<meta property=\"og:url\" content=\"https:\/\/fidertas-awareness.com\/en\/produkt\/malbuch-fuer-erwachsene-frauen-mutter-tochter-beziehung-respekt-wertschaetzung\/\" \/>\n<meta property=\"og:site_name\" content=\"Fidertas - Awareness\" \/>\n<meta property=\"article:modified_time\" content=\"2026-01-02T09:45:18+00:00\" \/>\n<meta property=\"og:image\" content=\"https:\/\/fidertas-awareness.com\/wp-content\/uploads\/2025\/11\/malbuch-erwachsene-mutter-tochter-konflikt-im-erwachsenenalter-2.jpg\" \/>\n\t<meta property=\"og:image:width\" content=\"1890\" \/>\n\t<meta property=\"og:image:height\" content=\"1890\" \/>\n\t<meta property=\"og:image:type\" content=\"image\/jpeg\" \/>\n<meta name=\"twitter:card\" content=\"summary_large_image\" \/>\n<meta name=\"twitter:label1\" content=\"Est. reading time\" \/>\n\t<meta name=\"twitter:data1\" content=\"3 minutes\" \/>\n<script type=\"application\/ld+json\" class=\"yoast-schema-graph\">{\"@context\":\"https:\/\/schema.org\",\"@graph\":[{\"@type\":\"WebPage\",\"@id\":\"https:\/\/fidertas-awareness.com\/produkt\/malbuch-fuer-erwachsene-frauen-mutter-tochter-beziehung-respekt-wertschaetzung\/\",\"url\":\"https:\/\/fidertas-awareness.com\/produkt\/malbuch-fuer-erwachsene-frauen-mutter-tochter-beziehung-respekt-wertschaetzung\/\",\"name\":\"Malbuch f\u00fcr erwachsene Frauen - Mutter-Tochter-Konflikt im Alter\",\"isPartOf\":{\"@id\":\"https:\/\/fidertas-awareness.com\/#website\"},\"primaryImageOfPage\":{\"@id\":\"https:\/\/fidertas-awareness.com\/produkt\/malbuch-fuer-erwachsene-frauen-mutter-tochter-beziehung-respekt-wertschaetzung\/#primaryimage\"},\"image\":{\"@id\":\"https:\/\/fidertas-awareness.com\/produkt\/malbuch-fuer-erwachsene-frauen-mutter-tochter-beziehung-respekt-wertschaetzung\/#primaryimage\"},\"thumbnailUrl\":\"https:\/\/fidertas-awareness.com\/wp-content\/uploads\/2025\/11\/malbuch-erwachsene-mutter-tochter-konflikt-im-erwachsenenalter-2.jpg\",\"datePublished\":\"2025-11-05T05:41:57+00:00\",\"dateModified\":\"2026-01-02T09:45:18+00:00\",\"description\":\"\u201eLass los, was dich klein h\u00e4lt!\u201c \u2013 dein Ausmalbuch: Werde das schlechte Gewissen in der Mutter-Tochter-Beziehung los. Du bist es wert geliebt zu werden!\",\"breadcrumb\":{\"@id\":\"https:\/\/fidertas-awareness.com\/produkt\/malbuch-fuer-erwachsene-frauen-mutter-tochter-beziehung-respekt-wertschaetzung\/#breadcrumb\"},\"inLanguage\":\"en-US\",\"potentialAction\":[{\"@type\":\"ReadAction\",\"target\":[\"https:\/\/fidertas-awareness.com\/produkt\/malbuch-fuer-erwachsene-frauen-mutter-tochter-beziehung-respekt-wertschaetzung\/\"]}]},{\"@type\":\"ImageObject\",\"inLanguage\":\"en-US\",\"@id\":\"https:\/\/fidertas-awareness.com\/produkt\/malbuch-fuer-erwachsene-frauen-mutter-tochter-beziehung-respekt-wertschaetzung\/#primaryimage\",\"url\":\"https:\/\/fidertas-awareness.com\/wp-content\/uploads\/2025\/11\/malbuch-erwachsene-mutter-tochter-konflikt-im-erwachsenenalter-2.jpg\",\"contentUrl\":\"https:\/\/fidertas-awareness.com\/wp-content\/uploads\/2025\/11\/malbuch-erwachsene-mutter-tochter-konflikt-im-erwachsenenalter-2.jpg\",\"width\":1890,\"height\":1890,\"caption\":\"\u2728 Kennst du dieses Gef\u00fchl? Du willst mit deiner Mutter auf Augenh\u00f6he sprechen, stattdessen wirst du nicht ernst genommen? Du darfst nicht so sein, wie du bist? Vielleicht verletzt dich ihr Ton, oder du f\u00fchlst dich st\u00e4ndig kontrolliert \u2013 du bist immer noch die \\\"unm\u00fcndige\\\" Tochter. Die K\u00e4mpfe und ungefragten Ratschl\u00e4ge rauben dir die Energie und dir fehlt die Unterst\u00fctzung bei Fehlern und Hindernissen. \ud83d\udc49 Dieses Malbuch f\u00fcr erwachsene Frauen ist dein liebevoller Begleiter, wenn du bereit bist, loszulassen, was dich klein h\u00e4lt. Es hilft dir, klare Grenzen zu ziehen und dadurch Respekt und Liebe in der Mutter-Tochter-Beziehung zu st\u00e4rken. Hole dir dein Gl\u00fcck und die Freude ins Leben zur\u00fcck! Mit 50 fein gestalteten Motiven und positiven Affirmationen l\u00e4dt dich dieses Achtsamkeits-Malbuch dazu ein, Frieden mit deiner Geschichte zu schlie\u00dfen. Nutze die Farben, um emotionale Verletzlichkeit zu \u00fcberwinden und die Verbindung zu dir selbst zu vertiefen. W\u00e4hrend du malst, verwandeln sich Kontrolle und Schuld in Selbstbewusstsein, Selbstwertgef\u00fchl und innere Ruhe.\"},{\"@type\":\"BreadcrumbList\",\"@id\":\"https:\/\/fidertas-awareness.com\/produkt\/malbuch-fuer-erwachsene-frauen-mutter-tochter-beziehung-respekt-wertschaetzung\/#breadcrumb\",\"itemListElement\":[{\"@type\":\"ListItem\",\"position\":1,\"name\":\"Startseite\",\"item\":\"https:\/\/fidertas-awareness.com\/\"},{\"@type\":\"ListItem\",\"position\":2,\"name\":\"Shop\",\"item\":\"https:\/\/fidertas-awareness.com\/shop\/\"},{\"@type\":\"ListItem\",\"position\":3,\"name\":\"Malbuch f\u00fcr erwachsene T\u00f6chter &#8211; Mutter-Tochter-Beziehung mit Respekt &#038; Wertsch\u00e4tzung \u2013 Ausmalbuch Band 2.1 &#8222;Lass los, was dich klein h\u00e4lt!&#8220;\"}]},{\"@type\":\"WebSite\",\"@id\":\"https:\/\/fidertas-awareness.com\/#website\",\"url\":\"https:\/\/fidertas-awareness.com\/\",\"name\":\"Fidertas - Awareness\",\"description\":\"\",\"publisher\":{\"@id\":\"https:\/\/fidertas-awareness.com\/#organization\"},\"potentialAction\":[{\"@type\":\"SearchAction\",\"target\":{\"@type\":\"EntryPoint\",\"urlTemplate\":\"https:\/\/fidertas-awareness.com\/?s={search_term_string}\"},\"query-input\":{\"@type\":\"PropertyValueSpecification\",\"valueRequired\":true,\"valueName\":\"search_term_string\"}}],\"inLanguage\":\"en-US\"},{\"@type\":\"Organization\",\"@id\":\"https:\/\/fidertas-awareness.com\/#organization\",\"name\":\"Fidertas - Awareness\",\"url\":\"https:\/\/fidertas-awareness.com\/\",\"logo\":{\"@type\":\"ImageObject\",\"inLanguage\":\"en-US\",\"@id\":\"https:\/\/fidertas-awareness.com\/#\/schema\/logo\/image\/\",\"url\":\"https:\/\/fidertas-awareness.com\/wp-content\/uploads\/2023\/10\/cropped-Fidertas_Logo_RGB.png\",\"contentUrl\":\"https:\/\/fidertas-awareness.com\/wp-content\/uploads\/2023\/10\/cropped-Fidertas_Logo_RGB.png\",\"width\":2160,\"height\":1181,\"caption\":\"Fidertas - Awareness\"},\"image\":{\"@id\":\"https:\/\/fidertas-awareness.com\/#\/schema\/logo\/image\/\"}}]}<\/script>\n<!-- \/ Yoast SEO Premium plugin. -->","yoast_head_json":{"title":"Malbuch f\u00fcr erwachsene Frauen - Mutter-Tochter-Konflikt im Alter","description":"\u201eLass los, was dich klein h\u00e4lt!\u201c \u2013 dein Ausmalbuch: Werde das schlechte Gewissen in der Mutter-Tochter-Beziehung los. Du bist es wert geliebt zu werden!","robots":{"index":"index","follow":"follow","max-snippet":"max-snippet:-1","max-image-preview":"max-image-preview:large","max-video-preview":"max-video-preview:-1"},"canonical":"https:\/\/fidertas-awareness.com\/en\/produkt\/malbuch-fuer-erwachsene-frauen-mutter-tochter-beziehung-respekt-wertschaetzung\/","og_locale":"en_US","og_type":"article","og_title":"Malbuch f\u00fcr erwachsene T\u00f6chter - Mutter-Tochter-Beziehung mit Respekt & Wertsch\u00e4tzung \u2013 Ausmalbuch Band 2.1 \"Lass los, was dich klein h\u00e4lt!\"","og_description":"\u201eLass los, was dich klein h\u00e4lt!\u201c \u2013 dein Ausmalbuch: Werde das schlechte Gewissen in der Mutter-Tochter-Beziehung los. Du bist es wert geliebt zu werden!","og_url":"https:\/\/fidertas-awareness.com\/en\/produkt\/malbuch-fuer-erwachsene-frauen-mutter-tochter-beziehung-respekt-wertschaetzung\/","og_site_name":"Fidertas - Awareness","article_modified_time":"2026-01-02T09:45:18+00:00","og_image":[{"width":1890,"height":1890,"url":"https:\/\/fidertas-awareness.com\/wp-content\/uploads\/2025\/11\/malbuch-erwachsene-mutter-tochter-konflikt-im-erwachsenenalter-2.jpg","type":"image\/jpeg"}],"twitter_card":"summary_large_image","twitter_misc":{"Est. reading time":"3 minutes"},"schema":{"@context":"https:\/\/schema.org","@graph":[{"@type":"WebPage","@id":"https:\/\/fidertas-awareness.com\/produkt\/malbuch-fuer-erwachsene-frauen-mutter-tochter-beziehung-respekt-wertschaetzung\/","url":"https:\/\/fidertas-awareness.com\/produkt\/malbuch-fuer-erwachsene-frauen-mutter-tochter-beziehung-respekt-wertschaetzung\/","name":"Malbuch f\u00fcr erwachsene Frauen - Mutter-Tochter-Konflikt im Alter","isPartOf":{"@id":"https:\/\/fidertas-awareness.com\/#website"},"primaryImageOfPage":{"@id":"https:\/\/fidertas-awareness.com\/produkt\/malbuch-fuer-erwachsene-frauen-mutter-tochter-beziehung-respekt-wertschaetzung\/#primaryimage"},"image":{"@id":"https:\/\/fidertas-awareness.com\/produkt\/malbuch-fuer-erwachsene-frauen-mutter-tochter-beziehung-respekt-wertschaetzung\/#primaryimage"},"thumbnailUrl":"https:\/\/fidertas-awareness.com\/wp-content\/uploads\/2025\/11\/malbuch-erwachsene-mutter-tochter-konflikt-im-erwachsenenalter-2.jpg","datePublished":"2025-11-05T05:41:57+00:00","dateModified":"2026-01-02T09:45:18+00:00","description":"\u201eLass los, was dich klein h\u00e4lt!\u201c \u2013 dein Ausmalbuch: Werde das schlechte Gewissen in der Mutter-Tochter-Beziehung los. Du bist es wert geliebt zu werden!","breadcrumb":{"@id":"https:\/\/fidertas-awareness.com\/produkt\/malbuch-fuer-erwachsene-frauen-mutter-tochter-beziehung-respekt-wertschaetzung\/#breadcrumb"},"inLanguage":"en-US","potentialAction":[{"@type":"ReadAction","target":["https:\/\/fidertas-awareness.com\/produkt\/malbuch-fuer-erwachsene-frauen-mutter-tochter-beziehung-respekt-wertschaetzung\/"]}]},{"@type":"ImageObject","inLanguage":"en-US","@id":"https:\/\/fidertas-awareness.com\/produkt\/malbuch-fuer-erwachsene-frauen-mutter-tochter-beziehung-respekt-wertschaetzung\/#primaryimage","url":"https:\/\/fidertas-awareness.com\/wp-content\/uploads\/2025\/11\/malbuch-erwachsene-mutter-tochter-konflikt-im-erwachsenenalter-2.jpg","contentUrl":"https:\/\/fidertas-awareness.com\/wp-content\/uploads\/2025\/11\/malbuch-erwachsene-mutter-tochter-konflikt-im-erwachsenenalter-2.jpg","width":1890,"height":1890,"caption":"\u2728 Kennst du dieses Gef\u00fchl? Du willst mit deiner Mutter auf Augenh\u00f6he sprechen, stattdessen wirst du nicht ernst genommen? Du darfst nicht so sein, wie du bist? Vielleicht verletzt dich ihr Ton, oder du f\u00fchlst dich st\u00e4ndig kontrolliert \u2013 du bist immer noch die \"unm\u00fcndige\" Tochter. Die K\u00e4mpfe und ungefragten Ratschl\u00e4ge rauben dir die Energie und dir fehlt die Unterst\u00fctzung bei Fehlern und Hindernissen. \ud83d\udc49 Dieses Malbuch f\u00fcr erwachsene Frauen ist dein liebevoller Begleiter, wenn du bereit bist, loszulassen, was dich klein h\u00e4lt. Es hilft dir, klare Grenzen zu ziehen und dadurch Respekt und Liebe in der Mutter-Tochter-Beziehung zu st\u00e4rken. Hole dir dein Gl\u00fcck und die Freude ins Leben zur\u00fcck! Mit 50 fein gestalteten Motiven und positiven Affirmationen l\u00e4dt dich dieses Achtsamkeits-Malbuch dazu ein, Frieden mit deiner Geschichte zu schlie\u00dfen. Nutze die Farben, um emotionale Verletzlichkeit zu \u00fcberwinden und die Verbindung zu dir selbst zu vertiefen. W\u00e4hrend du malst, verwandeln sich Kontrolle und Schuld in Selbstbewusstsein, Selbstwertgef\u00fchl und innere Ruhe."},{"@type":"BreadcrumbList","@id":"https:\/\/fidertas-awareness.com\/produkt\/malbuch-fuer-erwachsene-frauen-mutter-tochter-beziehung-respekt-wertschaetzung\/#breadcrumb","itemListElement":[{"@type":"ListItem","position":1,"name":"Startseite","item":"https:\/\/fidertas-awareness.com\/"},{"@type":"ListItem","position":2,"name":"Shop","item":"https:\/\/fidertas-awareness.com\/shop\/"},{"@type":"ListItem","position":3,"name":"Malbuch f\u00fcr erwachsene T\u00f6chter &#8211; Mutter-Tochter-Beziehung mit Respekt &#038; Wertsch\u00e4tzung \u2013 Ausmalbuch Band 2.1 &#8222;Lass los, was dich klein h\u00e4lt!&#8220;"}]},{"@type":"WebSite","@id":"https:\/\/fidertas-awareness.com\/#website","url":"https:\/\/fidertas-awareness.com\/","name":"Fidertas - Awareness","description":"","publisher":{"@id":"https:\/\/fidertas-awareness.com\/#organization"},"potentialAction":[{"@type":"SearchAction","target":{"@type":"EntryPoint","urlTemplate":"https:\/\/fidertas-awareness.com\/?s={search_term_string}"},"query-input":{"@type":"PropertyValueSpecification","valueRequired":true,"valueName":"search_term_string"}}],"inLanguage":"en-US"},{"@type":"Organization","@id":"https:\/\/fidertas-awareness.com\/#organization","name":"Fidertas - Awareness","url":"https:\/\/fidertas-awareness.com\/","logo":{"@type":"ImageObject","inLanguage":"en-US","@id":"https:\/\/fidertas-awareness.com\/#\/schema\/logo\/image\/","url":"https:\/\/fidertas-awareness.com\/wp-content\/uploads\/2023\/10\/cropped-Fidertas_Logo_RGB.png","contentUrl":"https:\/\/fidertas-awareness.com\/wp-content\/uploads\/2023\/10\/cropped-Fidertas_Logo_RGB.png","width":2160,"height":1181,"caption":"Fidertas - Awareness"},"image":{"@id":"https:\/\/fidertas-awareness.com\/#\/schema\/logo\/image\/"}}]}},"_links":{"self":[{"href":"https:\/\/fidertas-awareness.com\/en\/wp-json\/wp\/v2\/product\/11540","targetHints":{"allow":["GET"]}}],"collection":[{"href":"https:\/\/fidertas-awareness.com\/en\/wp-json\/wp\/v2\/product"}],"about":[{"href":"https:\/\/fidertas-awareness.com\/en\/wp-json\/wp\/v2\/types\/product"}],"replies":[{"embeddable":true,"href":"https:\/\/fidertas-awareness.com\/en\/wp-json\/wp\/v2\/comments?post=11540"}],"wp:featuredmedia":[{"embeddable":true,"href":"https:\/\/fidertas-awareness.com\/en\/wp-json\/wp\/v2\/media\/11553"}],"wp:attachment":[{"href":"https:\/\/fidertas-awareness.com\/en\/wp-json\/wp\/v2\/media?parent=11540"}],"wp:term":[{"taxonomy":"product_brand","embeddable":true,"href":"https:\/\/fidertas-awareness.com\/en\/wp-json\/wp\/v2\/product_brand?post=11540"},{"taxonomy":"product_cat","embeddable":true,"href":"https:\/\/fidertas-awareness.com\/en\/wp-json\/wp\/v2\/product_cat?post=11540"},{"taxonomy":"product_tag","embeddable":true,"href":"https:\/\/fidertas-awareness.com\/en\/wp-json\/wp\/v2\/product_tag?post=11540"}],"curies":[{"name":"wp","href":"https:\/\/api.w.org\/{rel}","templated":true}]}}