{"id":11834,"date":"2026-01-02T10:20:00","date_gmt":"2026-01-02T09:20:00","guid":{"rendered":"https:\/\/fidertas-awareness.com\/?post_type=product&#038;p=11834"},"modified":"2026-01-02T10:42:03","modified_gmt":"2026-01-02T09:42:03","slug":"malbuch-erwachsene-stress-abbauen-reduzieren-entspannung","status":"publish","type":"product","link":"https:\/\/fidertas-awareness.com\/en\/product\/malbuch-erwachsene-stress-abbauen-reduzieren-entspannung\/","title":{"rendered":"Adult coloring book \u2013 Reduce stress and release inner tension \u2013 Coloring book Volume 4.1 \u201eSelf-care instead of overexertion\u201c"},"content":{"rendered":"<h2><span class=\"a-text-bold\">Adult coloring book \u2013 reduce stress and release inner tension<\/span><\/h2>\n<h3><span class=\"a_GcMg font-feature-liga-off font-feature-clig-off font-feature-calt-off text-decoration-none text-strikethrough-none\">Coloring book Volume 4.1 \u201eSelf-care instead of overexertion\u201c<\/span><\/h3>\n<hr \/>\n<h3>Please note, the coloring book is exclusively available through <em>Amazon<\/em> available via the following <em>Amazon link<\/em> You can view and order it here: <a href=\"https:\/\/www.amazon.de\/dp\/B0GDMCP6BP\">https:\/\/www.amazon.de\/dp\/B0GDMCP6BP<\/a><\/h3>\n<hr \/>\n<h5>\ud83d\ude14\u00a0<span class=\"a-text-bold\">Do you know that feeling of constantly being under pressure?<\/span><\/h5>\n<p>If everyday life sometimes feels too loud, too crowded, or simply too much, then treat yourself to a\u00a0<strong><span class=\"a-text-bold\">A moment with color and silence<\/span><\/strong> \u2013 just for you. If you&#039;d like more <span class=\"a-text-bold\"><strong>serenity<\/strong><\/span>,\u00a0<strong><span class=\"a-text-bold\">Mindfulness<\/span><\/strong>\u00a0and\u00a0<strong><span class=\"a-text-bold\">Self-care<\/span><\/strong>\u00a0If you long for it, then this is it\u00a0<span class=\"a-text-bold\">Anti-stress coloring book<\/span>\u00a0That&#039;s exactly what I needed.<\/p>\n<p>&nbsp;<\/p>\n<h5>\ud83c\udfa8\u00a0<span class=\"a-text-bold\">Your creative break from stress<\/span><\/h5>\n<p>This\u00a0<strong><span class=\"a-text-bold\">Coloring book for stress management<\/span><\/strong>\u00a0It helps you to release inner tension and reduce emotional stress \u2013 very gently through color, shape and conscious breaks.<\/p>\n<p>When coloring the\u00a0<strong><span class=\"a-text-bold\">50 calming coloring pages<\/span><\/strong>\u00a0Your focus flows inwards again: patterns, flowers, animals, landscapes and mandalas invite you to let go and be in the moment.<br \/>\nAccompanying\u00a0<strong><span class=\"a-text-bold\">positive affirmations<\/span><\/strong>\u00a0activate your subconscious mind \u2013 so that you can color step by step\u00a0<strong><span class=\"a-text-bold\">Self-love, peace and inner strength<\/span><\/strong>\u00a0builds.<\/p>\n<p>&nbsp;<\/p>\n<h5>\ud83c\udf38\u00a0<span class=\"a-text-bold\">Why this coloring book is special:<\/span><\/h5>\n<ul class=\"a-unordered-list a-vertical\">\n<li><span class=\"a-list-item\"><strong><span class=\"a-text-bold\">50 inspiring images with empowering affirmations<\/span><\/strong>: promote self-acceptance and emotional balance.<\/span><\/li>\n<li><span class=\"a-list-item\"><strong><span class=\"a-text-bold\">Painting as a mindfulness ritual<\/span><\/strong>It helps to reduce subconscious stress and find inner peace.<\/span><\/li>\n<li><span class=\"a-list-item\"><strong><span class=\"a-text-bold\">Printed on one side<\/span><\/strong>No bleed-through, ideal for colored pencils and felt-tip pens.<\/span><\/li>\n<li><span class=\"a-list-item\"><strong><span class=\"a-text-bold\">For beginners and experienced users<\/span><\/strong>: clear lines to detailed motifs.<\/span><\/li>\n<li><span class=\"a-list-item\"><strong><span class=\"a-text-bold\">Creative mindfulness practice<\/span><\/strong>: perfect for reducing stress, relaxing and switching off.<\/span><\/li>\n<\/ul>\n<h4><\/h4>\n<h5>\ud83d\udc96\u00a0<span class=\"a-text-bold\">Affirmations that touch the heart:<\/span><\/h5>\n<ul>\n<li><strong><span class=\"a-text-bold\">Reduce stress<\/span><\/strong>, instead of suppressing him<\/li>\n<li><strong><span class=\"a-text-bold\">Release inner tension<\/span><\/strong>\u00a0&amp; soften emotional blocks<\/li>\n<li><span class=\"a-text-bold\"><strong>Positive energy<\/strong> &amp; inner serenity<\/span>\u00a0build up<\/li>\n<li><strong><span class=\"a-text-bold\">Joy of life, lightness and self-love<\/span><\/strong>\u00a0feel it again<\/li>\n<\/ul>\n<p>&nbsp;<\/p>\n<p>This book is your gentle tool to\u00a0<strong><span class=\"a-text-bold\">Regulating stress<\/span><\/strong>, To cultivate inner peace and to perceive yourself with love. Make every page your moment of creative comfort \u2013\u00a0<strong><span class=\"a-text-bold\">for more balance in everyday life and less stress<\/span><\/strong>.<\/p>\n<p>&nbsp;<\/p>\n<h5>\ud83c\udf81\u00a0<span class=\"a-text-bold\">For yourself or as a gift<\/span><\/h5>\n<p>This book is more than a coloring book \u2013 it&#039;s a\u00a0<span class=\"a-text-bold\">A silent companion in stressful times<\/span>. Whether for yourself or someone you love: It brings mindfulness, lightness, and moments of genuine peace.<\/p>\n<p>&nbsp;<\/p>\n<p>\ud83c\udf3f Get your copy now!\u00a0<span class=\"a-text-italic\">Self-care instead of overexertion<\/span>\u00a0\u2013 and experience how color becomes part of your daily relaxation ritual.<\/p>\n<p>&nbsp;<\/p>\n<p>Note: Pens, paints and painting supplies are not included in the offer and must be purchased separately.<\/p>","protected":false},"excerpt":{"rendered":"<p class=\"my-2 [&amp;+p]:mt-4 [&amp;_strong:has(+br)]:inline-block [&amp;_strong:has(+br)]:pb-2\">Your coloring book \u201eSelf-care instead of overexertion\u201c for <strong>inner peace<\/strong> <strong>&amp; Relaxation<\/strong>: 50 fascinating motifs including positive affirmations.<\/p>\n<p class=\"my-2 [&amp;+p]:mt-4 [&amp;_strong:has(+br)]:inline-block [&amp;_strong:has(+br)]:pb-2\">Try it out right away and you <strong>Take time for yourself<\/strong>!<\/p>","protected":false},"featured_media":11835,"comment_status":"open","ping_status":"closed","template":"","meta":{"_acf_changed":false},"product_brand":[],"product_cat":[112],"product_tag":[],"class_list":{"0":"post-11834","1":"product","2":"type-product","3":"status-publish","4":"has-post-thumbnail","6":"product_cat-malbuch-erwachsene-frauen-entspannung","8":"first","9":"instock","10":"taxable","11":"shipping-taxable","12":"product-type-simple"},"acf":[],"yoast_head":"<!-- This site is optimized with the Yoast SEO Premium plugin v23.1 (Yoast SEO v26.6) - https:\/\/yoast.com\/wordpress\/plugins\/seo\/ -->\n<title>Malbuch f\u00fcr Erwachsene - Stress abbauen und Anspannung l\u00f6sen<\/title>\n<meta name=\"description\" content=\"\u201eSelbstf\u00fcrsorge statt \u00dcberforderung\u201c \u2013 dein Malbuch: G\u00f6nne dir Momente, in denen deine Anspannung abflie\u00dfen darf. Jetzt Energie &amp; Lebensfreude zur\u00fcckholen!\" \/>\n<meta name=\"robots\" content=\"index, follow, max-snippet:-1, max-image-preview:large, max-video-preview:-1\" \/>\n<link rel=\"canonical\" href=\"https:\/\/fidertas-awareness.com\/en\/produkt\/malbuch-erwachsene-stress-abbauen-reduzieren-entspannung\/\" \/>\n<meta property=\"og:locale\" content=\"en_US\" \/>\n<meta property=\"og:type\" content=\"article\" \/>\n<meta property=\"og:title\" content=\"Malbuch f\u00fcr Erwachsene - Stress abbauen und innere Anspannung l\u00f6sen \u2013 Ausmalbuch Band 4.1 &quot;Selbstf\u00fcrsorge statt \u00dcberforderung&quot;\" \/>\n<meta property=\"og:description\" content=\"\u201eSelbstf\u00fcrsorge statt \u00dcberforderung\u201c \u2013 dein Malbuch: G\u00f6nne dir Momente, in denen deine Anspannung abflie\u00dfen darf. Jetzt Energie &amp; Lebensfreude zur\u00fcckholen!\" \/>\n<meta property=\"og:url\" content=\"https:\/\/fidertas-awareness.com\/en\/produkt\/malbuch-erwachsene-stress-abbauen-reduzieren-entspannung\/\" \/>\n<meta property=\"og:site_name\" content=\"Fidertas - Awareness\" \/>\n<meta property=\"article:modified_time\" content=\"2026-01-02T09:42:03+00:00\" \/>\n<meta property=\"og:image\" content=\"https:\/\/fidertas-awareness.com\/wp-content\/uploads\/2026\/01\/malbuch-erwachsene-stress-abbauen-reduzieren-entspannung.jpg\" \/>\n\t<meta property=\"og:image:width\" content=\"1890\" \/>\n\t<meta property=\"og:image:height\" content=\"1890\" \/>\n\t<meta property=\"og:image:type\" content=\"image\/jpeg\" \/>\n<meta name=\"twitter:card\" content=\"summary_large_image\" \/>\n<meta name=\"twitter:label1\" content=\"Est. reading time\" \/>\n\t<meta name=\"twitter:data1\" content=\"3 minutes\" \/>\n<script type=\"application\/ld+json\" class=\"yoast-schema-graph\">{\"@context\":\"https:\/\/schema.org\",\"@graph\":[{\"@type\":\"WebPage\",\"@id\":\"https:\/\/fidertas-awareness.com\/produkt\/malbuch-erwachsene-stress-abbauen-reduzieren-entspannung\/\",\"url\":\"https:\/\/fidertas-awareness.com\/produkt\/malbuch-erwachsene-stress-abbauen-reduzieren-entspannung\/\",\"name\":\"Malbuch f\u00fcr Erwachsene - Stress abbauen und Anspannung l\u00f6sen\",\"isPartOf\":{\"@id\":\"https:\/\/fidertas-awareness.com\/#website\"},\"primaryImageOfPage\":{\"@id\":\"https:\/\/fidertas-awareness.com\/produkt\/malbuch-erwachsene-stress-abbauen-reduzieren-entspannung\/#primaryimage\"},\"image\":{\"@id\":\"https:\/\/fidertas-awareness.com\/produkt\/malbuch-erwachsene-stress-abbauen-reduzieren-entspannung\/#primaryimage\"},\"thumbnailUrl\":\"https:\/\/fidertas-awareness.com\/wp-content\/uploads\/2026\/01\/malbuch-erwachsene-stress-abbauen-reduzieren-entspannung.jpg\",\"datePublished\":\"2026-01-02T09:20:00+00:00\",\"dateModified\":\"2026-01-02T09:42:03+00:00\",\"description\":\"\u201eSelbstf\u00fcrsorge statt \u00dcberforderung\u201c \u2013 dein Malbuch: G\u00f6nne dir Momente, in denen deine Anspannung abflie\u00dfen darf. Jetzt Energie & Lebensfreude zur\u00fcckholen!\",\"breadcrumb\":{\"@id\":\"https:\/\/fidertas-awareness.com\/produkt\/malbuch-erwachsene-stress-abbauen-reduzieren-entspannung\/#breadcrumb\"},\"inLanguage\":\"en-US\",\"potentialAction\":[{\"@type\":\"ReadAction\",\"target\":[\"https:\/\/fidertas-awareness.com\/produkt\/malbuch-erwachsene-stress-abbauen-reduzieren-entspannung\/\"]}]},{\"@type\":\"ImageObject\",\"inLanguage\":\"en-US\",\"@id\":\"https:\/\/fidertas-awareness.com\/produkt\/malbuch-erwachsene-stress-abbauen-reduzieren-entspannung\/#primaryimage\",\"url\":\"https:\/\/fidertas-awareness.com\/wp-content\/uploads\/2026\/01\/malbuch-erwachsene-stress-abbauen-reduzieren-entspannung.jpg\",\"contentUrl\":\"https:\/\/fidertas-awareness.com\/wp-content\/uploads\/2026\/01\/malbuch-erwachsene-stress-abbauen-reduzieren-entspannung.jpg\",\"width\":1890,\"height\":1890,\"caption\":\"\ud83d\ude14\u00a0Kennst du das Gef\u00fchl, st\u00e4ndig unter Strom zu stehen? Wenn dir der Alltag manchmal zu laut, zu voll oder einfach zu viel ist, dann schenke dir einen\u00a0Moment mit Farbe und Stille \u2013 nur f\u00fcr dich. Wenn du dich nach mehr Gelassenheit,\u00a0Achtsamkeit\u00a0und\u00a0Selbstf\u00fcrsorge\u00a0sehnst, dann ist dieses\u00a0Anti-Stress-Malbuch\u00a0genau das Richtige. \ud83c\udfa8\u00a0Deine kreative Auszeit vom Stress Dieses\u00a0Malbuch zur Stressbew\u00e4ltigung\u00a0hilft dir, innere Anspannung zu l\u00f6sen und emotionalen Stress abzubauen \u2013 ganz sanft \u00fcber Farbe, Form und bewusste Auszeiten. Beim Ausmalen der\u00a050 beruhigenden Ausmalbilder\u00a0flie\u00dft dein Fokus wieder nach innen: Muster, Blumen, Tiere, Landschaften und Mandalas laden dich ein, loszulassen und im Moment zu sein. Begleitende\u00a0positive Affirmationen\u00a0aktivieren dein Unterbewusstsein \u2013 damit du beim Ausmalen Schritt f\u00fcr Schritt\u00a0Selbstliebe, Ruhe und innere St\u00e4rke\u00a0aufbaust.\"},{\"@type\":\"BreadcrumbList\",\"@id\":\"https:\/\/fidertas-awareness.com\/produkt\/malbuch-erwachsene-stress-abbauen-reduzieren-entspannung\/#breadcrumb\",\"itemListElement\":[{\"@type\":\"ListItem\",\"position\":1,\"name\":\"Startseite\",\"item\":\"https:\/\/fidertas-awareness.com\/\"},{\"@type\":\"ListItem\",\"position\":2,\"name\":\"Shop\",\"item\":\"https:\/\/fidertas-awareness.com\/shop\/\"},{\"@type\":\"ListItem\",\"position\":3,\"name\":\"Malbuch f\u00fcr Erwachsene &#8211; Stress abbauen und innere Anspannung l\u00f6sen \u2013 Ausmalbuch Band 4.1 &#8222;Selbstf\u00fcrsorge statt \u00dcberforderung&#8220;\"}]},{\"@type\":\"WebSite\",\"@id\":\"https:\/\/fidertas-awareness.com\/#website\",\"url\":\"https:\/\/fidertas-awareness.com\/\",\"name\":\"Fidertas - Awareness\",\"description\":\"\",\"publisher\":{\"@id\":\"https:\/\/fidertas-awareness.com\/#organization\"},\"potentialAction\":[{\"@type\":\"SearchAction\",\"target\":{\"@type\":\"EntryPoint\",\"urlTemplate\":\"https:\/\/fidertas-awareness.com\/?s={search_term_string}\"},\"query-input\":{\"@type\":\"PropertyValueSpecification\",\"valueRequired\":true,\"valueName\":\"search_term_string\"}}],\"inLanguage\":\"en-US\"},{\"@type\":\"Organization\",\"@id\":\"https:\/\/fidertas-awareness.com\/#organization\",\"name\":\"Fidertas - Awareness\",\"url\":\"https:\/\/fidertas-awareness.com\/\",\"logo\":{\"@type\":\"ImageObject\",\"inLanguage\":\"en-US\",\"@id\":\"https:\/\/fidertas-awareness.com\/#\/schema\/logo\/image\/\",\"url\":\"https:\/\/fidertas-awareness.com\/wp-content\/uploads\/2023\/10\/cropped-Fidertas_Logo_RGB.png\",\"contentUrl\":\"https:\/\/fidertas-awareness.com\/wp-content\/uploads\/2023\/10\/cropped-Fidertas_Logo_RGB.png\",\"width\":2160,\"height\":1181,\"caption\":\"Fidertas - Awareness\"},\"image\":{\"@id\":\"https:\/\/fidertas-awareness.com\/#\/schema\/logo\/image\/\"}}]}<\/script>\n<!-- \/ Yoast SEO Premium plugin. -->","yoast_head_json":{"title":"Malbuch f\u00fcr Erwachsene - Stress abbauen und Anspannung l\u00f6sen","description":"\u201eSelbstf\u00fcrsorge statt \u00dcberforderung\u201c \u2013 dein Malbuch: G\u00f6nne dir Momente, in denen deine Anspannung abflie\u00dfen darf. Jetzt Energie & Lebensfreude zur\u00fcckholen!","robots":{"index":"index","follow":"follow","max-snippet":"max-snippet:-1","max-image-preview":"max-image-preview:large","max-video-preview":"max-video-preview:-1"},"canonical":"https:\/\/fidertas-awareness.com\/en\/produkt\/malbuch-erwachsene-stress-abbauen-reduzieren-entspannung\/","og_locale":"en_US","og_type":"article","og_title":"Malbuch f\u00fcr Erwachsene - Stress abbauen und innere Anspannung l\u00f6sen \u2013 Ausmalbuch Band 4.1 \"Selbstf\u00fcrsorge statt \u00dcberforderung\"","og_description":"\u201eSelbstf\u00fcrsorge statt \u00dcberforderung\u201c \u2013 dein Malbuch: G\u00f6nne dir Momente, in denen deine Anspannung abflie\u00dfen darf. Jetzt Energie & Lebensfreude zur\u00fcckholen!","og_url":"https:\/\/fidertas-awareness.com\/en\/produkt\/malbuch-erwachsene-stress-abbauen-reduzieren-entspannung\/","og_site_name":"Fidertas - Awareness","article_modified_time":"2026-01-02T09:42:03+00:00","og_image":[{"width":1890,"height":1890,"url":"https:\/\/fidertas-awareness.com\/wp-content\/uploads\/2026\/01\/malbuch-erwachsene-stress-abbauen-reduzieren-entspannung.jpg","type":"image\/jpeg"}],"twitter_card":"summary_large_image","twitter_misc":{"Est. reading time":"3 minutes"},"schema":{"@context":"https:\/\/schema.org","@graph":[{"@type":"WebPage","@id":"https:\/\/fidertas-awareness.com\/produkt\/malbuch-erwachsene-stress-abbauen-reduzieren-entspannung\/","url":"https:\/\/fidertas-awareness.com\/produkt\/malbuch-erwachsene-stress-abbauen-reduzieren-entspannung\/","name":"Malbuch f\u00fcr Erwachsene - Stress abbauen und Anspannung l\u00f6sen","isPartOf":{"@id":"https:\/\/fidertas-awareness.com\/#website"},"primaryImageOfPage":{"@id":"https:\/\/fidertas-awareness.com\/produkt\/malbuch-erwachsene-stress-abbauen-reduzieren-entspannung\/#primaryimage"},"image":{"@id":"https:\/\/fidertas-awareness.com\/produkt\/malbuch-erwachsene-stress-abbauen-reduzieren-entspannung\/#primaryimage"},"thumbnailUrl":"https:\/\/fidertas-awareness.com\/wp-content\/uploads\/2026\/01\/malbuch-erwachsene-stress-abbauen-reduzieren-entspannung.jpg","datePublished":"2026-01-02T09:20:00+00:00","dateModified":"2026-01-02T09:42:03+00:00","description":"\u201eSelbstf\u00fcrsorge statt \u00dcberforderung\u201c \u2013 dein Malbuch: G\u00f6nne dir Momente, in denen deine Anspannung abflie\u00dfen darf. Jetzt Energie & Lebensfreude zur\u00fcckholen!","breadcrumb":{"@id":"https:\/\/fidertas-awareness.com\/produkt\/malbuch-erwachsene-stress-abbauen-reduzieren-entspannung\/#breadcrumb"},"inLanguage":"en-US","potentialAction":[{"@type":"ReadAction","target":["https:\/\/fidertas-awareness.com\/produkt\/malbuch-erwachsene-stress-abbauen-reduzieren-entspannung\/"]}]},{"@type":"ImageObject","inLanguage":"en-US","@id":"https:\/\/fidertas-awareness.com\/produkt\/malbuch-erwachsene-stress-abbauen-reduzieren-entspannung\/#primaryimage","url":"https:\/\/fidertas-awareness.com\/wp-content\/uploads\/2026\/01\/malbuch-erwachsene-stress-abbauen-reduzieren-entspannung.jpg","contentUrl":"https:\/\/fidertas-awareness.com\/wp-content\/uploads\/2026\/01\/malbuch-erwachsene-stress-abbauen-reduzieren-entspannung.jpg","width":1890,"height":1890,"caption":"\ud83d\ude14\u00a0Kennst du das Gef\u00fchl, st\u00e4ndig unter Strom zu stehen? Wenn dir der Alltag manchmal zu laut, zu voll oder einfach zu viel ist, dann schenke dir einen\u00a0Moment mit Farbe und Stille \u2013 nur f\u00fcr dich. Wenn du dich nach mehr Gelassenheit,\u00a0Achtsamkeit\u00a0und\u00a0Selbstf\u00fcrsorge\u00a0sehnst, dann ist dieses\u00a0Anti-Stress-Malbuch\u00a0genau das Richtige. \ud83c\udfa8\u00a0Deine kreative Auszeit vom Stress Dieses\u00a0Malbuch zur Stressbew\u00e4ltigung\u00a0hilft dir, innere Anspannung zu l\u00f6sen und emotionalen Stress abzubauen \u2013 ganz sanft \u00fcber Farbe, Form und bewusste Auszeiten. Beim Ausmalen der\u00a050 beruhigenden Ausmalbilder\u00a0flie\u00dft dein Fokus wieder nach innen: Muster, Blumen, Tiere, Landschaften und Mandalas laden dich ein, loszulassen und im Moment zu sein. Begleitende\u00a0positive Affirmationen\u00a0aktivieren dein Unterbewusstsein \u2013 damit du beim Ausmalen Schritt f\u00fcr Schritt\u00a0Selbstliebe, Ruhe und innere St\u00e4rke\u00a0aufbaust."},{"@type":"BreadcrumbList","@id":"https:\/\/fidertas-awareness.com\/produkt\/malbuch-erwachsene-stress-abbauen-reduzieren-entspannung\/#breadcrumb","itemListElement":[{"@type":"ListItem","position":1,"name":"Startseite","item":"https:\/\/fidertas-awareness.com\/"},{"@type":"ListItem","position":2,"name":"Shop","item":"https:\/\/fidertas-awareness.com\/shop\/"},{"@type":"ListItem","position":3,"name":"Malbuch f\u00fcr Erwachsene &#8211; Stress abbauen und innere Anspannung l\u00f6sen \u2013 Ausmalbuch Band 4.1 &#8222;Selbstf\u00fcrsorge statt \u00dcberforderung&#8220;"}]},{"@type":"WebSite","@id":"https:\/\/fidertas-awareness.com\/#website","url":"https:\/\/fidertas-awareness.com\/","name":"Fidertas - Awareness","description":"","publisher":{"@id":"https:\/\/fidertas-awareness.com\/#organization"},"potentialAction":[{"@type":"SearchAction","target":{"@type":"EntryPoint","urlTemplate":"https:\/\/fidertas-awareness.com\/?s={search_term_string}"},"query-input":{"@type":"PropertyValueSpecification","valueRequired":true,"valueName":"search_term_string"}}],"inLanguage":"en-US"},{"@type":"Organization","@id":"https:\/\/fidertas-awareness.com\/#organization","name":"Fidertas - Awareness","url":"https:\/\/fidertas-awareness.com\/","logo":{"@type":"ImageObject","inLanguage":"en-US","@id":"https:\/\/fidertas-awareness.com\/#\/schema\/logo\/image\/","url":"https:\/\/fidertas-awareness.com\/wp-content\/uploads\/2023\/10\/cropped-Fidertas_Logo_RGB.png","contentUrl":"https:\/\/fidertas-awareness.com\/wp-content\/uploads\/2023\/10\/cropped-Fidertas_Logo_RGB.png","width":2160,"height":1181,"caption":"Fidertas - Awareness"},"image":{"@id":"https:\/\/fidertas-awareness.com\/#\/schema\/logo\/image\/"}}]}},"_links":{"self":[{"href":"https:\/\/fidertas-awareness.com\/en\/wp-json\/wp\/v2\/product\/11834","targetHints":{"allow":["GET"]}}],"collection":[{"href":"https:\/\/fidertas-awareness.com\/en\/wp-json\/wp\/v2\/product"}],"about":[{"href":"https:\/\/fidertas-awareness.com\/en\/wp-json\/wp\/v2\/types\/product"}],"replies":[{"embeddable":true,"href":"https:\/\/fidertas-awareness.com\/en\/wp-json\/wp\/v2\/comments?post=11834"}],"wp:featuredmedia":[{"embeddable":true,"href":"https:\/\/fidertas-awareness.com\/en\/wp-json\/wp\/v2\/media\/11835"}],"wp:attachment":[{"href":"https:\/\/fidertas-awareness.com\/en\/wp-json\/wp\/v2\/media?parent=11834"}],"wp:term":[{"taxonomy":"product_brand","embeddable":true,"href":"https:\/\/fidertas-awareness.com\/en\/wp-json\/wp\/v2\/product_brand?post=11834"},{"taxonomy":"product_cat","embeddable":true,"href":"https:\/\/fidertas-awareness.com\/en\/wp-json\/wp\/v2\/product_cat?post=11834"},{"taxonomy":"product_tag","embeddable":true,"href":"https:\/\/fidertas-awareness.com\/en\/wp-json\/wp\/v2\/product_tag?post=11834"}],"curies":[{"name":"wp","href":"https:\/\/api.w.org\/{rel}","templated":true}]}}