{"id":8148,"date":"2024-08-17T18:24:35","date_gmt":"2024-08-17T16:24:35","guid":{"rendered":"https:\/\/fidertas-awareness.com\/?post_type=product&#038;p=8148"},"modified":"2025-11-26T14:25:39","modified_gmt":"2025-11-26T13:25:39","slug":"career-profiling","status":"publish","type":"product","link":"https:\/\/fidertas-awareness.com\/en\/product\/career-profiling\/","title":{"rendered":"\u201e&quot;Out of the bubble&quot; \u2013 Career Profiling Course"},"content":{"rendered":"<h1 dir=\"ltr\">\u201e&quot;Out of the bubble&quot; \u2013 Career Profiling Course<\/h1>\n<h2 class=\"text-body font-regular leading-[24px] pt-[9px] pb-[2px]\" dir=\"ltr\"><b>Are you familiar with these problems?<\/b><\/h2>\n<p class=\"text-body font-regular leading-[24px] pt-[9px] pb-[2px]\" dir=\"ltr\">\u274c Your work environment is not appreciative or supportive<\/p>\n<p class=\"text-body font-regular leading-[24px] pt-[9px] pb-[2px]\" dir=\"ltr\">\ud83d\udea8 Your skills are not recognized or not used correctly<\/p>\n<p class=\"text-body font-regular leading-[24px] pt-[9px] pb-[2px]\" dir=\"ltr\">\u274c Your current job is extremely stressful for you<\/p>\n<p class=\"text-body font-regular leading-[24px] pt-[9px] pb-[2px]\" dir=\"ltr\">\ud83d\udea8 My current job is demotivating and monotonous<\/p>\n<p class=\"text-body font-regular leading-[24px] pt-[9px] pb-[2px]\" dir=\"ltr\">\u274c You don&#039;t like the company culture, but you also don&#039;t know what motivates you.<\/p>\n<p class=\"text-body font-regular leading-[24px] pt-[9px] pb-[2px]\" dir=\"ltr\">\ud83d\udea8 The pay is anything but fair and appreciative<\/p>\n<p class=\"text-body font-regular leading-[24px] pt-[9px] pb-[2px]\" dir=\"ltr\">\u274c You are capable of significantly more, but don&#039;t know in which professions your strengths will be best utilized.<\/p>\n<p>&nbsp;<\/p>\n<h2 class=\"text-body font-regular leading-[24px] pt-[9px] pb-[2px]\" dir=\"ltr\"><b>You will change this:<\/b><\/h2>\n<p class=\"text-body font-regular leading-[24px] pt-[9px] pb-[2px]\" dir=\"ltr\">\u2705 To be recognized and respected for your achievements<\/p>\n<p class=\"text-body font-regular leading-[24px] pt-[9px] pb-[2px]\" dir=\"ltr\">\ud83d\udc95 Receive concrete job suggestions and use them for your career change\/reorientation<\/p>\n<p class=\"text-body font-regular leading-[24px] pt-[9px] pb-[2px]\" dir=\"ltr\">\u2705 Understand why you are not successful in your current job<\/p>\n<p class=\"text-body font-regular leading-[24px] pt-[9px] pb-[2px]\" dir=\"ltr\">\ud83d\udc95 Finding the right work environment and company culture for you<\/p>\n<p class=\"text-body font-regular leading-[24px] pt-[9px] pb-[2px]\" dir=\"ltr\">\u2705 Appear confident and launch your career<\/p>\n<p class=\"text-body font-regular leading-[24px] pt-[9px] pb-[2px]\" dir=\"ltr\">\ud83d\udc95 Broaden your horizons and focus your job search on jobs that suit your personality.<\/p>\n<hr \/>\n<h2 class=\"text-body font-regular leading-[24px] pt-[9px] pb-[2px]\" dir=\"ltr\"><b>Enthusiastic customer reviews:<\/b><\/h2>\n<p class=\"text-body font-regular leading-[24px] pt-[9px] pb-[2px]\" dir=\"ltr\">\ud83d\ude4b\u200d\u2640\ufe0f\u00a0<i><em class=\"italic\">Everything was explained very easily and clearly. And the result was exactly what I wanted \u2013 I can highly recommend this service.<\/em><\/i><\/p>\n<p><i><em class=\"italic\">If you don&#039;t know what to do with yourself \u2013 ask Steffen and Julia for advice \u2013 they know the solution.<\/em><\/i><\/p>\n<p class=\"text-body font-regular leading-[24px] pt-[9px] pb-[2px]\" dir=\"ltr\">\u270d\ud83c\udffb\u00a0\u00a0<i><em class=\"italic\">I was introduced to Steffen and Julia through a recommendation and couldn&#039;t be more grateful for the suggestion. Since meeting them, my perspective on many aspects of life has changed significantly. With their help, I&#039;ve been able to see and understand many things more clearly.<\/em><\/i><\/p>\n<p><i><em class=\"italic\">On my path to self-employment, I lacked precisely the kind of support and clarity that Steffen and Julia provide. Now I finally understand the connections that I had previously missed.<\/em><\/i><\/p>\n<p class=\"text-body font-regular leading-[24px] pt-[9px] pb-[2px]\" dir=\"ltr\">\u2b50\ufe0f\u00a0<i><em class=\"italic\">The coaching topics are relevant and on-trend. Fidertas&#039; personal support and professional approach are highly convincing. Highly recommended!<\/em><\/i><\/p>\n<hr \/>\n<h2 class=\"text-body font-regular leading-[24px] pt-[9px] pb-[2px]\" dir=\"ltr\"><b>You get all of this:\u00a0<\/b><\/h2>\n<p class=\"text-body font-regular leading-[24px] pt-[9px] pb-[2px]\" dir=\"ltr\">\u2728 Modern 188-page workbook in printable and digitally fillable versions (available as a download):<\/p>\n<p class=\"text-body font-regular leading-[24px] pt-[9px] pb-[2px]\" dir=\"ltr\"><b>You have a comprehensive and practical tool that guides you step by step through the process. The workbook is your faithful companion for unfolding your true self and for targeted growth and progress.<\/b><\/p>\n<p class=\"text-body font-regular leading-[24px] pt-[9px] pb-[2px]\" dir=\"ltr\">\u2728 34-page \u201eCareer Profiler\u201c \u2013 a results report to better understand how your unique characteristics and skills align with various career opportunities:<\/p>\n<p class=\"text-body font-regular leading-[24px] pt-[9px] pb-[2px]\" dir=\"ltr\"><b>With the Career Profiler, you can refine your career goals and make informed decisions by receiving tailored recommendations. A clear understanding of your professional options enables you to plan more effectively. This allows you to develop targeted steps and implementation strategies that will lead you to your goals.<\/b><\/p>\n<p class=\"text-body font-regular leading-[24px] pt-[9px] pb-[2px]\" dir=\"ltr\">\u2728 Explanations for each part of the personality analyses:<\/p>\n<p class=\"text-body font-regular leading-[24px] pt-[9px] pb-[2px]\" dir=\"ltr\"><b>You&#039;ll gain a better understanding of your analysis results and receive practical tips for implementation. The knowledge will come alive and become applicable.<\/b><\/p>\n<p class=\"text-body font-regular leading-[24px] pt-[9px] pb-[2px]\" dir=\"ltr\">\u2728 2 hours of pre-recorded video\/audio material:<\/p>\n<p class=\"text-body font-regular leading-[24px] pt-[9px] pb-[2px]\" dir=\"ltr\"><b>You&#039;ll gain additional, in-depth knowledge that you can conveniently consume at your own pace. Ideal for on the go or in quiet moments.<\/b><\/p>\n<p class=\"text-body font-regular leading-[24px] pt-[9px] pb-[2px]\" dir=\"ltr\">\u2728 Your purchase includes a valuable coaching session with Julia or Steffen (your choice):<\/p>\n<p class=\"text-body font-regular leading-[24px] pt-[9px] pb-[2px]\" dir=\"ltr\"><span class=\"font-bold\"><b>You can use these 30 minutes to delve deeper into your profiling analyses with Steffen, or to resolve inner blockages or hindering beliefs with Julia.\u00a0<\/b><\/span><\/p>\n<hr \/>\n<h2 class=\"text-body font-regular leading-[24px] pt-[9px] pb-[2px]\" dir=\"ltr\"><b>Frequently Asked Questions:<\/b><\/h2>\n<p class=\"text-body font-regular leading-[24px] pt-[9px] pb-[2px]\" dir=\"ltr\">\u2753\u00a0<b>What can I expect from this offer?<\/b><br \/>\nYou can expect to gain deeper insights into your personality, recognize your strengths and weaknesses, and work specifically on your self-confidence. We offer you tools and strategies to develop confidence in dealing with conflicts. It helps you set clear boundaries and create a professional vision.<\/p>\n<p dir=\"ltr\">\u2014<\/p>\n<p class=\"text-body font-regular leading-[24px] pt-[9px] pb-[2px]\" dir=\"ltr\">\u2753\u00a0<b>Is this also suitable for someone who has no experience with personal development?<\/b><br \/>\nAbsolutely! Our program is designed for both beginners and advanced learners. We offer comprehensive support and clear instructions so you can progress step by step, no matter where you are in your learning journey. Our materials make it easy to understand complex concepts and apply them practically.<\/p>\n<p dir=\"ltr\">\u2014<\/p>\n<p class=\"text-body font-regular leading-[24px] pt-[9px] pb-[2px]\" dir=\"ltr\">\u2753\u00a0<b>How will the profiling part help me?<\/b><br \/>\nPersonality profiling offers you detailed analyses of your career and profession. It shows you precisely why you are professionally dissatisfied and stressed. With scientific accuracy, you receive recommendations for professions and fields of activity that perfectly match your personality. You can clearly see in which areas you need to develop further in order to be successful in the long term.<\/p>\n<hr \/>\n<p class=\"text-body font-regular leading-[24px] pt-[9px] pb-[2px]\" dir=\"ltr\">After your purchase, you will receive your workbook. This document contains all explanations, exercises, and links to the videos. The videos were pre-recorded, and you can access the video\/audio recordings via the link.<\/p>\n<p class=\"text-body font-regular leading-[24px] pt-[9px] pb-[2px]\" dir=\"ltr\">Within 14 days, we will send you a link to the online questionnaire for the profiling analysis. Please allow approximately 30-45 minutes to complete the questions. Please answer them honestly (as you perceive yourself, not based on others&#039; opinions). Afterwards, your scientifically based personality analysis will be generated.<\/p>\n<p class=\"text-body font-regular leading-[24px] pt-[9px] pb-[2px]\" dir=\"ltr\"><strong>Please note<\/strong>Once you have answered all the questions for the personality analysis online, your analysis will be generated automatically. Even if you cancel your course purchase, we will still have to charge you for the personality analysis.<\/p>\n<p dir=\"ltr\">To schedule your coaching session, please send us an email to info@fidertas.com.<\/p>\n<hr \/>\n<p class=\"text-body font-regular leading-[24px] pt-[9px] pb-[2px]\" dir=\"ltr\"><b>Don&#039;t miss this unique opportunity to shape your life in a positive way.\u00a0<u>Order today<\/u>!\u00a0<\/b><\/p>\n<p>&nbsp;<\/p>\n<h4 class=\"text-body font-regular leading-[24px] pt-[9px] pb-[2px]\" dir=\"ltr\"><b>\ud835\udcd3\ud835\udcee\ud835\udcf2\ud835\udcf7\ud835\udcee \ud835\udcd9\ud835\udcfe\ud835\udcf5\ud835\udcf2\ud835\udcea &amp; \ud835\udced\ud835\udcee\ud835\udcf2\ud835\udcf7 \ud835\udce2\ud835\udcfd\ud835\udcee\ud835\udcef\ud835\udcef\ud835\udcee\ud835\udcf7<\/b><\/h4>\n<p dir=\"ltr\">Please note our <a href=\"https:\/\/fidertas-awareness.com\/en\/disclaimer\/\">Disclaimer for medical and therapeutic cases<\/a>.<\/p>\n<p><strong>NOTE: The courses and all course materials (especially workbooks, documents, and videos) are provided exclusively in German. They are not available in other languages.<\/strong><\/p>","protected":false},"excerpt":{"rendered":"<p class=\"text-body font-regular leading-[24px] pt-[9px] pb-[2px]\" dir=\"ltr\"><b>Confident and strong in the right job: Become the woman you&#039;ve always wanted to see in the mirror!<\/b><\/p>\n<p class=\"text-body font-regular leading-[24px] pt-[9px] pb-[2px]\" dir=\"ltr\">Get the <b>recognition<\/b>\u00a0and the\u00a0<b>respect<\/b>\u00a0from colleagues and superiors,\u00a0<b>that you deserve<\/b>.<\/p>\n<p dir=\"ltr\">INCLUDES a 30-minute COACHING SESSION!<\/p>\n<p>Note: Workbooks and videos are only available in German.<\/p>","protected":false},"featured_media":11313,"comment_status":"open","ping_status":"closed","template":"","meta":{"_acf_changed":false},"product_brand":[],"product_cat":[40],"product_tag":[],"class_list":{"0":"post-8148","1":"product","2":"type-product","3":"status-publish","4":"has-post-thumbnail","6":"product_cat-karriere-beruf-shop","8":"first","9":"instock","10":"virtual","11":"taxable","12":"purchasable","13":"product-type-simple"},"acf":[],"yoast_head":"<!-- This site is optimized with the Yoast SEO Premium plugin v23.1 (Yoast SEO v26.6) - https:\/\/yoast.com\/wordpress\/plugins\/seo\/ -->\n<title>&quot;Raus aus der Blase&quot; - Career Profiling Kurs FIDERTAS<\/title>\n<meta name=\"description\" content=\"Willst du Selbstzweifel \u00fcberwinden und dein Selbstwertgef\u00fchl st\u00e4rken? Finde endlich den Beruf, der zu dir passt! Starte jetzt!\" \/>\n<meta name=\"robots\" content=\"index, follow, max-snippet:-1, max-image-preview:large, max-video-preview:-1\" \/>\n<link rel=\"canonical\" href=\"https:\/\/fidertas-awareness.com\/en\/produkt\/career-profiling\/\" \/>\n<meta property=\"og:locale\" content=\"en_US\" \/>\n<meta property=\"og:type\" content=\"article\" \/>\n<meta property=\"og:title\" content=\"&quot;Raus aus der Blase&quot; - Career Profiling Kurs\" \/>\n<meta property=\"og:description\" content=\"Willst du Selbstzweifel \u00fcberwinden und dein Selbstwertgef\u00fchl st\u00e4rken? Finde endlich den Beruf, der zu dir passt! Starte jetzt!\" \/>\n<meta property=\"og:url\" content=\"https:\/\/fidertas-awareness.com\/en\/produkt\/career-profiling\/\" \/>\n<meta property=\"og:site_name\" content=\"Fidertas - Awareness\" \/>\n<meta property=\"article:modified_time\" content=\"2025-11-26T13:25:39+00:00\" \/>\n<meta property=\"og:image\" content=\"https:\/\/fidertas-awareness.com\/wp-content\/uploads\/2024\/08\/karriere-profiling-2.jpg\" \/>\n\t<meta property=\"og:image:width\" content=\"1890\" \/>\n\t<meta property=\"og:image:height\" content=\"1890\" \/>\n\t<meta property=\"og:image:type\" content=\"image\/jpeg\" \/>\n<meta name=\"twitter:card\" content=\"summary_large_image\" \/>\n<meta name=\"twitter:label1\" content=\"Est. reading time\" \/>\n\t<meta name=\"twitter:data1\" content=\"6 minutes\" \/>\n<script type=\"application\/ld+json\" class=\"yoast-schema-graph\">{\"@context\":\"https:\/\/schema.org\",\"@graph\":[{\"@type\":\"WebPage\",\"@id\":\"https:\/\/fidertas-awareness.com\/produkt\/career-profiling\/\",\"url\":\"https:\/\/fidertas-awareness.com\/produkt\/career-profiling\/\",\"name\":\"\\\"Raus aus der Blase\\\" - Career Profiling Kurs FIDERTAS\",\"isPartOf\":{\"@id\":\"https:\/\/fidertas-awareness.com\/#website\"},\"primaryImageOfPage\":{\"@id\":\"https:\/\/fidertas-awareness.com\/produkt\/career-profiling\/#primaryimage\"},\"image\":{\"@id\":\"https:\/\/fidertas-awareness.com\/produkt\/career-profiling\/#primaryimage\"},\"thumbnailUrl\":\"https:\/\/fidertas-awareness.com\/wp-content\/uploads\/2024\/08\/karriere-profiling-2.jpg\",\"datePublished\":\"2024-08-17T16:24:35+00:00\",\"dateModified\":\"2025-11-26T13:25:39+00:00\",\"description\":\"Willst du Selbstzweifel \u00fcberwinden und dein Selbstwertgef\u00fchl st\u00e4rken? Finde endlich den Beruf, der zu dir passt! Starte jetzt!\",\"breadcrumb\":{\"@id\":\"https:\/\/fidertas-awareness.com\/produkt\/career-profiling\/#breadcrumb\"},\"inLanguage\":\"en-US\",\"potentialAction\":[{\"@type\":\"ReadAction\",\"target\":[\"https:\/\/fidertas-awareness.com\/produkt\/career-profiling\/\"]}]},{\"@type\":\"ImageObject\",\"inLanguage\":\"en-US\",\"@id\":\"https:\/\/fidertas-awareness.com\/produkt\/career-profiling\/#primaryimage\",\"url\":\"https:\/\/fidertas-awareness.com\/wp-content\/uploads\/2024\/08\/karriere-profiling-2.jpg\",\"contentUrl\":\"https:\/\/fidertas-awareness.com\/wp-content\/uploads\/2024\/08\/karriere-profiling-2.jpg\",\"width\":1890,\"height\":1890,\"caption\":\"Selbstsicher\u00a0und\u00a0stark im richtigen Job: Werde zu der Frau, die du schon immer im Spiegel sehen wolltest! Hole dir die Anerkennung\u00a0und den\u00a0Respekt\u00a0von Kollegen und Vorgesetzten,\u00a0den du verdient hast. INKLUSIVE einer 30-min\u00fctigen COACHING-SESSION!\"},{\"@type\":\"BreadcrumbList\",\"@id\":\"https:\/\/fidertas-awareness.com\/produkt\/career-profiling\/#breadcrumb\",\"itemListElement\":[{\"@type\":\"ListItem\",\"position\":1,\"name\":\"Startseite\",\"item\":\"https:\/\/fidertas-awareness.com\/\"},{\"@type\":\"ListItem\",\"position\":2,\"name\":\"Shop\",\"item\":\"https:\/\/fidertas-awareness.com\/shop\/\"},{\"@type\":\"ListItem\",\"position\":3,\"name\":\"&#8222;Raus aus der Blase&#8220; &#8211; Career Profiling Kurs\"}]},{\"@type\":\"WebSite\",\"@id\":\"https:\/\/fidertas-awareness.com\/#website\",\"url\":\"https:\/\/fidertas-awareness.com\/\",\"name\":\"Fidertas - Awareness\",\"description\":\"\",\"publisher\":{\"@id\":\"https:\/\/fidertas-awareness.com\/#organization\"},\"potentialAction\":[{\"@type\":\"SearchAction\",\"target\":{\"@type\":\"EntryPoint\",\"urlTemplate\":\"https:\/\/fidertas-awareness.com\/?s={search_term_string}\"},\"query-input\":{\"@type\":\"PropertyValueSpecification\",\"valueRequired\":true,\"valueName\":\"search_term_string\"}}],\"inLanguage\":\"en-US\"},{\"@type\":\"Organization\",\"@id\":\"https:\/\/fidertas-awareness.com\/#organization\",\"name\":\"Fidertas - Awareness\",\"url\":\"https:\/\/fidertas-awareness.com\/\",\"logo\":{\"@type\":\"ImageObject\",\"inLanguage\":\"en-US\",\"@id\":\"https:\/\/fidertas-awareness.com\/#\/schema\/logo\/image\/\",\"url\":\"https:\/\/fidertas-awareness.com\/wp-content\/uploads\/2023\/10\/cropped-Fidertas_Logo_RGB.png\",\"contentUrl\":\"https:\/\/fidertas-awareness.com\/wp-content\/uploads\/2023\/10\/cropped-Fidertas_Logo_RGB.png\",\"width\":2160,\"height\":1181,\"caption\":\"Fidertas - Awareness\"},\"image\":{\"@id\":\"https:\/\/fidertas-awareness.com\/#\/schema\/logo\/image\/\"}}]}<\/script>\n<!-- \/ Yoast SEO Premium plugin. -->","yoast_head_json":{"title":"\"Raus aus der Blase\" - Career Profiling Kurs FIDERTAS","description":"Willst du Selbstzweifel \u00fcberwinden und dein Selbstwertgef\u00fchl st\u00e4rken? Finde endlich den Beruf, der zu dir passt! Starte jetzt!","robots":{"index":"index","follow":"follow","max-snippet":"max-snippet:-1","max-image-preview":"max-image-preview:large","max-video-preview":"max-video-preview:-1"},"canonical":"https:\/\/fidertas-awareness.com\/en\/produkt\/career-profiling\/","og_locale":"en_US","og_type":"article","og_title":"\"Raus aus der Blase\" - Career Profiling Kurs","og_description":"Willst du Selbstzweifel \u00fcberwinden und dein Selbstwertgef\u00fchl st\u00e4rken? Finde endlich den Beruf, der zu dir passt! Starte jetzt!","og_url":"https:\/\/fidertas-awareness.com\/en\/produkt\/career-profiling\/","og_site_name":"Fidertas - Awareness","article_modified_time":"2025-11-26T13:25:39+00:00","og_image":[{"width":1890,"height":1890,"url":"https:\/\/fidertas-awareness.com\/wp-content\/uploads\/2024\/08\/karriere-profiling-2.jpg","type":"image\/jpeg"}],"twitter_card":"summary_large_image","twitter_misc":{"Est. reading time":"6 minutes"},"schema":{"@context":"https:\/\/schema.org","@graph":[{"@type":"WebPage","@id":"https:\/\/fidertas-awareness.com\/produkt\/career-profiling\/","url":"https:\/\/fidertas-awareness.com\/produkt\/career-profiling\/","name":"\"Raus aus der Blase\" - Career Profiling Kurs FIDERTAS","isPartOf":{"@id":"https:\/\/fidertas-awareness.com\/#website"},"primaryImageOfPage":{"@id":"https:\/\/fidertas-awareness.com\/produkt\/career-profiling\/#primaryimage"},"image":{"@id":"https:\/\/fidertas-awareness.com\/produkt\/career-profiling\/#primaryimage"},"thumbnailUrl":"https:\/\/fidertas-awareness.com\/wp-content\/uploads\/2024\/08\/karriere-profiling-2.jpg","datePublished":"2024-08-17T16:24:35+00:00","dateModified":"2025-11-26T13:25:39+00:00","description":"Willst du Selbstzweifel \u00fcberwinden und dein Selbstwertgef\u00fchl st\u00e4rken? Finde endlich den Beruf, der zu dir passt! Starte jetzt!","breadcrumb":{"@id":"https:\/\/fidertas-awareness.com\/produkt\/career-profiling\/#breadcrumb"},"inLanguage":"en-US","potentialAction":[{"@type":"ReadAction","target":["https:\/\/fidertas-awareness.com\/produkt\/career-profiling\/"]}]},{"@type":"ImageObject","inLanguage":"en-US","@id":"https:\/\/fidertas-awareness.com\/produkt\/career-profiling\/#primaryimage","url":"https:\/\/fidertas-awareness.com\/wp-content\/uploads\/2024\/08\/karriere-profiling-2.jpg","contentUrl":"https:\/\/fidertas-awareness.com\/wp-content\/uploads\/2024\/08\/karriere-profiling-2.jpg","width":1890,"height":1890,"caption":"Selbstsicher\u00a0und\u00a0stark im richtigen Job: Werde zu der Frau, die du schon immer im Spiegel sehen wolltest! Hole dir die Anerkennung\u00a0und den\u00a0Respekt\u00a0von Kollegen und Vorgesetzten,\u00a0den du verdient hast. INKLUSIVE einer 30-min\u00fctigen COACHING-SESSION!"},{"@type":"BreadcrumbList","@id":"https:\/\/fidertas-awareness.com\/produkt\/career-profiling\/#breadcrumb","itemListElement":[{"@type":"ListItem","position":1,"name":"Startseite","item":"https:\/\/fidertas-awareness.com\/"},{"@type":"ListItem","position":2,"name":"Shop","item":"https:\/\/fidertas-awareness.com\/shop\/"},{"@type":"ListItem","position":3,"name":"&#8222;Raus aus der Blase&#8220; &#8211; Career Profiling Kurs"}]},{"@type":"WebSite","@id":"https:\/\/fidertas-awareness.com\/#website","url":"https:\/\/fidertas-awareness.com\/","name":"Fidertas - Awareness","description":"","publisher":{"@id":"https:\/\/fidertas-awareness.com\/#organization"},"potentialAction":[{"@type":"SearchAction","target":{"@type":"EntryPoint","urlTemplate":"https:\/\/fidertas-awareness.com\/?s={search_term_string}"},"query-input":{"@type":"PropertyValueSpecification","valueRequired":true,"valueName":"search_term_string"}}],"inLanguage":"en-US"},{"@type":"Organization","@id":"https:\/\/fidertas-awareness.com\/#organization","name":"Fidertas - Awareness","url":"https:\/\/fidertas-awareness.com\/","logo":{"@type":"ImageObject","inLanguage":"en-US","@id":"https:\/\/fidertas-awareness.com\/#\/schema\/logo\/image\/","url":"https:\/\/fidertas-awareness.com\/wp-content\/uploads\/2023\/10\/cropped-Fidertas_Logo_RGB.png","contentUrl":"https:\/\/fidertas-awareness.com\/wp-content\/uploads\/2023\/10\/cropped-Fidertas_Logo_RGB.png","width":2160,"height":1181,"caption":"Fidertas - Awareness"},"image":{"@id":"https:\/\/fidertas-awareness.com\/#\/schema\/logo\/image\/"}}]}},"_links":{"self":[{"href":"https:\/\/fidertas-awareness.com\/en\/wp-json\/wp\/v2\/product\/8148","targetHints":{"allow":["GET"]}}],"collection":[{"href":"https:\/\/fidertas-awareness.com\/en\/wp-json\/wp\/v2\/product"}],"about":[{"href":"https:\/\/fidertas-awareness.com\/en\/wp-json\/wp\/v2\/types\/product"}],"replies":[{"embeddable":true,"href":"https:\/\/fidertas-awareness.com\/en\/wp-json\/wp\/v2\/comments?post=8148"}],"wp:featuredmedia":[{"embeddable":true,"href":"https:\/\/fidertas-awareness.com\/en\/wp-json\/wp\/v2\/media\/11313"}],"wp:attachment":[{"href":"https:\/\/fidertas-awareness.com\/en\/wp-json\/wp\/v2\/media?parent=8148"}],"wp:term":[{"taxonomy":"product_brand","embeddable":true,"href":"https:\/\/fidertas-awareness.com\/en\/wp-json\/wp\/v2\/product_brand?post=8148"},{"taxonomy":"product_cat","embeddable":true,"href":"https:\/\/fidertas-awareness.com\/en\/wp-json\/wp\/v2\/product_cat?post=8148"},{"taxonomy":"product_tag","embeddable":true,"href":"https:\/\/fidertas-awareness.com\/en\/wp-json\/wp\/v2\/product_tag?post=8148"}],"curies":[{"name":"wp","href":"https:\/\/api.w.org\/{rel}","templated":true}]}}