{"id":8150,"date":"2024-08-17T18:26:21","date_gmt":"2024-08-17T16:26:21","guid":{"rendered":"https:\/\/fidertas-awareness.com\/?post_type=product&#038;p=8150"},"modified":"2025-11-26T14:25:53","modified_gmt":"2025-11-26T13:25:53","slug":"liebe-im-einklang","status":"publish","type":"product","link":"https:\/\/fidertas-awareness.com\/en\/product\/liebe-im-einklang\/","title":{"rendered":"\u201cLove in Harmony\u201c \u2013 A Course for Fulfilling Relationships"},"content":{"rendered":"<h1 dir=\"ltr\">\u201cLove in Harmony\u201c \u2013 A Course for Fulfilling Relationships<\/h1>\n<h3 class=\"text-body font-regular leading-[24px] pt-[9px] pb-[2px]\" dir=\"ltr\"><span class=\"font-bold\"><b>Achtung<\/b>: Dieses Angebot ist nur ein Upgrade zum Angebot &#8222;Be unique, be different, be YOU&#8220;! Bitte kaufe zuerst dieses Angebot und dann &#8222;Liebe im Einklang&#8220;. Oder beide Kurse gleichzeitig.<\/span><\/h3>\n<hr \/>\n<h2 class=\"text-body font-regular leading-[24px] pt-[9px] pb-[2px]\" dir=\"ltr\"><span class=\"font-bold\"><b>Kennt ihr diese Probleme?<\/b><\/span><\/h2>\n<p class=\"text-body font-regular leading-[24px] pt-[9px] pb-[2px]\" dir=\"ltr\">\u274c H\u00e4ufige Missverst\u00e4ndnisse und Konflikte, die zu Frustration f\u00fchren<\/p>\n<p>\ud83d\udea8 Schwierigkeiten, die Bed\u00fcrfnisse und W\u00fcnsche des Partners zu verstehen<\/p>\n<p>\u274c Es mangelnd an Intimit\u00e4t und ihr seid emotional distanziert<\/p>\n<p>\ud83d\udea8 Ihr sp\u00fcrt unerf\u00fcllte Erwartungen, aber findet keine Basis f\u00fcr euer Gespr\u00e4ch<\/p>\n<p>\u274c Mangelndes Vertrauen und Unsicherheit innerhalb der Partnerschaft<\/p>\n<p>\ud83d\udea8 Ihr schafft es einfach nicht, konstruktiv \u00fcber Probleme zu sprechen<\/p>\n<p>\u274c Konflikte und ungel\u00f6ster Streit zu den immer gleichen Themen<\/p>\n<h2 class=\"text-body font-regular leading-[24px] pt-[9px] pb-[2px]\" dir=\"ltr\"><span class=\"font-bold\"><b>Das werdet ihr ver\u00e4ndern:<\/b><\/span><\/h2>\n<p class=\"text-body font-regular leading-[24px] pt-[9px] pb-[2px]\" dir=\"ltr\">\u2705 Zu einem besseren Verst\u00e4ndnis der individuellen Bed\u00fcrfnisse und Lebensmotive beider Partner kommen<\/p>\n<p>\ud83d\udc95 F\u00f6rdert eine tiefere emotionale Verbindung und Intimit\u00e4t<\/p>\n<p>\u2705 Identifiziert und \u00fcberwindet wiederkehrende Konfliktursachen<\/p>\n<p>\ud83d\udc95 Verbessert die Kommunikation und den Umgang miteinander<\/p>\n<p>\u2705 Schafft Raum f\u00fcr mehr gegenseitigen Respekt und Anerkennung<\/p>\n<p>\ud83d\udc95 Hilft, eine erf\u00fcllte und stabile Beziehung aufzubauen<\/p>\n<hr \/>\n<h2 class=\"text-body font-regular leading-[24px] pt-[9px] pb-[2px]\" dir=\"ltr\"><span class=\"font-bold\"><b>Das alles bekommt ihr:\u00a0<\/b><\/span><\/h2>\n<p class=\"text-body font-regular leading-[24px] pt-[9px] pb-[2px]\" dir=\"ltr\">\u2728 Modernes Workbook mit 143 Seiten in druckbarer und digital ausf\u00fcllbarer Version (als Download):<\/p>\n<p class=\"text-body font-regular leading-[24px] pt-[9px] pb-[2px]\" dir=\"ltr\"><span class=\"font-bold\"><b>Ihr habt ein umfangreiches und praktisches Tool, das euch Schritt f\u00fcr Schritt durch den Prozess begleitet. Das Workbook ist der treue Begleiter, um gemeinsam zu wachsen und voranzuschreiten.<\/b><\/span><\/p>\n<p class=\"text-body font-regular leading-[24px] pt-[9px] pb-[2px]\" dir=\"ltr\">\u2728\u00a0Hochwertige Pers\u00f6nlichkeitsdiagnostik\u00a0der 16 Lebensmotive deines Partners als PDF:<\/p>\n<p class=\"text-body font-regular leading-[24px] pt-[9px] pb-[2px]\" dir=\"ltr\"><span class=\"font-bold\"><b>Das Wissen um die Lebensmotive hilft Partnern, die tiefsten W\u00fcnsche und Bed\u00fcrfnisse des anderen zu erkennen und zu respektieren. Durch dieses Verst\u00e4ndnis k\u00f6nnen Missverst\u00e4ndnisse und Konflikte reduziert und eine tiefere emotionale Verbindung sowie Intimit\u00e4t gef\u00f6rdert werden.<\/b><\/span><\/p>\n<p class=\"text-body font-regular leading-[24px] pt-[9px] pb-[2px]\" dir=\"ltr\">\u2728 Detailed explanations for each part of the personality analyses:<\/p>\n<p class=\"text-body font-regular leading-[24px] pt-[9px] pb-[2px]\" dir=\"ltr\"><span class=\"font-bold\"><b>You&#039;ll gain a better understanding of your analysis results and receive practical tips for implementation. The knowledge will come alive and become applicable.<\/b><\/span><\/p>\n<p class=\"text-body font-regular leading-[24px] pt-[9px] pb-[2px]\" dir=\"ltr\">\u2728 0,5 Stunden voraufgezeichnetes Video-\/Audiomaterial:<\/p>\n<p class=\"text-body font-regular leading-[24px] pt-[9px] pb-[2px]\" dir=\"ltr\"><span class=\"font-bold\"><b>Ihr erhaltet zus\u00e4tzliches, tiefgehendes Wissen, das ihr bequem im eigenen Tempo konsumieren k\u00f6nnt. Ideal f\u00fcr unterwegs oder in ruhigen Momenten.<\/b><\/span><\/p>\n<p class=\"text-body font-regular leading-[24px] pt-[9px] pb-[2px]\" dir=\"ltr\">\u2728 Your purchase includes a valuable coaching session with Julia or Steffen (your choice):<\/p>\n<p class=\"text-body font-regular leading-[24px] pt-[9px] pb-[2px]\" dir=\"ltr\"><span class=\"font-bold\"><b>Diese 30 Minuten k\u00f6nnt ihr nutzen, um mit Steffen tiefer in die Profiling-Analysen einzusteigen, oder mit Julia innere Blockaden oder hinderliche Glaubenss\u00e4tze zu l\u00f6sen.\u00a0<\/b><\/span><\/p>\n<hr \/>\n<p class=\"text-body font-regular leading-[24px] pt-[9px] pb-[2px]\" dir=\"ltr\">After your purchase, you will receive your workbook. This document contains all explanations, exercises, and links to the videos. The videos were pre-recorded, and you can access the video\/audio recordings via the link.<\/p>\n<p class=\"text-body font-regular leading-[24px] pt-[9px] pb-[2px]\" dir=\"ltr\">Innerhalb von 14 Tagen schicken wir deinem Partner einen Link zum online Fragebogen f\u00fcr die Profiling-Analyse. F\u00fcr die Fragen sollte er sich ca. 30-45 Minuten Zeit nehmen. Er\/sie soll die Fragen ehrlich beantworten (so wie er\/sie sich selbst wahrnimmt und nicht andere eine Meinung zu ihm\/ihr haben). Danach wird die wissenschaftlich fundierte Pers\u00f6nlichkeitsanalyse erstellt.<\/p>\n<p class=\"text-body font-regular leading-[24px] pt-[9px] pb-[2px]\" dir=\"ltr\"><b>Please note<\/b>: Sobald online die erste Frage f\u00fcr die Pers\u00f6nlichkeitsanalyse beantwortet wurde, wird automatisch die Analyse erstellt. Selbst wenn du vom Kauf des Kurses zur\u00fccktrittst, m\u00fcssen wir dir die Kosten der Pers\u00f6nlichkeitsanalyse in Rechnung stellen.<\/p>\n<p dir=\"ltr\">To schedule your coaching session, please send us an email to info@fidertas.com.<\/p>\n<hr \/>\n<h4 class=\"text-body font-regular leading-[24px] pt-[9px] pb-[2px]\" dir=\"ltr\">Achtung:\u00a0Dieses Angebot ist nur ein Upgrade zum Angebot &#8222;Be unique, be different, be YOU&#8220;! Bitte kaufe zuerst dieses Angebot und dann &#8222;Liebe im Einklang&#8220;.<\/h4>\n<hr \/>\n<p class=\"text-body font-regular leading-[24px] pt-[9px] pb-[2px]\" dir=\"ltr\"><b><span class=\"font-bold\">Verpasst nicht die einmalige Chance, euer Leben positiv zu gestalten. <\/span><u><span class=\"font-bold underline underline-offset-4\">Order today!<\/span><\/u><span class=\"font-bold\">!\u00a0<\/span><\/b><\/p>\n<p>&nbsp;<\/p>\n<h4 class=\"text-body font-regular leading-[24px] pt-[9px] pb-[2px]\" dir=\"ltr\"><b>\ud835\udcd3\ud835\udcee\ud835\udcf2\ud835\udcf7\ud835\udcee \ud835\udcd9\ud835\udcfe\ud835\udcf5\ud835\udcf2\ud835\udcea &amp; \ud835\udced\ud835\udcee\ud835\udcf2\ud835\udcf7 \ud835\udce2\ud835\udcfd\ud835\udcee\ud835\udcef\ud835\udcef\ud835\udcee\ud835\udcf7<\/b><\/h4>\n<p dir=\"ltr\">Please note our <a href=\"https:\/\/fidertas-awareness.com\/en\/disclaimer\/\">Disclaimer for medical and therapeutic cases<\/a>.<\/p>\n<p><strong>NOTE: The courses and all course materials (especially workbooks, documents, and videos) are provided exclusively in German. They are not available in other languages.<\/strong><\/p>","protected":false},"excerpt":{"rendered":"<p class=\"text-body font-regular leading-[24px] pt-[9px] pb-[2px]\" dir=\"ltr\"><strong><span class=\"font-bold\">Mehr Tiefe und Erf\u00fcllung mit deinem Partner \/ deiner Partnerin!<\/span><\/strong><\/p>\n<p class=\"text-body font-regular leading-[24px] pt-[9px] pb-[2px]\" dir=\"ltr\">Meistere deine \u00c4ngste und Zweifel, um ein\u00a0<b>freies<\/b>\u00a0and\u00a0<b>selbstbewusstes Leben<\/b>\u00a0zu f\u00fchren.<\/p>\n<p dir=\"ltr\">INCLUDES a 30-minute COACHING SESSION!<\/p>\n<p>Note: Workbooks and videos are only available in German.<\/p>","protected":false},"featured_media":11311,"comment_status":"open","ping_status":"closed","template":"","meta":{"_acf_changed":false},"product_brand":[],"product_cat":[41],"product_tag":[],"class_list":{"0":"post-8150","1":"product","2":"type-product","3":"status-publish","4":"has-post-thumbnail","6":"product_cat-beziehung-partnerschaft-shop","8":"first","9":"instock","10":"virtual","11":"taxable","12":"purchasable","13":"product-type-simple"},"acf":[],"yoast_head":"<!-- This site is optimized with the Yoast SEO Premium plugin v23.1 (Yoast SEO v26.6) - https:\/\/yoast.com\/wordpress\/plugins\/seo\/ -->\n<title>\u201cLiebe im Einklang&quot; - Kurs f\u00fcr erf\u00fcllte Zweisamkeit FIDERTAS<\/title>\n<meta name=\"description\" content=\"Wir bieten dir die einmalige Chance, nicht nur dich selbst besser kennenzulernen, sondern auch deinen Lebenspartner. Startet jetzt!\" \/>\n<meta name=\"robots\" content=\"index, follow, max-snippet:-1, max-image-preview:large, max-video-preview:-1\" \/>\n<link rel=\"canonical\" href=\"https:\/\/fidertas-awareness.com\/en\/produkt\/liebe-im-einklang\/\" \/>\n<meta property=\"og:locale\" content=\"en_US\" \/>\n<meta property=\"og:type\" content=\"article\" \/>\n<meta property=\"og:title\" content=\"\u201cLiebe im Einklang&quot; - Kurs f\u00fcr erf\u00fcllte Zweisamkeit\" \/>\n<meta property=\"og:description\" content=\"Wir bieten dir die einmalige Chance, nicht nur dich selbst besser kennenzulernen, sondern auch deinen Lebenspartner. Startet jetzt!\" \/>\n<meta property=\"og:url\" content=\"https:\/\/fidertas-awareness.com\/en\/produkt\/liebe-im-einklang\/\" \/>\n<meta property=\"og:site_name\" content=\"Fidertas - Awareness\" \/>\n<meta property=\"article:modified_time\" content=\"2025-11-26T13:25:53+00:00\" \/>\n<meta property=\"og:image\" content=\"https:\/\/fidertas-awareness.com\/wp-content\/uploads\/2024\/08\/liebe-im-einklang-1.jpg\" \/>\n\t<meta property=\"og:image:width\" content=\"1890\" \/>\n\t<meta property=\"og:image:height\" content=\"1890\" \/>\n\t<meta property=\"og:image:type\" content=\"image\/jpeg\" \/>\n<meta name=\"twitter:card\" content=\"summary_large_image\" \/>\n<meta name=\"twitter:label1\" content=\"Est. reading time\" \/>\n\t<meta name=\"twitter:data1\" content=\"4 minutes\" \/>\n<script type=\"application\/ld+json\" class=\"yoast-schema-graph\">{\"@context\":\"https:\/\/schema.org\",\"@graph\":[{\"@type\":\"WebPage\",\"@id\":\"https:\/\/fidertas-awareness.com\/produkt\/liebe-im-einklang\/\",\"url\":\"https:\/\/fidertas-awareness.com\/produkt\/liebe-im-einklang\/\",\"name\":\"\u201cLiebe im Einklang\\\" - Kurs f\u00fcr erf\u00fcllte Zweisamkeit FIDERTAS\",\"isPartOf\":{\"@id\":\"https:\/\/fidertas-awareness.com\/#website\"},\"primaryImageOfPage\":{\"@id\":\"https:\/\/fidertas-awareness.com\/produkt\/liebe-im-einklang\/#primaryimage\"},\"image\":{\"@id\":\"https:\/\/fidertas-awareness.com\/produkt\/liebe-im-einklang\/#primaryimage\"},\"thumbnailUrl\":\"https:\/\/fidertas-awareness.com\/wp-content\/uploads\/2024\/08\/liebe-im-einklang-1.jpg\",\"datePublished\":\"2024-08-17T16:26:21+00:00\",\"dateModified\":\"2025-11-26T13:25:53+00:00\",\"description\":\"Wir bieten dir die einmalige Chance, nicht nur dich selbst besser kennenzulernen, sondern auch deinen Lebenspartner. Startet jetzt!\",\"breadcrumb\":{\"@id\":\"https:\/\/fidertas-awareness.com\/produkt\/liebe-im-einklang\/#breadcrumb\"},\"inLanguage\":\"en-US\",\"potentialAction\":[{\"@type\":\"ReadAction\",\"target\":[\"https:\/\/fidertas-awareness.com\/produkt\/liebe-im-einklang\/\"]}]},{\"@type\":\"ImageObject\",\"inLanguage\":\"en-US\",\"@id\":\"https:\/\/fidertas-awareness.com\/produkt\/liebe-im-einklang\/#primaryimage\",\"url\":\"https:\/\/fidertas-awareness.com\/wp-content\/uploads\/2024\/08\/liebe-im-einklang-1.jpg\",\"contentUrl\":\"https:\/\/fidertas-awareness.com\/wp-content\/uploads\/2024\/08\/liebe-im-einklang-1.jpg\",\"width\":1890,\"height\":1890,\"caption\":\"Mehr Tiefe und Erf\u00fcllung mit deinem Partner \/ deiner Partnerin! Meistere deine \u00c4ngste und Zweifel, um ein\u00a0freies\u00a0und\u00a0selbstbewusstes Leben\u00a0zu f\u00fchren. INKLUSIVE einer 30-min\u00fctigen COACHING-SESSION!\"},{\"@type\":\"BreadcrumbList\",\"@id\":\"https:\/\/fidertas-awareness.com\/produkt\/liebe-im-einklang\/#breadcrumb\",\"itemListElement\":[{\"@type\":\"ListItem\",\"position\":1,\"name\":\"Startseite\",\"item\":\"https:\/\/fidertas-awareness.com\/\"},{\"@type\":\"ListItem\",\"position\":2,\"name\":\"Shop\",\"item\":\"https:\/\/fidertas-awareness.com\/shop\/\"},{\"@type\":\"ListItem\",\"position\":3,\"name\":\"\u201cLiebe im Einklang&#8220; &#8211; Kurs f\u00fcr erf\u00fcllte Zweisamkeit\"}]},{\"@type\":\"WebSite\",\"@id\":\"https:\/\/fidertas-awareness.com\/#website\",\"url\":\"https:\/\/fidertas-awareness.com\/\",\"name\":\"Fidertas - Awareness\",\"description\":\"\",\"publisher\":{\"@id\":\"https:\/\/fidertas-awareness.com\/#organization\"},\"potentialAction\":[{\"@type\":\"SearchAction\",\"target\":{\"@type\":\"EntryPoint\",\"urlTemplate\":\"https:\/\/fidertas-awareness.com\/?s={search_term_string}\"},\"query-input\":{\"@type\":\"PropertyValueSpecification\",\"valueRequired\":true,\"valueName\":\"search_term_string\"}}],\"inLanguage\":\"en-US\"},{\"@type\":\"Organization\",\"@id\":\"https:\/\/fidertas-awareness.com\/#organization\",\"name\":\"Fidertas - Awareness\",\"url\":\"https:\/\/fidertas-awareness.com\/\",\"logo\":{\"@type\":\"ImageObject\",\"inLanguage\":\"en-US\",\"@id\":\"https:\/\/fidertas-awareness.com\/#\/schema\/logo\/image\/\",\"url\":\"https:\/\/fidertas-awareness.com\/wp-content\/uploads\/2023\/10\/cropped-Fidertas_Logo_RGB.png\",\"contentUrl\":\"https:\/\/fidertas-awareness.com\/wp-content\/uploads\/2023\/10\/cropped-Fidertas_Logo_RGB.png\",\"width\":2160,\"height\":1181,\"caption\":\"Fidertas - Awareness\"},\"image\":{\"@id\":\"https:\/\/fidertas-awareness.com\/#\/schema\/logo\/image\/\"}}]}<\/script>\n<!-- \/ Yoast SEO Premium plugin. -->","yoast_head_json":{"title":"\u201cLiebe im Einklang\" - Kurs f\u00fcr erf\u00fcllte Zweisamkeit FIDERTAS","description":"Wir bieten dir die einmalige Chance, nicht nur dich selbst besser kennenzulernen, sondern auch deinen Lebenspartner. Startet jetzt!","robots":{"index":"index","follow":"follow","max-snippet":"max-snippet:-1","max-image-preview":"max-image-preview:large","max-video-preview":"max-video-preview:-1"},"canonical":"https:\/\/fidertas-awareness.com\/en\/produkt\/liebe-im-einklang\/","og_locale":"en_US","og_type":"article","og_title":"\u201cLiebe im Einklang\" - Kurs f\u00fcr erf\u00fcllte Zweisamkeit","og_description":"Wir bieten dir die einmalige Chance, nicht nur dich selbst besser kennenzulernen, sondern auch deinen Lebenspartner. Startet jetzt!","og_url":"https:\/\/fidertas-awareness.com\/en\/produkt\/liebe-im-einklang\/","og_site_name":"Fidertas - Awareness","article_modified_time":"2025-11-26T13:25:53+00:00","og_image":[{"width":1890,"height":1890,"url":"https:\/\/fidertas-awareness.com\/wp-content\/uploads\/2024\/08\/liebe-im-einklang-1.jpg","type":"image\/jpeg"}],"twitter_card":"summary_large_image","twitter_misc":{"Est. reading time":"4 minutes"},"schema":{"@context":"https:\/\/schema.org","@graph":[{"@type":"WebPage","@id":"https:\/\/fidertas-awareness.com\/produkt\/liebe-im-einklang\/","url":"https:\/\/fidertas-awareness.com\/produkt\/liebe-im-einklang\/","name":"\u201cLiebe im Einklang\" - Kurs f\u00fcr erf\u00fcllte Zweisamkeit FIDERTAS","isPartOf":{"@id":"https:\/\/fidertas-awareness.com\/#website"},"primaryImageOfPage":{"@id":"https:\/\/fidertas-awareness.com\/produkt\/liebe-im-einklang\/#primaryimage"},"image":{"@id":"https:\/\/fidertas-awareness.com\/produkt\/liebe-im-einklang\/#primaryimage"},"thumbnailUrl":"https:\/\/fidertas-awareness.com\/wp-content\/uploads\/2024\/08\/liebe-im-einklang-1.jpg","datePublished":"2024-08-17T16:26:21+00:00","dateModified":"2025-11-26T13:25:53+00:00","description":"Wir bieten dir die einmalige Chance, nicht nur dich selbst besser kennenzulernen, sondern auch deinen Lebenspartner. Startet jetzt!","breadcrumb":{"@id":"https:\/\/fidertas-awareness.com\/produkt\/liebe-im-einklang\/#breadcrumb"},"inLanguage":"en-US","potentialAction":[{"@type":"ReadAction","target":["https:\/\/fidertas-awareness.com\/produkt\/liebe-im-einklang\/"]}]},{"@type":"ImageObject","inLanguage":"en-US","@id":"https:\/\/fidertas-awareness.com\/produkt\/liebe-im-einklang\/#primaryimage","url":"https:\/\/fidertas-awareness.com\/wp-content\/uploads\/2024\/08\/liebe-im-einklang-1.jpg","contentUrl":"https:\/\/fidertas-awareness.com\/wp-content\/uploads\/2024\/08\/liebe-im-einklang-1.jpg","width":1890,"height":1890,"caption":"Mehr Tiefe und Erf\u00fcllung mit deinem Partner \/ deiner Partnerin! Meistere deine \u00c4ngste und Zweifel, um ein\u00a0freies\u00a0und\u00a0selbstbewusstes Leben\u00a0zu f\u00fchren. INKLUSIVE einer 30-min\u00fctigen COACHING-SESSION!"},{"@type":"BreadcrumbList","@id":"https:\/\/fidertas-awareness.com\/produkt\/liebe-im-einklang\/#breadcrumb","itemListElement":[{"@type":"ListItem","position":1,"name":"Startseite","item":"https:\/\/fidertas-awareness.com\/"},{"@type":"ListItem","position":2,"name":"Shop","item":"https:\/\/fidertas-awareness.com\/shop\/"},{"@type":"ListItem","position":3,"name":"\u201cLiebe im Einklang&#8220; &#8211; Kurs f\u00fcr erf\u00fcllte Zweisamkeit"}]},{"@type":"WebSite","@id":"https:\/\/fidertas-awareness.com\/#website","url":"https:\/\/fidertas-awareness.com\/","name":"Fidertas - Awareness","description":"","publisher":{"@id":"https:\/\/fidertas-awareness.com\/#organization"},"potentialAction":[{"@type":"SearchAction","target":{"@type":"EntryPoint","urlTemplate":"https:\/\/fidertas-awareness.com\/?s={search_term_string}"},"query-input":{"@type":"PropertyValueSpecification","valueRequired":true,"valueName":"search_term_string"}}],"inLanguage":"en-US"},{"@type":"Organization","@id":"https:\/\/fidertas-awareness.com\/#organization","name":"Fidertas - Awareness","url":"https:\/\/fidertas-awareness.com\/","logo":{"@type":"ImageObject","inLanguage":"en-US","@id":"https:\/\/fidertas-awareness.com\/#\/schema\/logo\/image\/","url":"https:\/\/fidertas-awareness.com\/wp-content\/uploads\/2023\/10\/cropped-Fidertas_Logo_RGB.png","contentUrl":"https:\/\/fidertas-awareness.com\/wp-content\/uploads\/2023\/10\/cropped-Fidertas_Logo_RGB.png","width":2160,"height":1181,"caption":"Fidertas - Awareness"},"image":{"@id":"https:\/\/fidertas-awareness.com\/#\/schema\/logo\/image\/"}}]}},"_links":{"self":[{"href":"https:\/\/fidertas-awareness.com\/en\/wp-json\/wp\/v2\/product\/8150","targetHints":{"allow":["GET"]}}],"collection":[{"href":"https:\/\/fidertas-awareness.com\/en\/wp-json\/wp\/v2\/product"}],"about":[{"href":"https:\/\/fidertas-awareness.com\/en\/wp-json\/wp\/v2\/types\/product"}],"replies":[{"embeddable":true,"href":"https:\/\/fidertas-awareness.com\/en\/wp-json\/wp\/v2\/comments?post=8150"}],"wp:featuredmedia":[{"embeddable":true,"href":"https:\/\/fidertas-awareness.com\/en\/wp-json\/wp\/v2\/media\/11311"}],"wp:attachment":[{"href":"https:\/\/fidertas-awareness.com\/en\/wp-json\/wp\/v2\/media?parent=8150"}],"wp:term":[{"taxonomy":"product_brand","embeddable":true,"href":"https:\/\/fidertas-awareness.com\/en\/wp-json\/wp\/v2\/product_brand?post=8150"},{"taxonomy":"product_cat","embeddable":true,"href":"https:\/\/fidertas-awareness.com\/en\/wp-json\/wp\/v2\/product_cat?post=8150"},{"taxonomy":"product_tag","embeddable":true,"href":"https:\/\/fidertas-awareness.com\/en\/wp-json\/wp\/v2\/product_tag?post=8150"}],"curies":[{"name":"wp","href":"https:\/\/api.w.org\/{rel}","templated":true}]}}