{"id":8330,"date":"2024-08-20T09:18:38","date_gmt":"2024-08-20T07:18:38","guid":{"rendered":"https:\/\/fidertas-awareness.com\/?post_type=product&#038;p=8330"},"modified":"2025-10-03T09:51:43","modified_gmt":"2025-10-03T07:51:43","slug":"einzelcoaching-innere-staerke","status":"publish","type":"product","link":"https:\/\/fidertas-awareness.com\/en\/product\/einzelcoaching-innere-staerke\/","title":{"rendered":"Discover your power and inner strength with our coaching \u2013 simply be YOU (45 min)"},"content":{"rendered":"<p style=\"font-weight: 400;\"><b><strong>Kommt dir eine der folgenden Situationen bekannt vor?<\/strong><\/b><em><br \/>\n<\/em><\/p>\n<p style=\"font-weight: 400;\"><em>&#8212;&#8212;&#8212;&#8212;&#8212;&#8212;&#8212;&#8212;&#8212;&#8212;&#8212;&#8212;&#8212;&#8212;&#8212;&#8212;&#8212;&#8212;&#8212;&#8212;&#8212;&#8212;<\/em><\/p>\n<p style=\"font-weight: 400;\"><em>Liebes Tagebuch,<\/em><\/p>\n<p><em>heute war wieder so ein Tag, an dem ich mich einfach nur\u00a0<b><strong>klein und unbedeutend<\/strong><\/b>\u00a0gef\u00fchlt habe. Die\u00a0<b><strong>Konflikte auf der Arbeit<\/strong><\/b>\u00a0setzen mir zu. Ich wei\u00df einfach nicht, wie ich mich selbstbewusst durchsetzen soll, ohne dass ich\u00a0<b><strong>\u00fcbergangen werde<\/strong><\/b>.<\/em><\/p>\n<p style=\"font-weight: 400;\"><em>Ich f\u00fchle mich st\u00e4ndig\u00a0<b><strong>unsicher und habe Angst<\/strong><\/b>, nicht respektiert zu werden. Mein Selbstwertgef\u00fchl scheint komplett im Keller zu sein.\u00a0<\/em><\/p>\n<p>&nbsp;<\/p>\n<p><em><span style=\"font-weight: var(--bs-body-font-weight);\">Ich sehe all diese starken, selbstsicheren Frauen um mich herum und frage mich,\u00a0<\/span><b><strong>warum ich das nicht auch kann<\/strong><\/b><span style=\"font-weight: var(--bs-body-font-weight);\">. Warum kann ich nicht einfach zu mir stehen und meine Meinung vertreten, ohne Angst vor Ablehnung zu haben? Es frustriert mich so sehr.<\/span><\/em><\/p>\n<p><em><span style=\"font-weight: var(--bs-body-font-weight);\">Hinzu kommen die st\u00e4ndigen\u00a0<\/span><b><strong>Missverst\u00e4ndnisse in meiner Partnerschaft<\/strong><\/b><span style=\"font-weight: var(--bs-body-font-weight);\">. Ich sehne mich nach Harmonie und Verst\u00e4ndnis, aber es f\u00fchlt sich oft an, als ob wir aneinander vorbeireden.\u00a0<\/span><\/em><\/p>\n<p>&nbsp;<\/p>\n<p><em>U<\/em><em>nd dann ist da noch der\u00a0<b><strong>anhaltende Konflikt mit meiner Mutter<\/strong><\/b>. Unser Verh\u00e4ltnis hat sich im Laufe der Jahre immer weiter verschlechtert. Ich wei\u00df nicht, wie ich das im Erwachsenenalter noch l\u00f6sen soll&#8230;<\/em><\/p>\n<p><em>&#8212;&#8212;&#8212;&#8212;&#8212;&#8212;&#8212;&#8212;&#8212;&#8212;&#8212;&#8212;&#8212;&#8212;&#8212;&#8212;&#8212;&#8212;&#8212;&#8212;&#8212;&#8212;<\/em><\/p>\n<h2><b><strong>Problems that many women struggle with:<\/strong><\/b><\/h2>\n<p>\u274c Unsicherer Umgang mit Konflikten<\/p>\n<p>\ud83d\udea8 Geringes Selbstwertgef\u00fchl<\/p>\n<p>\u274c Gef\u00fchl, fremdbestimmt zu sein (Arbeit, Familie, Partnerschaft, Freunde&#8230;)<\/p>\n<p>\ud83d\udea8 Verlorene Leidenschaft und Lebensfreude<\/p>\n<p>\u274c Negatives K\u00f6rperbild<\/p>\n<p>\ud83d\udea8 Emotionale Blockaden aus der Kindheit<\/p>\n<p>\u274c Schwieriges Mutter-Tochter-Verh\u00e4ltnis im Erwachsenenalter<\/p>\n<p>&nbsp;<\/p>\n<h2><b><strong>Unser 1:1 Coaching hilft dir:<\/strong><\/b><\/h2>\n<p>\u2705 To confidently master conflicts and strengthen your self-esteem.<\/p>\n<p>\ud83d\udc95 Letting go of emotional blocks and experiences from the past.<\/p>\n<p>\u2705 To achieve a fulfilling professional career and personal happiness.<\/p>\n<p>\ud83d\udc95 To know your true values and live by them.<\/p>\n<p>\u2705 To act independently and autonomously.<\/p>\n<p>\ud83d\udc95 To be heard, respected, and appreciated.<\/p>\n<hr \/>\n<h2><b><strong>Enthusiastic customer reviews:<\/strong><\/b><\/h2>\n<p>\ud83d\ude4b\u200d\u2640\ufe0f\u00a0<em>It was a truly amazing experience with Steffen and Julia! I actually thought I knew myself pretty well, but these two opened my eyes to completely new perspectives. I discovered sides of myself that I hadn&#039;t seen before.\u00a0<\/em><\/p>\n<p><em>Sie sind super professionell und dabei trotzdem total menschlich und herzlich. Das hat mir geholfen, mich wirklich zu verbessern, und zwar nicht nur bei der Arbeit, sondern auch privat, zum Beispiel in meinen Beziehungen und meiner Kommunikation mit anderen.<\/em><\/p>\n<p>\u270d\ud83c\udffb\u00a0\u00a0<em style=\"font-weight: var(--bs-body-font-weight);\">J<\/em><em style=\"font-weight: var(--bs-body-font-weight);\">ulia hat mir als Coach auf beeindruckende Weise geholfen, tiefsitzende Glaubenss\u00e4tze zu erkennen und zu l\u00f6sen. Ihre einf\u00fchlsame und zugleich zielgerichtete Vorgehensweise hat es mir erm\u00f6glicht, mich selbst neu zu entdecken und innerlich zu wachsen.\u00a0<\/em><\/p>\n<p><em style=\"font-weight: var(--bs-body-font-weight);\">Her ability to create a trusting and supportive atmosphere has greatly helped me to overcome my doubts and unleash my true strength.\u00a0 \u00a0\u00a0\u00a0<\/em><\/p>\n<p><span style=\"font-weight: var(--bs-body-font-weight);\">\u2b50\ufe0f\u00a0<\/span><em>The coaching topics are relevant and on-trend. Fidertas&#039; personal support and professional approach are highly convincing. Highly recommended!<\/em><\/p>\n<hr \/>\n<h2><b>Frequently Asked Questions:<\/b><\/h2>\n<div>\u2753\u00a0<b>How long will it take before I see results?<\/b><br \/>\nViele unserer Kunden berichten, dass sie schon nach der ersten Session positive Ver\u00e4nderungen bemerken. Aber um langfristig Erfolg zu haben, spielen mehrere Dinge eine Rolle. Zum Beispiel, wie sehr jemand sich \u00e4ndern m\u00f6chte und wie intensiv das Coaching ist.<\/div>\n<div>\u2014<\/div>\n<div>\u2753<b>\u00a0Is online coaching possible?<\/b><br \/>\nJa, wir bieten ausschlie\u00dflich Online-Coaching an. Dies erm\u00f6glicht es uns, flexibler auf die Zeitpl\u00e4ne unserer Kunden einzugehen und bietet zeitliche Vorteile f\u00fcr beide Seiten.<\/div>\n<div>\u2014<\/div>\n<div>\u2753\u00a0<b>Was macht euer Coaching einzigartig?<\/b><br \/>\nUnser Coaching ist speziell auf die Bed\u00fcrfnisse von Frauen zugeschnitten und kombiniert bew\u00e4hrte Methoden mit praktischen \u00dcbungen. Ihr k\u00f6nnt euch flexibel aussuchen, ob ihr mit Steffen \u00fcber berufliche Themen reden wollt. Oder mit Julia schwierige Situationen aus der Vergangenheit l\u00f6st.<\/div>\n<div>\u2014<\/div>\n<div>\u2753\u00a0<b>How do you deal with emotional blocks and childhood experiences?<\/b><br \/>\nAs a certified coach, Julia specializes in identifying and working through deeply rooted emotional blocks and limiting beliefs with you. (Disclaimer: In cases of severe trauma, please consult a therapist or psychologist.)<\/div>\n<div>\u2014<\/div>\n<div>\u2753\u00a0<b><strong>Wie lange dauert das Coaching und mit wem habe ich die Session?<\/strong><\/b><br \/>\nDu kaufst hiermit 1 Einzelsession mit 45 Minuten. Du kannst frei w\u00e4hlen, ob du das Coaching mit Julia oder Steffen haben m\u00f6chtest.<\/div>\n<div>\u2014<\/div>\n<div>\u2753\u00a0<b>What happens after the purchase?<\/b><br \/>\nWe will arrange the first appointment via email.<\/div>\n<hr \/>\n<p><b><strong>Don&#039;t miss this unique opportunity to turn your life around for the better.\u00a0<u>Order today<\/u>!\u00a0Wir freuen uns auf die Coachings-Sessions mit dir.<\/strong><\/b><\/p>\n<p>&nbsp;<\/p>\n<h4>\ud835\udcd3\ud835\udcee\ud835\udcf2\ud835\udcf7\ud835\udcee \ud835\udcd9\ud835\udcfe\ud835\udcf5\ud835\udcf2\ud835\udcea &amp; \ud835\udced\ud835\udcee\ud835\udcf2\ud835\udcf7 \ud835\udce2\ud835\udcfd\ud835\udcee\ud835\udcef\ud835\udcef\ud835\udcee\ud835\udcf7<em><br \/>\n<\/em><b><strong><br \/>\n<\/strong><\/b><\/h4>\n<p>&nbsp;<\/p>\n<p>Please note our <a href=\"https:\/\/fidertas-awareness.com\/en\/disclaimer\/\">Disclaimer for medical and therapeutic cases<\/a>.<\/p>\n<p class=\"text-body font-regular leading-[24px] pt-[9px] pb-[2px]\" dir=\"ltr\"><strong>Note \/ Disclaimer regarding the number of meetings and chances of success:<\/strong><\/p>\n<p class=\"text-body font-regular leading-[24px] pt-[9px] pb-[2px]\" dir=\"ltr\">Coaching is an individual process that requires time, commitment, and patience. Please note that deeply rooted blocks and long-standing behavioral patterns cannot usually be completely resolved within just a few sessions. Even if initial positive changes are often noticeable after a short time, a sustainable and profound transformation usually requires several sessions and ongoing reflection. The duration and success of the process depend on the individual situation, goals, and willingness to change. For this reason, no guarantees can be given regarding the number of sessions required or the outcome.<\/p>","protected":false},"excerpt":{"rendered":"<p><b><i>Entfessle deine<\/i><\/b><i><b>\u00a0<\/b><b>inner strength<\/b><b>\u00a0und meistere Konflikte mit\u00a0<\/b><strong>Selbstbewusstsein!<\/strong><\/i><\/p>\n<p>Our <b>Coaching<\/b>\u00a0hilft dir, deinen\u00a0<b>self-esteem\u00a0<\/b>\u00a0<b>zu st\u00e4rken<\/b>,\u00a0emotionale\u00a0<b>Blockaden zu l\u00f6sen<\/b>\u00a0und ein\u00a0<b>A fulfilled life<\/b>\u00a0zu f\u00fchren.<\/p>","protected":false},"featured_media":8331,"comment_status":"open","ping_status":"closed","template":"","meta":{"_acf_changed":false},"product_brand":[],"product_cat":[41,40,111],"product_tag":[],"class_list":{"0":"post-8330","1":"product","2":"type-product","3":"status-publish","4":"has-post-thumbnail","6":"product_cat-beziehung-partnerschaft-shop","7":"product_cat-karriere-beruf-shop","8":"product_cat-teste-dich-persoenlichkeitstest-persoenlichkeitsanalyse-shop","10":"first","11":"instock","12":"virtual","13":"taxable","14":"purchasable","15":"product-type-simple"},"acf":[],"yoast_head":"<!-- This site is optimized with the Yoast SEO Premium plugin v23.1 (Yoast SEO v26.6) - https:\/\/yoast.com\/wordpress\/plugins\/seo\/ -->\n<title>Entdecke mit unserem Life Coaching deine innere St\u00e4rke - sei DU!<\/title>\n<meta name=\"description\" content=\"Es ist an der Zeit, dich selbst zu entdecken und die Vergangenheit hinter dir zu lassen. Erfahre, wie du Selbstsicherheit aufbaust.\" \/>\n<meta name=\"robots\" content=\"index, follow, max-snippet:-1, max-image-preview:large, max-video-preview:-1\" \/>\n<link rel=\"canonical\" href=\"https:\/\/fidertas-awareness.com\/en\/produkt\/einzelcoaching-innere-staerke\/\" \/>\n<meta property=\"og:locale\" content=\"en_US\" \/>\n<meta property=\"og:type\" content=\"article\" \/>\n<meta property=\"og:title\" content=\"Entdecke mit unserem Coaching deine Kraft und innere St\u00e4rke - sei einfach DU (45 min)\" \/>\n<meta property=\"og:description\" content=\"Es ist an der Zeit, dich selbst zu entdecken und die Vergangenheit hinter dir zu lassen. Erfahre, wie du Selbstsicherheit aufbaust.\" \/>\n<meta property=\"og:url\" content=\"https:\/\/fidertas-awareness.com\/en\/produkt\/einzelcoaching-innere-staerke\/\" \/>\n<meta property=\"og:site_name\" content=\"Fidertas - Awareness\" \/>\n<meta property=\"article:modified_time\" content=\"2025-10-03T07:51:43+00:00\" \/>\n<meta property=\"og:image\" content=\"https:\/\/fidertas-awareness.com\/wp-content\/uploads\/2024\/08\/2024-08-Einzelcoachings.jpg\" \/>\n\t<meta property=\"og:image:width\" content=\"1890\" \/>\n\t<meta property=\"og:image:height\" content=\"1890\" \/>\n\t<meta property=\"og:image:type\" content=\"image\/jpeg\" \/>\n<meta name=\"twitter:card\" content=\"summary_large_image\" \/>\n<meta name=\"twitter:label1\" content=\"Est. reading time\" \/>\n\t<meta name=\"twitter:data1\" content=\"5 minutes\" \/>\n<script type=\"application\/ld+json\" class=\"yoast-schema-graph\">{\"@context\":\"https:\/\/schema.org\",\"@graph\":[{\"@type\":\"WebPage\",\"@id\":\"https:\/\/fidertas-awareness.com\/produkt\/einzelcoaching-innere-staerke\/\",\"url\":\"https:\/\/fidertas-awareness.com\/produkt\/einzelcoaching-innere-staerke\/\",\"name\":\"Entdecke mit unserem Life Coaching deine innere St\u00e4rke - sei DU!\",\"isPartOf\":{\"@id\":\"https:\/\/fidertas-awareness.com\/#website\"},\"primaryImageOfPage\":{\"@id\":\"https:\/\/fidertas-awareness.com\/produkt\/einzelcoaching-innere-staerke\/#primaryimage\"},\"image\":{\"@id\":\"https:\/\/fidertas-awareness.com\/produkt\/einzelcoaching-innere-staerke\/#primaryimage\"},\"thumbnailUrl\":\"https:\/\/fidertas-awareness.com\/wp-content\/uploads\/2024\/08\/2024-08-Einzelcoachings.jpg\",\"datePublished\":\"2024-08-20T07:18:38+00:00\",\"dateModified\":\"2025-10-03T07:51:43+00:00\",\"description\":\"Es ist an der Zeit, dich selbst zu entdecken und die Vergangenheit hinter dir zu lassen. Erfahre, wie du Selbstsicherheit aufbaust.\",\"breadcrumb\":{\"@id\":\"https:\/\/fidertas-awareness.com\/produkt\/einzelcoaching-innere-staerke\/#breadcrumb\"},\"inLanguage\":\"en-US\",\"potentialAction\":[{\"@type\":\"ReadAction\",\"target\":[\"https:\/\/fidertas-awareness.com\/produkt\/einzelcoaching-innere-staerke\/\"]}]},{\"@type\":\"ImageObject\",\"inLanguage\":\"en-US\",\"@id\":\"https:\/\/fidertas-awareness.com\/produkt\/einzelcoaching-innere-staerke\/#primaryimage\",\"url\":\"https:\/\/fidertas-awareness.com\/wp-content\/uploads\/2024\/08\/2024-08-Einzelcoachings.jpg\",\"contentUrl\":\"https:\/\/fidertas-awareness.com\/wp-content\/uploads\/2024\/08\/2024-08-Einzelcoachings.jpg\",\"width\":1890,\"height\":1890},{\"@type\":\"BreadcrumbList\",\"@id\":\"https:\/\/fidertas-awareness.com\/produkt\/einzelcoaching-innere-staerke\/#breadcrumb\",\"itemListElement\":[{\"@type\":\"ListItem\",\"position\":1,\"name\":\"Startseite\",\"item\":\"https:\/\/fidertas-awareness.com\/\"},{\"@type\":\"ListItem\",\"position\":2,\"name\":\"Shop\",\"item\":\"https:\/\/fidertas-awareness.com\/shop\/\"},{\"@type\":\"ListItem\",\"position\":3,\"name\":\"Entdecke mit unserem Coaching deine Kraft und innere St\u00e4rke &#8211; sei einfach DU (45 min)\"}]},{\"@type\":\"WebSite\",\"@id\":\"https:\/\/fidertas-awareness.com\/#website\",\"url\":\"https:\/\/fidertas-awareness.com\/\",\"name\":\"Fidertas - Awareness\",\"description\":\"\",\"publisher\":{\"@id\":\"https:\/\/fidertas-awareness.com\/#organization\"},\"potentialAction\":[{\"@type\":\"SearchAction\",\"target\":{\"@type\":\"EntryPoint\",\"urlTemplate\":\"https:\/\/fidertas-awareness.com\/?s={search_term_string}\"},\"query-input\":{\"@type\":\"PropertyValueSpecification\",\"valueRequired\":true,\"valueName\":\"search_term_string\"}}],\"inLanguage\":\"en-US\"},{\"@type\":\"Organization\",\"@id\":\"https:\/\/fidertas-awareness.com\/#organization\",\"name\":\"Fidertas - Awareness\",\"url\":\"https:\/\/fidertas-awareness.com\/\",\"logo\":{\"@type\":\"ImageObject\",\"inLanguage\":\"en-US\",\"@id\":\"https:\/\/fidertas-awareness.com\/#\/schema\/logo\/image\/\",\"url\":\"https:\/\/fidertas-awareness.com\/wp-content\/uploads\/2023\/10\/cropped-Fidertas_Logo_RGB.png\",\"contentUrl\":\"https:\/\/fidertas-awareness.com\/wp-content\/uploads\/2023\/10\/cropped-Fidertas_Logo_RGB.png\",\"width\":2160,\"height\":1181,\"caption\":\"Fidertas - Awareness\"},\"image\":{\"@id\":\"https:\/\/fidertas-awareness.com\/#\/schema\/logo\/image\/\"}}]}<\/script>\n<!-- \/ Yoast SEO Premium plugin. -->","yoast_head_json":{"title":"Entdecke mit unserem Life Coaching deine innere St\u00e4rke - sei DU!","description":"Es ist an der Zeit, dich selbst zu entdecken und die Vergangenheit hinter dir zu lassen. Erfahre, wie du Selbstsicherheit aufbaust.","robots":{"index":"index","follow":"follow","max-snippet":"max-snippet:-1","max-image-preview":"max-image-preview:large","max-video-preview":"max-video-preview:-1"},"canonical":"https:\/\/fidertas-awareness.com\/en\/produkt\/einzelcoaching-innere-staerke\/","og_locale":"en_US","og_type":"article","og_title":"Entdecke mit unserem Coaching deine Kraft und innere St\u00e4rke - sei einfach DU (45 min)","og_description":"Es ist an der Zeit, dich selbst zu entdecken und die Vergangenheit hinter dir zu lassen. Erfahre, wie du Selbstsicherheit aufbaust.","og_url":"https:\/\/fidertas-awareness.com\/en\/produkt\/einzelcoaching-innere-staerke\/","og_site_name":"Fidertas - Awareness","article_modified_time":"2025-10-03T07:51:43+00:00","og_image":[{"width":1890,"height":1890,"url":"https:\/\/fidertas-awareness.com\/wp-content\/uploads\/2024\/08\/2024-08-Einzelcoachings.jpg","type":"image\/jpeg"}],"twitter_card":"summary_large_image","twitter_misc":{"Est. reading time":"5 minutes"},"schema":{"@context":"https:\/\/schema.org","@graph":[{"@type":"WebPage","@id":"https:\/\/fidertas-awareness.com\/produkt\/einzelcoaching-innere-staerke\/","url":"https:\/\/fidertas-awareness.com\/produkt\/einzelcoaching-innere-staerke\/","name":"Entdecke mit unserem Life Coaching deine innere St\u00e4rke - sei DU!","isPartOf":{"@id":"https:\/\/fidertas-awareness.com\/#website"},"primaryImageOfPage":{"@id":"https:\/\/fidertas-awareness.com\/produkt\/einzelcoaching-innere-staerke\/#primaryimage"},"image":{"@id":"https:\/\/fidertas-awareness.com\/produkt\/einzelcoaching-innere-staerke\/#primaryimage"},"thumbnailUrl":"https:\/\/fidertas-awareness.com\/wp-content\/uploads\/2024\/08\/2024-08-Einzelcoachings.jpg","datePublished":"2024-08-20T07:18:38+00:00","dateModified":"2025-10-03T07:51:43+00:00","description":"Es ist an der Zeit, dich selbst zu entdecken und die Vergangenheit hinter dir zu lassen. Erfahre, wie du Selbstsicherheit aufbaust.","breadcrumb":{"@id":"https:\/\/fidertas-awareness.com\/produkt\/einzelcoaching-innere-staerke\/#breadcrumb"},"inLanguage":"en-US","potentialAction":[{"@type":"ReadAction","target":["https:\/\/fidertas-awareness.com\/produkt\/einzelcoaching-innere-staerke\/"]}]},{"@type":"ImageObject","inLanguage":"en-US","@id":"https:\/\/fidertas-awareness.com\/produkt\/einzelcoaching-innere-staerke\/#primaryimage","url":"https:\/\/fidertas-awareness.com\/wp-content\/uploads\/2024\/08\/2024-08-Einzelcoachings.jpg","contentUrl":"https:\/\/fidertas-awareness.com\/wp-content\/uploads\/2024\/08\/2024-08-Einzelcoachings.jpg","width":1890,"height":1890},{"@type":"BreadcrumbList","@id":"https:\/\/fidertas-awareness.com\/produkt\/einzelcoaching-innere-staerke\/#breadcrumb","itemListElement":[{"@type":"ListItem","position":1,"name":"Startseite","item":"https:\/\/fidertas-awareness.com\/"},{"@type":"ListItem","position":2,"name":"Shop","item":"https:\/\/fidertas-awareness.com\/shop\/"},{"@type":"ListItem","position":3,"name":"Entdecke mit unserem Coaching deine Kraft und innere St\u00e4rke &#8211; sei einfach DU (45 min)"}]},{"@type":"WebSite","@id":"https:\/\/fidertas-awareness.com\/#website","url":"https:\/\/fidertas-awareness.com\/","name":"Fidertas - Awareness","description":"","publisher":{"@id":"https:\/\/fidertas-awareness.com\/#organization"},"potentialAction":[{"@type":"SearchAction","target":{"@type":"EntryPoint","urlTemplate":"https:\/\/fidertas-awareness.com\/?s={search_term_string}"},"query-input":{"@type":"PropertyValueSpecification","valueRequired":true,"valueName":"search_term_string"}}],"inLanguage":"en-US"},{"@type":"Organization","@id":"https:\/\/fidertas-awareness.com\/#organization","name":"Fidertas - Awareness","url":"https:\/\/fidertas-awareness.com\/","logo":{"@type":"ImageObject","inLanguage":"en-US","@id":"https:\/\/fidertas-awareness.com\/#\/schema\/logo\/image\/","url":"https:\/\/fidertas-awareness.com\/wp-content\/uploads\/2023\/10\/cropped-Fidertas_Logo_RGB.png","contentUrl":"https:\/\/fidertas-awareness.com\/wp-content\/uploads\/2023\/10\/cropped-Fidertas_Logo_RGB.png","width":2160,"height":1181,"caption":"Fidertas - Awareness"},"image":{"@id":"https:\/\/fidertas-awareness.com\/#\/schema\/logo\/image\/"}}]}},"_links":{"self":[{"href":"https:\/\/fidertas-awareness.com\/en\/wp-json\/wp\/v2\/product\/8330","targetHints":{"allow":["GET"]}}],"collection":[{"href":"https:\/\/fidertas-awareness.com\/en\/wp-json\/wp\/v2\/product"}],"about":[{"href":"https:\/\/fidertas-awareness.com\/en\/wp-json\/wp\/v2\/types\/product"}],"replies":[{"embeddable":true,"href":"https:\/\/fidertas-awareness.com\/en\/wp-json\/wp\/v2\/comments?post=8330"}],"wp:featuredmedia":[{"embeddable":true,"href":"https:\/\/fidertas-awareness.com\/en\/wp-json\/wp\/v2\/media\/8331"}],"wp:attachment":[{"href":"https:\/\/fidertas-awareness.com\/en\/wp-json\/wp\/v2\/media?parent=8330"}],"wp:term":[{"taxonomy":"product_brand","embeddable":true,"href":"https:\/\/fidertas-awareness.com\/en\/wp-json\/wp\/v2\/product_brand?post=8330"},{"taxonomy":"product_cat","embeddable":true,"href":"https:\/\/fidertas-awareness.com\/en\/wp-json\/wp\/v2\/product_cat?post=8330"},{"taxonomy":"product_tag","embeddable":true,"href":"https:\/\/fidertas-awareness.com\/en\/wp-json\/wp\/v2\/product_tag?post=8330"}],"curies":[{"name":"wp","href":"https:\/\/api.w.org\/{rel}","templated":true}]}}