{"id":9536,"date":"2024-10-07T08:45:23","date_gmt":"2024-10-07T06:45:23","guid":{"rendered":"https:\/\/fidertas-awareness.com\/?post_type=product&#038;p=9536"},"modified":"2026-01-12T09:44:14","modified_gmt":"2026-01-12T08:44:14","slug":"express-kurs","status":"publish","type":"product","link":"https:\/\/fidertas-awareness.com\/en\/product\/express-kurs\/","title":{"rendered":"Express Course \u2013 Happiness begins with self-love!"},"content":{"rendered":"<h1 dir=\"ltr\">\u201e<span class=\"OYPEnA font-feature-liga-off font-feature-clig-off font-feature-calt-off text-decoration-none text-strikethrough-none\">Happiness begins with self-love<\/span>\u201c\u2013 into your new life!\u201d<\/h1>\n<h2 class=\"font-bold text-h3 leading-[36px] pt-[21px] pb-[2px] [&amp;_a]:underline-offset-[6px] [&amp;_.underline]:underline-offset-[6px]\" dir=\"ltr\"><b><strong class=\"font-bold\">Problems that many women struggle with:<\/strong><\/b><\/h2>\n<p class=\"text-body font-regular leading-[24px] pt-[9px] pb-[2px]\" dir=\"ltr\">\u274c <b><strong class=\"font-bold\">Uncertainty in dealing with conflicts<\/strong><\/b>Many women avoid confrontations and doubt their ability to handle them.<\/p>\n<p class=\"text-body font-regular leading-[24px] pt-[9px] pb-[2px]\" dir=\"ltr\">\ud83d\udea8 <b><strong class=\"font-bold\">Low self-esteem<\/strong><\/b>You have a feeling of inadequacy and doubts about your worth.<\/p>\n<p class=\"text-body font-regular leading-[24px] pt-[9px] pb-[2px]\" dir=\"ltr\">\u274c <b><strong class=\"font-bold\">External control<\/strong><\/b>External influences such as work, family, or partnerships control your life.<\/p>\n<p class=\"text-body font-regular leading-[24px] pt-[9px] pb-[2px]\" dir=\"ltr\">\ud83d\udea8 <b><strong class=\"font-bold\">Loss of passion and joy of life<\/strong><\/b>The inner flame seems to have gone out, and the motivation to follow your true dreams is lacking.<\/p>\n<p class=\"text-body font-regular leading-[24px] pt-[9px] pb-[2px]\" dir=\"ltr\">\u274c <b><strong class=\"font-bold\">Negative body image<\/strong><\/b>: Dissatisfaction with your body and you find it difficult to develop a positive self-image.<\/p>\n<p class=\"text-body font-regular leading-[24px] pt-[9px] pb-[2px]\" dir=\"ltr\">\ud83d\udea8 <b><strong class=\"font-bold\">Emotional blocks from the past<\/strong><\/b>You are burdened by past experiences that negatively affect your everyday life.<\/p>\n<p>&nbsp;<\/p>\n<h2 class=\"font-bold text-h3 leading-[36px] pt-[21px] pb-[2px] [&amp;_a]:underline-offset-[6px] [&amp;_.underline]:underline-offset-[6px]\" dir=\"ltr\"><b><strong class=\"font-bold\">This course lays the foundation for:<\/strong><\/b><\/h2>\n<p class=\"text-body font-regular leading-[24px] pt-[9px] pb-[2px]\" dir=\"ltr\">\u2705 <b><strong class=\"font-bold\">Confidently mastering conflicts<\/strong><\/b>Develop the confidence to overcome challenges with strength and determination.<\/p>\n<p class=\"text-body font-regular leading-[24px] pt-[9px] pb-[2px]\" dir=\"ltr\">\ud83d\udc95 <b><strong class=\"font-bold\">Leading a self-determined life<\/strong><\/b>Shape your life according to your needs and experience true personal success.<\/p>\n<p class=\"text-body font-regular leading-[24px] pt-[9px] pb-[2px]\" dir=\"ltr\">\u2705 <b><strong class=\"font-bold\">Overcoming external control<\/strong><\/b>Take control of your life and make your own decisions.<\/p>\n<p class=\"text-body font-regular leading-[24px] pt-[9px] pb-[2px]\" dir=\"ltr\">\ud83d\udc95 <b><strong class=\"font-bold\">Achieving emotional freedom<\/strong><\/b>Leave past obstacles behind and start fresh with renewed energy.<\/p>\n<p class=\"text-body font-regular leading-[24px] pt-[9px] pb-[2px]\" dir=\"ltr\">\u2705 <b><strong class=\"font-bold\">Cultivating fulfilling relationships<\/strong><\/b>Improve your connections with others and cultivate respectful and harmonious relationships.<\/p>\n<p class=\"text-body font-regular leading-[24px] pt-[9px] pb-[2px]\" dir=\"ltr\">\ud83d\udc95 <b><strong class=\"font-bold\">Strengthening body awareness<\/strong><\/b>Develop a healthy relationship with your body and appreciate your uniqueness.<\/p>\n<hr \/>\n<h2 class=\"text-body font-regular leading-[24px] pt-[9px] pb-[2px]\" dir=\"ltr\"><span class=\"font-bold\"><b>Here&#039;s what you can expect:\u00a0<\/b><\/span><\/h2>\n<p class=\"cvGsUA direction-ltr align-center para-style-body\"><span class=\"OYPEnA font-feature-liga-off font-feature-clig-off font-feature-calt-off text-decoration-none text-strikethrough-none\"><strong><em>DAY 1 \u201eMy beliefs and views about myself\u201c<\/em><\/strong>: <\/span><span class=\"OYPEnA font-feature-liga-off font-feature-clig-off font-feature-calt-off text-decoration-none text-strikethrough-none\">Your personal beliefs about yourself are a central part of your identity. They reflect your values, <\/span><span class=\"OYPEnA font-feature-liga-off font-feature-clig-off font-feature-calt-off text-decoration-none text-strikethrough-none\">reflect your strengths and your goals.<\/span><\/p>\n<p class=\"cvGsUA direction-ltr align-center para-style-body\"><span class=\"OYPEnA font-feature-liga-off font-feature-clig-off font-feature-calt-off text-decoration-none text-strikethrough-none\"><strong><em>DAY 2 \u201ePromoting Resilience\u201c<\/em><\/strong>: <\/span><span class=\"OYPEnA font-feature-liga-off font-feature-clig-off font-feature-calt-off text-decoration-none text-strikethrough-none\">Developing resilience is of great importance, as it helps you to successfully overcome challenges and defeat setbacks.<\/span><\/p>\n<p class=\"cvGsUA direction-ltr align-center para-style-body\"><span class=\"OYPEnA font-feature-liga-off font-feature-clig-off font-feature-calt-off text-decoration-none text-strikethrough-none\"><strong><em>DAY 3 \u201eSetting valuable goals\u201c<\/em><\/strong>: <\/span><span class=\"OYPEnA font-feature-liga-off font-feature-clig-off font-feature-calt-off text-decoration-none text-strikethrough-none\">By setting goals that are aligned with your own values and desires, you will find the motivation to achieve these goals. <\/span><span class=\"OYPEnA font-feature-liga-off font-feature-clig-off font-feature-calt-off text-decoration-none text-strikethrough-none\">to achieve and lead a fulfilling life.<\/span><\/p>\n<p class=\"cvGsUA direction-ltr align-center para-style-body\"><span class=\"OYPEnA font-feature-liga-off font-feature-clig-off font-feature-calt-off text-decoration-none text-strikethrough-none\"><strong><em>DAY 4 \u201eQuickly integrate self-love and self-compassion into everyday life\u201c<\/em><\/strong>: <\/span><span class=\"OYPEnA font-feature-liga-off font-feature-clig-off font-feature-calt-off text-decoration-none text-strikethrough-none\">By treating yourself with kindness and acceptance, you strengthen your inner well-being.<\/span><\/p>\n<hr \/>\n<p dir=\"ltr\">After your purchase, you will receive your workbook. This document contains all explanations, exercises, and links to the videos. The videos were pre-recorded, and you can access the video\/audio recordings via the link.<\/p>\n<p dir=\"ltr\">This 4-day course addresses fundamental aspects of your personality. It does not include a personality analysis and serves only as an introduction to the broader topic of personality development.<\/p>\n<p class=\"text-body font-regular leading-[24px] pt-[9px] pb-[2px]\" dir=\"ltr\"><b><span class=\"font-bold\">Don&#039;t miss this unique opportunity to shape your life in a positive way.\u00a0<\/span><u><span class=\"font-bold underline underline-offset-4\">Order today<\/span><\/u><span class=\"font-bold\">!\u00a0<\/span><\/b><\/p>\n<p>&nbsp;<\/p>\n<h4 class=\"text-body font-regular leading-[24px] pt-[9px] pb-[2px]\" dir=\"ltr\"><b>\ud835\udcd3\ud835\udcee\ud835\udcf2\ud835\udcf7\ud835\udcee \ud835\udcd9\ud835\udcfe\ud835\udcf5\ud835\udcf2\ud835\udcea &amp; \ud835\udced\ud835\udcee\ud835\udcf2\ud835\udcf7 \ud835\udce2\ud835\udcfd\ud835\udcee\ud835\udcef\ud835\udcef\ud835\udcee\ud835\udcf7<\/b><\/h4>\n<p dir=\"ltr\">Please note our <a href=\"https:\/\/fidertas-awareness.com\/en\/disclaimer\/\">Disclaimer for medical and therapeutic cases<\/a>.<\/p>\n<p><strong>NOTE: The courses and all course materials (especially workbooks, documents, and videos) are provided exclusively in German. They are not available in other languages.<\/strong><\/p>","protected":false},"excerpt":{"rendered":"<p class=\"cvGsUA direction-ltr align-justify para-style-body\">During these four days you will intensively engage with your <strong>Beliefs and opinions about you<\/strong> deal with it yourself.<\/p>\n<p class=\"cvGsUA direction-ltr align-justify para-style-body\">You <strong>You strengthen your resilience<\/strong> and <strong>Set yourself new personal goals<\/strong>.<\/p>\n<p>&nbsp;<\/p>\n<p>Note: Workbooks and videos are only available in German.<\/p>","protected":false},"featured_media":9537,"comment_status":"open","ping_status":"closed","template":"","meta":{"_acf_changed":false},"product_brand":[],"product_cat":[45],"product_tag":[],"class_list":{"0":"post-9536","1":"product","2":"type-product","3":"status-publish","4":"has-post-thumbnail","6":"product_cat-schnellstart-kurse-shop","8":"first","9":"instock","10":"sale","11":"downloadable","12":"virtual","13":"taxable","14":"purchasable","15":"product-type-simple"},"acf":[],"yoast_head":"<!-- This site is optimized with the Yoast SEO Premium plugin v23.1 (Yoast SEO v26.6) - https:\/\/yoast.com\/wordpress\/plugins\/seo\/ -->\n<title>Express Kurs - Gl\u00fcck beginnt mit Selbstliebe<\/title>\n<meta name=\"description\" content=\"In nur vier Tagen zu mehr Selbstmitgef\u00fchl, innerer St\u00e4rke und Zufriedenheit. Ver\u00e4ndere jetzt dein Leben zum Positiven. Du bist wertvoll!\" \/>\n<meta name=\"robots\" content=\"index, follow, max-snippet:-1, max-image-preview:large, max-video-preview:-1\" \/>\n<link rel=\"canonical\" href=\"https:\/\/fidertas-awareness.com\/en\/produkt\/express-kurs\/\" \/>\n<meta property=\"og:locale\" content=\"en_US\" \/>\n<meta property=\"og:type\" content=\"article\" \/>\n<meta property=\"og:title\" content=\"Express Kurs - Gl\u00fcck beginnt mit Selbstliebe!\" \/>\n<meta property=\"og:description\" content=\"In nur vier Tagen zu mehr Selbstmitgef\u00fchl, innerer St\u00e4rke und Zufriedenheit. Ver\u00e4ndere jetzt dein Leben zum Positiven. Du bist wertvoll!\" \/>\n<meta property=\"og:url\" content=\"https:\/\/fidertas-awareness.com\/en\/produkt\/express-kurs\/\" \/>\n<meta property=\"og:site_name\" content=\"Fidertas - Awareness\" \/>\n<meta property=\"article:modified_time\" content=\"2026-01-12T08:44:14+00:00\" \/>\n<meta property=\"og:image\" content=\"https:\/\/fidertas-awareness.com\/wp-content\/uploads\/2024\/10\/glueck-beginnt-mit-selbstliebe.jpg\" \/>\n\t<meta property=\"og:image:width\" content=\"2160\" \/>\n\t<meta property=\"og:image:height\" content=\"2160\" \/>\n\t<meta property=\"og:image:type\" content=\"image\/jpeg\" \/>\n<meta name=\"twitter:card\" content=\"summary_large_image\" \/>\n<meta name=\"twitter:label1\" content=\"Est. reading time\" \/>\n\t<meta name=\"twitter:data1\" content=\"3 minutes\" \/>\n<script type=\"application\/ld+json\" class=\"yoast-schema-graph\">{\"@context\":\"https:\/\/schema.org\",\"@graph\":[{\"@type\":\"WebPage\",\"@id\":\"https:\/\/fidertas-awareness.com\/produkt\/express-kurs\/\",\"url\":\"https:\/\/fidertas-awareness.com\/produkt\/express-kurs\/\",\"name\":\"Express Kurs - Gl\u00fcck beginnt mit Selbstliebe\",\"isPartOf\":{\"@id\":\"https:\/\/fidertas-awareness.com\/#website\"},\"primaryImageOfPage\":{\"@id\":\"https:\/\/fidertas-awareness.com\/produkt\/express-kurs\/#primaryimage\"},\"image\":{\"@id\":\"https:\/\/fidertas-awareness.com\/produkt\/express-kurs\/#primaryimage\"},\"thumbnailUrl\":\"https:\/\/fidertas-awareness.com\/wp-content\/uploads\/2024\/10\/glueck-beginnt-mit-selbstliebe.jpg\",\"datePublished\":\"2024-10-07T06:45:23+00:00\",\"dateModified\":\"2026-01-12T08:44:14+00:00\",\"description\":\"In nur vier Tagen zu mehr Selbstmitgef\u00fchl, innerer St\u00e4rke und Zufriedenheit. Ver\u00e4ndere jetzt dein Leben zum Positiven. Du bist wertvoll!\",\"breadcrumb\":{\"@id\":\"https:\/\/fidertas-awareness.com\/produkt\/express-kurs\/#breadcrumb\"},\"inLanguage\":\"en-US\",\"potentialAction\":[{\"@type\":\"ReadAction\",\"target\":[\"https:\/\/fidertas-awareness.com\/produkt\/express-kurs\/\"]}]},{\"@type\":\"ImageObject\",\"inLanguage\":\"en-US\",\"@id\":\"https:\/\/fidertas-awareness.com\/produkt\/express-kurs\/#primaryimage\",\"url\":\"https:\/\/fidertas-awareness.com\/wp-content\/uploads\/2024\/10\/glueck-beginnt-mit-selbstliebe.jpg\",\"contentUrl\":\"https:\/\/fidertas-awareness.com\/wp-content\/uploads\/2024\/10\/glueck-beginnt-mit-selbstliebe.jpg\",\"width\":2160,\"height\":2160,\"caption\":\"In nur vier Tagen zu mehr Selbstmitgef\u00fchl, innerer St\u00e4rke und Zufriedenheit.\"},{\"@type\":\"BreadcrumbList\",\"@id\":\"https:\/\/fidertas-awareness.com\/produkt\/express-kurs\/#breadcrumb\",\"itemListElement\":[{\"@type\":\"ListItem\",\"position\":1,\"name\":\"Startseite\",\"item\":\"https:\/\/fidertas-awareness.com\/\"},{\"@type\":\"ListItem\",\"position\":2,\"name\":\"Shop\",\"item\":\"https:\/\/fidertas-awareness.com\/shop\/\"},{\"@type\":\"ListItem\",\"position\":3,\"name\":\"Express Kurs &#8211; Gl\u00fcck beginnt mit Selbstliebe!\"}]},{\"@type\":\"WebSite\",\"@id\":\"https:\/\/fidertas-awareness.com\/#website\",\"url\":\"https:\/\/fidertas-awareness.com\/\",\"name\":\"Fidertas - Awareness\",\"description\":\"\",\"publisher\":{\"@id\":\"https:\/\/fidertas-awareness.com\/#organization\"},\"potentialAction\":[{\"@type\":\"SearchAction\",\"target\":{\"@type\":\"EntryPoint\",\"urlTemplate\":\"https:\/\/fidertas-awareness.com\/?s={search_term_string}\"},\"query-input\":{\"@type\":\"PropertyValueSpecification\",\"valueRequired\":true,\"valueName\":\"search_term_string\"}}],\"inLanguage\":\"en-US\"},{\"@type\":\"Organization\",\"@id\":\"https:\/\/fidertas-awareness.com\/#organization\",\"name\":\"Fidertas - Awareness\",\"url\":\"https:\/\/fidertas-awareness.com\/\",\"logo\":{\"@type\":\"ImageObject\",\"inLanguage\":\"en-US\",\"@id\":\"https:\/\/fidertas-awareness.com\/#\/schema\/logo\/image\/\",\"url\":\"https:\/\/fidertas-awareness.com\/wp-content\/uploads\/2023\/10\/cropped-Fidertas_Logo_RGB.png\",\"contentUrl\":\"https:\/\/fidertas-awareness.com\/wp-content\/uploads\/2023\/10\/cropped-Fidertas_Logo_RGB.png\",\"width\":2160,\"height\":1181,\"caption\":\"Fidertas - Awareness\"},\"image\":{\"@id\":\"https:\/\/fidertas-awareness.com\/#\/schema\/logo\/image\/\"}}]}<\/script>\n<!-- \/ Yoast SEO Premium plugin. -->","yoast_head_json":{"title":"Express Kurs - Gl\u00fcck beginnt mit Selbstliebe","description":"In nur vier Tagen zu mehr Selbstmitgef\u00fchl, innerer St\u00e4rke und Zufriedenheit. Ver\u00e4ndere jetzt dein Leben zum Positiven. Du bist wertvoll!","robots":{"index":"index","follow":"follow","max-snippet":"max-snippet:-1","max-image-preview":"max-image-preview:large","max-video-preview":"max-video-preview:-1"},"canonical":"https:\/\/fidertas-awareness.com\/en\/produkt\/express-kurs\/","og_locale":"en_US","og_type":"article","og_title":"Express Kurs - Gl\u00fcck beginnt mit Selbstliebe!","og_description":"In nur vier Tagen zu mehr Selbstmitgef\u00fchl, innerer St\u00e4rke und Zufriedenheit. Ver\u00e4ndere jetzt dein Leben zum Positiven. Du bist wertvoll!","og_url":"https:\/\/fidertas-awareness.com\/en\/produkt\/express-kurs\/","og_site_name":"Fidertas - Awareness","article_modified_time":"2026-01-12T08:44:14+00:00","og_image":[{"width":2160,"height":2160,"url":"https:\/\/fidertas-awareness.com\/wp-content\/uploads\/2024\/10\/glueck-beginnt-mit-selbstliebe.jpg","type":"image\/jpeg"}],"twitter_card":"summary_large_image","twitter_misc":{"Est. reading time":"3 minutes"},"schema":{"@context":"https:\/\/schema.org","@graph":[{"@type":"WebPage","@id":"https:\/\/fidertas-awareness.com\/produkt\/express-kurs\/","url":"https:\/\/fidertas-awareness.com\/produkt\/express-kurs\/","name":"Express Kurs - Gl\u00fcck beginnt mit Selbstliebe","isPartOf":{"@id":"https:\/\/fidertas-awareness.com\/#website"},"primaryImageOfPage":{"@id":"https:\/\/fidertas-awareness.com\/produkt\/express-kurs\/#primaryimage"},"image":{"@id":"https:\/\/fidertas-awareness.com\/produkt\/express-kurs\/#primaryimage"},"thumbnailUrl":"https:\/\/fidertas-awareness.com\/wp-content\/uploads\/2024\/10\/glueck-beginnt-mit-selbstliebe.jpg","datePublished":"2024-10-07T06:45:23+00:00","dateModified":"2026-01-12T08:44:14+00:00","description":"In nur vier Tagen zu mehr Selbstmitgef\u00fchl, innerer St\u00e4rke und Zufriedenheit. Ver\u00e4ndere jetzt dein Leben zum Positiven. Du bist wertvoll!","breadcrumb":{"@id":"https:\/\/fidertas-awareness.com\/produkt\/express-kurs\/#breadcrumb"},"inLanguage":"en-US","potentialAction":[{"@type":"ReadAction","target":["https:\/\/fidertas-awareness.com\/produkt\/express-kurs\/"]}]},{"@type":"ImageObject","inLanguage":"en-US","@id":"https:\/\/fidertas-awareness.com\/produkt\/express-kurs\/#primaryimage","url":"https:\/\/fidertas-awareness.com\/wp-content\/uploads\/2024\/10\/glueck-beginnt-mit-selbstliebe.jpg","contentUrl":"https:\/\/fidertas-awareness.com\/wp-content\/uploads\/2024\/10\/glueck-beginnt-mit-selbstliebe.jpg","width":2160,"height":2160,"caption":"In nur vier Tagen zu mehr Selbstmitgef\u00fchl, innerer St\u00e4rke und Zufriedenheit."},{"@type":"BreadcrumbList","@id":"https:\/\/fidertas-awareness.com\/produkt\/express-kurs\/#breadcrumb","itemListElement":[{"@type":"ListItem","position":1,"name":"Startseite","item":"https:\/\/fidertas-awareness.com\/"},{"@type":"ListItem","position":2,"name":"Shop","item":"https:\/\/fidertas-awareness.com\/shop\/"},{"@type":"ListItem","position":3,"name":"Express Kurs &#8211; Gl\u00fcck beginnt mit Selbstliebe!"}]},{"@type":"WebSite","@id":"https:\/\/fidertas-awareness.com\/#website","url":"https:\/\/fidertas-awareness.com\/","name":"Fidertas - Awareness","description":"","publisher":{"@id":"https:\/\/fidertas-awareness.com\/#organization"},"potentialAction":[{"@type":"SearchAction","target":{"@type":"EntryPoint","urlTemplate":"https:\/\/fidertas-awareness.com\/?s={search_term_string}"},"query-input":{"@type":"PropertyValueSpecification","valueRequired":true,"valueName":"search_term_string"}}],"inLanguage":"en-US"},{"@type":"Organization","@id":"https:\/\/fidertas-awareness.com\/#organization","name":"Fidertas - Awareness","url":"https:\/\/fidertas-awareness.com\/","logo":{"@type":"ImageObject","inLanguage":"en-US","@id":"https:\/\/fidertas-awareness.com\/#\/schema\/logo\/image\/","url":"https:\/\/fidertas-awareness.com\/wp-content\/uploads\/2023\/10\/cropped-Fidertas_Logo_RGB.png","contentUrl":"https:\/\/fidertas-awareness.com\/wp-content\/uploads\/2023\/10\/cropped-Fidertas_Logo_RGB.png","width":2160,"height":1181,"caption":"Fidertas - Awareness"},"image":{"@id":"https:\/\/fidertas-awareness.com\/#\/schema\/logo\/image\/"}}]}},"_links":{"self":[{"href":"https:\/\/fidertas-awareness.com\/en\/wp-json\/wp\/v2\/product\/9536","targetHints":{"allow":["GET"]}}],"collection":[{"href":"https:\/\/fidertas-awareness.com\/en\/wp-json\/wp\/v2\/product"}],"about":[{"href":"https:\/\/fidertas-awareness.com\/en\/wp-json\/wp\/v2\/types\/product"}],"replies":[{"embeddable":true,"href":"https:\/\/fidertas-awareness.com\/en\/wp-json\/wp\/v2\/comments?post=9536"}],"wp:featuredmedia":[{"embeddable":true,"href":"https:\/\/fidertas-awareness.com\/en\/wp-json\/wp\/v2\/media\/9537"}],"wp:attachment":[{"href":"https:\/\/fidertas-awareness.com\/en\/wp-json\/wp\/v2\/media?parent=9536"}],"wp:term":[{"taxonomy":"product_brand","embeddable":true,"href":"https:\/\/fidertas-awareness.com\/en\/wp-json\/wp\/v2\/product_brand?post=9536"},{"taxonomy":"product_cat","embeddable":true,"href":"https:\/\/fidertas-awareness.com\/en\/wp-json\/wp\/v2\/product_cat?post=9536"},{"taxonomy":"product_tag","embeddable":true,"href":"https:\/\/fidertas-awareness.com\/en\/wp-json\/wp\/v2\/product_tag?post=9536"}],"curies":[{"name":"wp","href":"https:\/\/api.w.org\/{rel}","templated":true}]}}